{"id":137586,"date":"2025-05-18T22:56:13","date_gmt":"2025-05-18T22:56:13","guid":{"rendered":"https:\/\/staging2.stylingagenten.com\/fi\/produkt\/acqua-di-parma-blu-mediterraneo-mirto-di-panarea-roll-on-edt-10ml\/"},"modified":"2026-04-11T11:08:47","modified_gmt":"2026-04-11T11:08:47","slug":"acqua-di-parma-blu-mediterraneo-mirto-di-panarea-roll-on-edt-10ml","status":"publish","type":"product","link":"https:\/\/stylingagenten.com\/fi\/tuote\/acqua-di-parma-blu-mediterraneo-mirto-di-panarea-roll-on-edt-10ml\/","title":{"rendered":"Acqua di Parma Blu Mediterraneo Mirto di Panarea Roll On Edt 10ml"},"content":{"rendered":"<p>Acqua di Parman Blu Mediterraneo Mirto Di Panarea pyyhk\u00e4isee raikkaan v\u00e4limerellisen tuulen ihollesi tuoreilla ja virkist\u00e4viss\u00e4 sitruunan, myrtin ja basilikan sitrushedelmill\u00e4. Energinen ja viilent\u00e4v\u00e4 tuoksu, joka tuo mieleen viile\u00e4t kes\u00e4y\u00f6t ja nostalgisen romanssin. Tuoksuperhe: aromaattinen\/puinen alkutuoksu: myrtti, basilika ja sitruuna Syd\u00e4ntuoksu: vesi, ruusut ja jasmiini Pohjatuoksu: meripihka, setripuu ja kataja<\/p>\n","protected":false},"excerpt":{"rendered":"<p>Acqua di Parman Blu Mediterraneo Mirto Di Panarea pyyhk\u00e4isee raikkaan v\u00e4limerellisen tuulen ihollesi tuoreilla ja virkist\u00e4viss\u00e4 sitruunan, myrtin ja basilikan sitrushedelmill\u00e4. Energinen ja viilent\u00e4v\u00e4 tuoksu, joka tuo mieleen viile\u00e4t kes\u00e4y\u00f6t ja nostalgisen romanssin. Tuoksuperhe: aromaattinen\/puinen alkutuoksu: myrtti, basilika ja sitruuna Syd\u00e4ntuoksu: vesi, ruusut ja jasmiini Pohjatuoksu: meripihka, setripuu ja kataja<\/p>\n","protected":false},"featured_media":137580,"comment_status":"open","ping_status":"closed","template":"","meta":{"_trash_the_other_posts":false},"product_brand":[],"product_cat":[730,1000,735],"product_tag":[],"berocket_brand":[1161],"class_list":{"0":"post-137586","1":"product","2":"type-product","3":"status-publish","4":"has-post-thumbnail","6":"product_cat-eau-de-toilette-unisex","7":"product_cat-kampanjatarjous-miehelle","8":"product_cat-kampanjamme","9":"pa_brand-acqua-di-parma","10":"berocket_brand-acqua-di-parma","12":"first","13":"instock","14":"sale","15":"taxable","16":"shipping-taxable","17":"purchasable","18":"product-type-simple"},"_links":{"self":[{"href":"https:\/\/stylingagenten.com\/fi\/wp-json\/wp\/v2\/product\/137586","targetHints":{"allow":["GET"]}}],"collection":[{"href":"https:\/\/stylingagenten.com\/fi\/wp-json\/wp\/v2\/product"}],"about":[{"href":"https:\/\/stylingagenten.com\/fi\/wp-json\/wp\/v2\/types\/product"}],"replies":[{"embeddable":true,"href":"https:\/\/stylingagenten.com\/fi\/wp-json\/wp\/v2\/comments?post=137586"}],"version-history":[{"count":0,"href":"https:\/\/stylingagenten.com\/fi\/wp-json\/wp\/v2\/product\/137586\/revisions"}],"wp:featuredmedia":[{"embeddable":true,"href":"https:\/\/stylingagenten.com\/fi\/wp-json\/wp\/v2\/media\/137580"}],"wp:attachment":[{"href":"https:\/\/stylingagenten.com\/fi\/wp-json\/wp\/v2\/media?parent=137586"}],"wp:term":[{"taxonomy":"product_brand","embeddable":true,"href":"https:\/\/stylingagenten.com\/fi\/wp-json\/wp\/v2\/product_brand?post=137586"},{"taxonomy":"product_cat","embeddable":true,"href":"https:\/\/stylingagenten.com\/fi\/wp-json\/wp\/v2\/product_cat?post=137586"},{"taxonomy":"product_tag","embeddable":true,"href":"https:\/\/stylingagenten.com\/fi\/wp-json\/wp\/v2\/product_tag?post=137586"},{"taxonomy":"berocket_brand","embeddable":true,"href":"https:\/\/stylingagenten.com\/fi\/wp-json\/wp\/v2\/berocket_brand?post=137586"}],"curies":[{"name":"wp","href":"https:\/\/api.w.org\/{rel}","templated":true}]}}