{"id":137539,"date":"2025-05-18T22:56:03","date_gmt":"2025-05-18T22:56:03","guid":{"rendered":"https:\/\/staging2.stylingagenten.com\/fi\/produkt\/sergio-tacchini-splendida-edt-100ml\/"},"modified":"2026-03-27T13:08:41","modified_gmt":"2026-03-27T13:08:41","slug":"sergio-tacchini-splendida-edt-100ml","status":"publish","type":"product","link":"https:\/\/stylingagenten.com\/fi\/tuote\/sergio-tacchini-splendida-edt-100ml\/","title":{"rendered":"Sergio Tacchini Splendida Edt 100ml"},"content":{"rendered":"<p>Sergio Tacchini Splendida on luotu hienostuneelle ja viettelev\u00e4lle naiselle, jossa valkoisen persikan samettiset nuotit leikkiv\u00e4t bergamotin kirkastaman mantelin gourmandien kanssa. Alkutuoksu: bergamotti, manteli, valkoinen persikka Syd\u00e4ntuoksu: jasmiini, orris, pioni Pohjatuoksu: setripuu Virginia NT, hunaja, tonkapavut<\/p>\n","protected":false},"excerpt":{"rendered":"<p>Sergio Tacchini Splendida on luotu hienostuneelle ja viettelev\u00e4lle naiselle, jossa valkoisen persikan samettiset nuotit leikkiv\u00e4t bergamotin kirkastaman mantelin gourmandien kanssa. Alkutuoksu: bergamotti, manteli, valkoinen persikka Syd\u00e4ntuoksu: jasmiini, orris, pioni Pohjatuoksu: setripuu Virginia NT, hunaja, tonkapavut<\/p>\n","protected":false},"featured_media":137532,"comment_status":"open","ping_status":"closed","template":"","meta":{"_trash_the_other_posts":false},"product_brand":[],"product_cat":[1000,707,735],"product_tag":[],"berocket_brand":[1130],"class_list":{"0":"post-137539","1":"product","2":"type-product","3":"status-publish","4":"has-post-thumbnail","6":"product_cat-kampanjatarjous-miehelle","7":"product_cat-naisten-eau-de-toilette","8":"product_cat-kampanjamme","9":"pa_brand-sergio-tacchini","10":"berocket_brand-sergio-tacchini","12":"first","13":"instock","14":"sale","15":"taxable","16":"shipping-taxable","17":"purchasable","18":"product-type-simple"},"_links":{"self":[{"href":"https:\/\/stylingagenten.com\/fi\/wp-json\/wp\/v2\/product\/137539","targetHints":{"allow":["GET"]}}],"collection":[{"href":"https:\/\/stylingagenten.com\/fi\/wp-json\/wp\/v2\/product"}],"about":[{"href":"https:\/\/stylingagenten.com\/fi\/wp-json\/wp\/v2\/types\/product"}],"replies":[{"embeddable":true,"href":"https:\/\/stylingagenten.com\/fi\/wp-json\/wp\/v2\/comments?post=137539"}],"version-history":[{"count":0,"href":"https:\/\/stylingagenten.com\/fi\/wp-json\/wp\/v2\/product\/137539\/revisions"}],"wp:featuredmedia":[{"embeddable":true,"href":"https:\/\/stylingagenten.com\/fi\/wp-json\/wp\/v2\/media\/137532"}],"wp:attachment":[{"href":"https:\/\/stylingagenten.com\/fi\/wp-json\/wp\/v2\/media?parent=137539"}],"wp:term":[{"taxonomy":"product_brand","embeddable":true,"href":"https:\/\/stylingagenten.com\/fi\/wp-json\/wp\/v2\/product_brand?post=137539"},{"taxonomy":"product_cat","embeddable":true,"href":"https:\/\/stylingagenten.com\/fi\/wp-json\/wp\/v2\/product_cat?post=137539"},{"taxonomy":"product_tag","embeddable":true,"href":"https:\/\/stylingagenten.com\/fi\/wp-json\/wp\/v2\/product_tag?post=137539"},{"taxonomy":"berocket_brand","embeddable":true,"href":"https:\/\/stylingagenten.com\/fi\/wp-json\/wp\/v2\/berocket_brand?post=137539"}],"curies":[{"name":"wp","href":"https:\/\/api.w.org\/{rel}","templated":true}]}}