{"id":137528,"date":"2025-05-18T22:56:01","date_gmt":"2025-05-18T22:56:01","guid":{"rendered":"https:\/\/staging2.stylingagenten.com\/fi\/produkt\/paco-rabanne-pour-homme-edt-100ml\/"},"modified":"2026-04-05T14:28:35","modified_gmt":"2026-04-05T14:28:35","slug":"paco-rabanne-pour-homme-edt-100ml","status":"publish","type":"product","link":"https:\/\/stylingagenten.com\/fi\/tuote\/paco-rabanne-pour-homme-edt-100ml\/","title":{"rendered":"Paco Rabanne Pour Homme Edt 100ml"},"content":{"rendered":"<p>Paco Rabanne Pour Homme lanseerattiin vuonna 1973, ja siit\u00e4 l\u00e4htien se on ollut ajaton hajuvesi hienostuneelle ja el\u00e4m\u00e4st\u00e4 nauttivalle miehelle. Se on aromaattinen ja puinen hajuvesi, jossa on mausteisia elementtej\u00e4, jotka antavat sille maskuliinisen ja puhtaan tuoksun.<\/p>\n<p><strong>Tuoksutuoksu:<\/strong> jacarandapuu, rosmariini, salvia, laventeli, geranium, tonkapapu, myski, sammal, meripihka &amp; amp; kulta.<\/p>\n","protected":false},"excerpt":{"rendered":"<p>Paco Rabanne Pour Homme lanseerattiin vuonna 1973, ja siit\u00e4 l\u00e4htien se on ollut ajaton hajuvesi hienostuneelle ja el\u00e4m\u00e4st\u00e4 nauttivalle miehelle. Se on aromaattinen ja puinen hajuvesi, jossa on mausteisia elementtej\u00e4, jotka antavat sille maskuliinisen ja puhtaan tuoksun. Tuoksutuoksu: jacarandapuu, rosmariini, salvia, laventeli, geranium, tonkapapu, myski, sammal, meripihka &amp; amp; kulta.<\/p>\n","protected":false},"featured_media":137526,"comment_status":"open","ping_status":"closed","template":"","meta":{"_trash_the_other_posts":false},"product_brand":[],"product_cat":[1000,709,735],"product_tag":[],"berocket_brand":[1048],"class_list":{"0":"post-137528","1":"product","2":"type-product","3":"status-publish","4":"has-post-thumbnail","6":"product_cat-kampanjatarjous-miehelle","7":"product_cat-miesten-eau-de-toilette","8":"product_cat-kampanjamme","9":"pa_brand-paco-rabanne","10":"berocket_brand-paco-rabanne","12":"first","13":"instock","14":"sale","15":"taxable","16":"shipping-taxable","17":"purchasable","18":"product-type-simple"},"_links":{"self":[{"href":"https:\/\/stylingagenten.com\/fi\/wp-json\/wp\/v2\/product\/137528","targetHints":{"allow":["GET"]}}],"collection":[{"href":"https:\/\/stylingagenten.com\/fi\/wp-json\/wp\/v2\/product"}],"about":[{"href":"https:\/\/stylingagenten.com\/fi\/wp-json\/wp\/v2\/types\/product"}],"replies":[{"embeddable":true,"href":"https:\/\/stylingagenten.com\/fi\/wp-json\/wp\/v2\/comments?post=137528"}],"version-history":[{"count":0,"href":"https:\/\/stylingagenten.com\/fi\/wp-json\/wp\/v2\/product\/137528\/revisions"}],"wp:featuredmedia":[{"embeddable":true,"href":"https:\/\/stylingagenten.com\/fi\/wp-json\/wp\/v2\/media\/137526"}],"wp:attachment":[{"href":"https:\/\/stylingagenten.com\/fi\/wp-json\/wp\/v2\/media?parent=137528"}],"wp:term":[{"taxonomy":"product_brand","embeddable":true,"href":"https:\/\/stylingagenten.com\/fi\/wp-json\/wp\/v2\/product_brand?post=137528"},{"taxonomy":"product_cat","embeddable":true,"href":"https:\/\/stylingagenten.com\/fi\/wp-json\/wp\/v2\/product_cat?post=137528"},{"taxonomy":"product_tag","embeddable":true,"href":"https:\/\/stylingagenten.com\/fi\/wp-json\/wp\/v2\/product_tag?post=137528"},{"taxonomy":"berocket_brand","embeddable":true,"href":"https:\/\/stylingagenten.com\/fi\/wp-json\/wp\/v2\/berocket_brand?post=137528"}],"curies":[{"name":"wp","href":"https:\/\/api.w.org\/{rel}","templated":true}]}}