{"id":137523,"date":"2025-05-18T22:55:59","date_gmt":"2025-05-18T22:55:59","guid":{"rendered":"https:\/\/staging2.stylingagenten.com\/fi\/produkt\/dunhill-london-icon-racing-blue-edp-100ml\/"},"modified":"2026-03-11T21:58:57","modified_gmt":"2026-03-11T21:58:57","slug":"dunhill-london-icon-racing-blue-edp-100ml","status":"publish","type":"product","link":"https:\/\/stylingagenten.com\/fi\/tuote\/dunhill-london-icon-racing-blue-edp-100ml\/","title":{"rendered":"Dunhill London Icon Racing Blue Edp 100ml"},"content":{"rendered":"<p>Dunhill ICON Racing on parfyymivesi, joka ilment\u00e4\u00e4 kilpahenke\u00e4. T\u00e4m\u00e4 tuoksu on saanut inspiraationsa el\u00e4m\u00e4st\u00e4 nauttivasta miehest\u00e4. H\u00e4n on luonnollisessa ymp\u00e4rist\u00f6ss\u00e4\u00e4n ollessaan tiell\u00e4. Ajaminen on h\u00e4nen terapiansa, h\u00e4nen pakonsa.<\/p>\n<p>T\u00e4ss\u00e4 puumaisessa aromaattisessa tuoksussa on sekoitus limetti\u00e4, bergamottia, ambroksaania, merisuolaa, kardemummaa, nerolia, korianteria, ajopuuta, santelipuuta, ambraa ja patsulia.<\/p>\n","protected":false},"excerpt":{"rendered":"<p>Dunhill ICON Racing on parfyymivesi, joka ilment\u00e4\u00e4 kilpahenke\u00e4. T\u00e4m\u00e4 tuoksu on saanut inspiraationsa el\u00e4m\u00e4st\u00e4 nauttivasta miehest\u00e4. H\u00e4n on luonnollisessa ymp\u00e4rist\u00f6ss\u00e4\u00e4n ollessaan tiell\u00e4. Ajaminen on h\u00e4nen terapiansa, h\u00e4nen pakonsa. T\u00e4ss\u00e4 puumaisessa aromaattisessa tuoksussa on sekoitus limetti\u00e4, bergamottia, ambroksaania, merisuolaa, kardemummaa, nerolia, korianteria, ajopuuta, santelipuuta, ambraa ja patsulia.<\/p>\n","protected":false},"featured_media":137519,"comment_status":"open","ping_status":"closed","template":"","meta":{"_trash_the_other_posts":false},"product_brand":[],"product_cat":[708,1000,735],"product_tag":[],"berocket_brand":[1296],"class_list":{"0":"post-137523","1":"product","2":"type-product","3":"status-publish","4":"has-post-thumbnail","6":"product_cat-eau-de-parfum-miesten","7":"product_cat-kampanjatarjous-miehelle","8":"product_cat-kampanjamme","9":"pa_brand-dunhill","10":"berocket_brand-dunhill","12":"first","13":"instock","14":"sale","15":"taxable","16":"shipping-taxable","17":"purchasable","18":"product-type-simple"},"_links":{"self":[{"href":"https:\/\/stylingagenten.com\/fi\/wp-json\/wp\/v2\/product\/137523","targetHints":{"allow":["GET"]}}],"collection":[{"href":"https:\/\/stylingagenten.com\/fi\/wp-json\/wp\/v2\/product"}],"about":[{"href":"https:\/\/stylingagenten.com\/fi\/wp-json\/wp\/v2\/types\/product"}],"replies":[{"embeddable":true,"href":"https:\/\/stylingagenten.com\/fi\/wp-json\/wp\/v2\/comments?post=137523"}],"version-history":[{"count":0,"href":"https:\/\/stylingagenten.com\/fi\/wp-json\/wp\/v2\/product\/137523\/revisions"}],"wp:featuredmedia":[{"embeddable":true,"href":"https:\/\/stylingagenten.com\/fi\/wp-json\/wp\/v2\/media\/137519"}],"wp:attachment":[{"href":"https:\/\/stylingagenten.com\/fi\/wp-json\/wp\/v2\/media?parent=137523"}],"wp:term":[{"taxonomy":"product_brand","embeddable":true,"href":"https:\/\/stylingagenten.com\/fi\/wp-json\/wp\/v2\/product_brand?post=137523"},{"taxonomy":"product_cat","embeddable":true,"href":"https:\/\/stylingagenten.com\/fi\/wp-json\/wp\/v2\/product_cat?post=137523"},{"taxonomy":"product_tag","embeddable":true,"href":"https:\/\/stylingagenten.com\/fi\/wp-json\/wp\/v2\/product_tag?post=137523"},{"taxonomy":"berocket_brand","embeddable":true,"href":"https:\/\/stylingagenten.com\/fi\/wp-json\/wp\/v2\/berocket_brand?post=137523"}],"curies":[{"name":"wp","href":"https:\/\/api.w.org\/{rel}","templated":true}]}}