{"id":137503,"date":"2025-05-18T22:55:56","date_gmt":"2025-05-18T22:55:56","guid":{"rendered":"https:\/\/staging2.stylingagenten.com\/fi\/produkt\/dunhill-valensole-lavender-edp-100ml\/"},"modified":"2026-03-24T17:37:53","modified_gmt":"2026-03-24T17:37:53","slug":"dunhill-valensole-lavender-edp-100ml","status":"publish","type":"product","link":"https:\/\/stylingagenten.com\/fi\/tuote\/dunhill-valensole-lavender-edp-100ml\/","title":{"rendered":"Dunhill Valensole Lavender Edp 100ml"},"content":{"rendered":"<p>T\u00e4m\u00e4 uusi tuoksu on saanut inspiraationsa ikonisten ranskalaisten laventelipeltojen loputtomasta kauneudesta Dunhillin Signature-kokoelmasta. Sitruuna yhdistyy sahramin l\u00e4mm\u00f6n kanssa avaamaan tuoksun. Tuoksun ytimess\u00e4 on klassinen laventeli, jonka eksoottinen pohja on arvokasta guajakkipuuta.<\/p>\n<p>Yl\u00e4tuoksu: sahrami<br \/>Syd\u00e4ntuoksu: laventeli<br \/>Pohjatuoksu: guajakkipuu<\/p>\n","protected":false},"excerpt":{"rendered":"<p>T\u00e4m\u00e4 uusi tuoksu on saanut inspiraationsa ikonisten ranskalaisten laventelipeltojen loputtomasta kauneudesta Dunhillin Signature-kokoelmasta. Sitruuna yhdistyy sahramin l\u00e4mm\u00f6n kanssa avaamaan tuoksun. Tuoksun ytimess\u00e4 on klassinen laventeli, jonka eksoottinen pohja on arvokasta guajakkipuuta. Yl\u00e4tuoksu: sahramiSyd\u00e4ntuoksu: laventeliPohjatuoksu: guajakkipuu<\/p>\n","protected":false},"featured_media":137501,"comment_status":"open","ping_status":"closed","template":"","meta":{"_trash_the_other_posts":false},"product_brand":[],"product_cat":[708,1000,735],"product_tag":[],"berocket_brand":[1296],"class_list":{"0":"post-137503","1":"product","2":"type-product","3":"status-publish","4":"has-post-thumbnail","6":"product_cat-eau-de-parfum-miesten","7":"product_cat-kampanjatarjous-miehelle","8":"product_cat-kampanjamme","9":"pa_brand-dunhill","10":"berocket_brand-dunhill","12":"first","13":"instock","14":"sale","15":"taxable","16":"shipping-taxable","17":"purchasable","18":"product-type-simple"},"_links":{"self":[{"href":"https:\/\/stylingagenten.com\/fi\/wp-json\/wp\/v2\/product\/137503","targetHints":{"allow":["GET"]}}],"collection":[{"href":"https:\/\/stylingagenten.com\/fi\/wp-json\/wp\/v2\/product"}],"about":[{"href":"https:\/\/stylingagenten.com\/fi\/wp-json\/wp\/v2\/types\/product"}],"replies":[{"embeddable":true,"href":"https:\/\/stylingagenten.com\/fi\/wp-json\/wp\/v2\/comments?post=137503"}],"version-history":[{"count":0,"href":"https:\/\/stylingagenten.com\/fi\/wp-json\/wp\/v2\/product\/137503\/revisions"}],"wp:featuredmedia":[{"embeddable":true,"href":"https:\/\/stylingagenten.com\/fi\/wp-json\/wp\/v2\/media\/137501"}],"wp:attachment":[{"href":"https:\/\/stylingagenten.com\/fi\/wp-json\/wp\/v2\/media?parent=137503"}],"wp:term":[{"taxonomy":"product_brand","embeddable":true,"href":"https:\/\/stylingagenten.com\/fi\/wp-json\/wp\/v2\/product_brand?post=137503"},{"taxonomy":"product_cat","embeddable":true,"href":"https:\/\/stylingagenten.com\/fi\/wp-json\/wp\/v2\/product_cat?post=137503"},{"taxonomy":"product_tag","embeddable":true,"href":"https:\/\/stylingagenten.com\/fi\/wp-json\/wp\/v2\/product_tag?post=137503"},{"taxonomy":"berocket_brand","embeddable":true,"href":"https:\/\/stylingagenten.com\/fi\/wp-json\/wp\/v2\/berocket_brand?post=137503"}],"curies":[{"name":"wp","href":"https:\/\/api.w.org\/{rel}","templated":true}]}}