{"id":137494,"date":"2025-05-18T22:55:54","date_gmt":"2025-05-18T22:55:54","guid":{"rendered":"https:\/\/staging2.stylingagenten.com\/fi\/produkt\/dunhill-egyptian-smoke-edp-100ml\/"},"modified":"2026-04-07T06:33:32","modified_gmt":"2026-04-07T06:33:32","slug":"dunhill-egyptian-smoke-edp-100ml","status":"publish","type":"product","link":"https:\/\/stylingagenten.com\/fi\/tuote\/dunhill-egyptian-smoke-edp-100ml\/","title":{"rendered":"Dunhill Egyptian Smoke Edp 100ml"},"content":{"rendered":"<p>dunhill Signature: Egyptian Smoke yhdist\u00e4\u00e4 inkiv\u00e4\u00e4rin ja vaaleanpunaisen pippurin virkist\u00e4vi\u00e4 yl\u00e4tuoksuja mustan teen kirkkauteen. Ruusun ja papyruksen syd\u00e4n vahvistaa tuoksun eksoottista v\u00e4r\u00e4htely\u00e4, kun taas patchouli-, labdanum- ja vaniljatankopohja tuo kultaista l\u00e4mp\u00f6\u00e4.<\/p>\n","protected":false},"excerpt":{"rendered":"<p>dunhill Signature: Egyptian Smoke yhdist\u00e4\u00e4 inkiv\u00e4\u00e4rin ja vaaleanpunaisen pippurin virkist\u00e4vi\u00e4 yl\u00e4tuoksuja mustan teen kirkkauteen. Ruusun ja papyruksen syd\u00e4n vahvistaa tuoksun eksoottista v\u00e4r\u00e4htely\u00e4, kun taas patchouli-, labdanum- ja vaniljatankopohja tuo kultaista l\u00e4mp\u00f6\u00e4.<\/p>\n","protected":false},"featured_media":137490,"comment_status":"open","ping_status":"closed","template":"","meta":{"_trash_the_other_posts":false},"product_brand":[],"product_cat":[708,1000,735],"product_tag":[],"berocket_brand":[1296],"class_list":{"0":"post-137494","1":"product","2":"type-product","3":"status-publish","4":"has-post-thumbnail","6":"product_cat-eau-de-parfum-miesten","7":"product_cat-kampanjatarjous-miehelle","8":"product_cat-kampanjamme","9":"pa_brand-dunhill","10":"berocket_brand-dunhill","12":"first","13":"instock","14":"sale","15":"taxable","16":"shipping-taxable","17":"purchasable","18":"product-type-simple"},"_links":{"self":[{"href":"https:\/\/stylingagenten.com\/fi\/wp-json\/wp\/v2\/product\/137494","targetHints":{"allow":["GET"]}}],"collection":[{"href":"https:\/\/stylingagenten.com\/fi\/wp-json\/wp\/v2\/product"}],"about":[{"href":"https:\/\/stylingagenten.com\/fi\/wp-json\/wp\/v2\/types\/product"}],"replies":[{"embeddable":true,"href":"https:\/\/stylingagenten.com\/fi\/wp-json\/wp\/v2\/comments?post=137494"}],"version-history":[{"count":0,"href":"https:\/\/stylingagenten.com\/fi\/wp-json\/wp\/v2\/product\/137494\/revisions"}],"wp:featuredmedia":[{"embeddable":true,"href":"https:\/\/stylingagenten.com\/fi\/wp-json\/wp\/v2\/media\/137490"}],"wp:attachment":[{"href":"https:\/\/stylingagenten.com\/fi\/wp-json\/wp\/v2\/media?parent=137494"}],"wp:term":[{"taxonomy":"product_brand","embeddable":true,"href":"https:\/\/stylingagenten.com\/fi\/wp-json\/wp\/v2\/product_brand?post=137494"},{"taxonomy":"product_cat","embeddable":true,"href":"https:\/\/stylingagenten.com\/fi\/wp-json\/wp\/v2\/product_cat?post=137494"},{"taxonomy":"product_tag","embeddable":true,"href":"https:\/\/stylingagenten.com\/fi\/wp-json\/wp\/v2\/product_tag?post=137494"},{"taxonomy":"berocket_brand","embeddable":true,"href":"https:\/\/stylingagenten.com\/fi\/wp-json\/wp\/v2\/berocket_brand?post=137494"}],"curies":[{"name":"wp","href":"https:\/\/api.w.org\/{rel}","templated":true}]}}