{"id":137486,"date":"2025-05-18T22:55:53","date_gmt":"2025-05-18T22:55:53","guid":{"rendered":"https:\/\/staging2.stylingagenten.com\/fi\/produkt\/dunhill-agar-wood-edp-100ml\/"},"modified":"2026-04-04T15:48:38","modified_gmt":"2026-04-04T15:48:38","slug":"dunhill-agar-wood-edp-100ml","status":"publish","type":"product","link":"https:\/\/stylingagenten.com\/fi\/tuote\/dunhill-agar-wood-edp-100ml\/","title":{"rendered":"Dunhill Agar Wood Edp 100ml"},"content":{"rendered":"<p>Dunhill Signature -tuoksut ilment\u00e4v\u00e4t rakkautta seikkailuihin ja l\u00f6yt\u00f6ihin tarjoten selkeit\u00e4 ja korkeatasoisia kohtaamisia houkuttelevien luonnollisten tuoksujen ja materiaalien kanssa.<\/p>\n<p>dunhill Signature: Agar Wood on sielukas oud, joka on rakennettu rikkaalle, salaper\u00e4iselle mokkanahkalle, tupakkaan ja mastiksia. P\u00e4\u00e4tuoksussa timurpippuri, suolattu inkiv\u00e4\u00e4ri ja italialainen bergamotti hohtavat mustan iiriksen, sahramin kukan, orvokkien lehden ja sinisen sypressin syd\u00e4mess\u00e4.<\/p>\n","protected":false},"excerpt":{"rendered":"<p>Dunhill Signature -tuoksut ilment\u00e4v\u00e4t rakkautta seikkailuihin ja l\u00f6yt\u00f6ihin tarjoten selkeit\u00e4 ja korkeatasoisia kohtaamisia houkuttelevien luonnollisten tuoksujen ja materiaalien kanssa. dunhill Signature: Agar Wood on sielukas oud, joka on rakennettu rikkaalle, salaper\u00e4iselle mokkanahkalle, tupakkaan ja mastiksia. P\u00e4\u00e4tuoksussa timurpippuri, suolattu inkiv\u00e4\u00e4ri ja italialainen bergamotti hohtavat mustan iiriksen, sahramin kukan, orvokkien lehden ja sinisen sypressin syd\u00e4mess\u00e4.<\/p>\n","protected":false},"featured_media":137481,"comment_status":"open","ping_status":"closed","template":"","meta":{"_trash_the_other_posts":false},"product_brand":[],"product_cat":[708,1000,735],"product_tag":[],"berocket_brand":[1296],"class_list":{"0":"post-137486","1":"product","2":"type-product","3":"status-publish","4":"has-post-thumbnail","6":"product_cat-eau-de-parfum-miesten","7":"product_cat-kampanjatarjous-miehelle","8":"product_cat-kampanjamme","9":"pa_brand-dunhill","10":"berocket_brand-dunhill","12":"first","13":"instock","14":"sale","15":"taxable","16":"shipping-taxable","17":"purchasable","18":"product-type-simple"},"_links":{"self":[{"href":"https:\/\/stylingagenten.com\/fi\/wp-json\/wp\/v2\/product\/137486","targetHints":{"allow":["GET"]}}],"collection":[{"href":"https:\/\/stylingagenten.com\/fi\/wp-json\/wp\/v2\/product"}],"about":[{"href":"https:\/\/stylingagenten.com\/fi\/wp-json\/wp\/v2\/types\/product"}],"replies":[{"embeddable":true,"href":"https:\/\/stylingagenten.com\/fi\/wp-json\/wp\/v2\/comments?post=137486"}],"version-history":[{"count":0,"href":"https:\/\/stylingagenten.com\/fi\/wp-json\/wp\/v2\/product\/137486\/revisions"}],"wp:featuredmedia":[{"embeddable":true,"href":"https:\/\/stylingagenten.com\/fi\/wp-json\/wp\/v2\/media\/137481"}],"wp:attachment":[{"href":"https:\/\/stylingagenten.com\/fi\/wp-json\/wp\/v2\/media?parent=137486"}],"wp:term":[{"taxonomy":"product_brand","embeddable":true,"href":"https:\/\/stylingagenten.com\/fi\/wp-json\/wp\/v2\/product_brand?post=137486"},{"taxonomy":"product_cat","embeddable":true,"href":"https:\/\/stylingagenten.com\/fi\/wp-json\/wp\/v2\/product_cat?post=137486"},{"taxonomy":"product_tag","embeddable":true,"href":"https:\/\/stylingagenten.com\/fi\/wp-json\/wp\/v2\/product_tag?post=137486"},{"taxonomy":"berocket_brand","embeddable":true,"href":"https:\/\/stylingagenten.com\/fi\/wp-json\/wp\/v2\/berocket_brand?post=137486"}],"curies":[{"name":"wp","href":"https:\/\/api.w.org\/{rel}","templated":true}]}}