{"id":137484,"date":"2025-05-18T22:55:52","date_gmt":"2025-05-18T22:55:52","guid":{"rendered":"https:\/\/staging2.stylingagenten.com\/fi\/produkt\/dunhill-moroccan-amber-for-men-edp-100ml\/"},"modified":"2026-04-07T12:08:41","modified_gmt":"2026-04-07T12:08:41","slug":"dunhill-moroccan-amber-for-men-edp-100ml","status":"publish","type":"product","link":"https:\/\/stylingagenten.com\/fi\/tuote\/dunhill-moroccan-amber-for-men-edp-100ml\/","title":{"rendered":"Dunhill Moroccan Amber for Men Edp 100ml"},"content":{"rendered":"<p>Mausteinen puu ja maanl\u00e4heiset kardemumman ja sahramin tuoksut sekoittuvat t\u00e4ydellisesti l\u00e4mpim\u00e4\u00e4n jalomeripihkaan luoden syv\u00e4n ja maanl\u00e4heisen tuoksun. Luotu hajustevalmistaja Gino Percontinon johdolla.<\/p>\n<p>Alkutuoksu: kardemumma<br \/>Syd\u00e4ntuoksu: sahrami<br \/>Pohjatuoksu: meripihka<\/p>\n","protected":false},"excerpt":{"rendered":"<p>Mausteinen puu ja maanl\u00e4heiset kardemumman ja sahramin tuoksut sekoittuvat t\u00e4ydellisesti l\u00e4mpim\u00e4\u00e4n jalomeripihkaan luoden syv\u00e4n ja maanl\u00e4heisen tuoksun. Luotu hajustevalmistaja Gino Percontinon johdolla. Alkutuoksu: kardemummaSyd\u00e4ntuoksu: sahramiPohjatuoksu: meripihka<\/p>\n","protected":false},"featured_media":137480,"comment_status":"open","ping_status":"closed","template":"","meta":{"_trash_the_other_posts":false},"product_brand":[],"product_cat":[708,1000,735],"product_tag":[],"berocket_brand":[1296],"class_list":{"0":"post-137484","1":"product","2":"type-product","3":"status-publish","4":"has-post-thumbnail","6":"product_cat-eau-de-parfum-miesten","7":"product_cat-kampanjatarjous-miehelle","8":"product_cat-kampanjamme","9":"pa_brand-dunhill","10":"berocket_brand-dunhill","12":"first","13":"instock","14":"sale","15":"taxable","16":"shipping-taxable","17":"purchasable","18":"product-type-simple"},"_links":{"self":[{"href":"https:\/\/stylingagenten.com\/fi\/wp-json\/wp\/v2\/product\/137484","targetHints":{"allow":["GET"]}}],"collection":[{"href":"https:\/\/stylingagenten.com\/fi\/wp-json\/wp\/v2\/product"}],"about":[{"href":"https:\/\/stylingagenten.com\/fi\/wp-json\/wp\/v2\/types\/product"}],"replies":[{"embeddable":true,"href":"https:\/\/stylingagenten.com\/fi\/wp-json\/wp\/v2\/comments?post=137484"}],"version-history":[{"count":0,"href":"https:\/\/stylingagenten.com\/fi\/wp-json\/wp\/v2\/product\/137484\/revisions"}],"wp:featuredmedia":[{"embeddable":true,"href":"https:\/\/stylingagenten.com\/fi\/wp-json\/wp\/v2\/media\/137480"}],"wp:attachment":[{"href":"https:\/\/stylingagenten.com\/fi\/wp-json\/wp\/v2\/media?parent=137484"}],"wp:term":[{"taxonomy":"product_brand","embeddable":true,"href":"https:\/\/stylingagenten.com\/fi\/wp-json\/wp\/v2\/product_brand?post=137484"},{"taxonomy":"product_cat","embeddable":true,"href":"https:\/\/stylingagenten.com\/fi\/wp-json\/wp\/v2\/product_cat?post=137484"},{"taxonomy":"product_tag","embeddable":true,"href":"https:\/\/stylingagenten.com\/fi\/wp-json\/wp\/v2\/product_tag?post=137484"},{"taxonomy":"berocket_brand","embeddable":true,"href":"https:\/\/stylingagenten.com\/fi\/wp-json\/wp\/v2\/berocket_brand?post=137484"}],"curies":[{"name":"wp","href":"https:\/\/api.w.org\/{rel}","templated":true}]}}