{"id":137462,"date":"2025-05-18T22:55:48","date_gmt":"2025-05-18T22:55:48","guid":{"rendered":"https:\/\/staging2.stylingagenten.com\/fi\/produkt\/nautica-blue-ambition-edt-100ml\/"},"modified":"2025-11-19T12:22:43","modified_gmt":"2025-11-19T12:22:43","slug":"nautica-blue-ambition-edt-100ml","status":"publish","type":"product","link":"https:\/\/stylingagenten.com\/fi\/tuote\/nautica-blue-ambition-edt-100ml\/","title":{"rendered":"Nautica Blue Ambition Edt 100ml"},"content":{"rendered":"<p>Blue Ambition juhlistaa elinvoimaista miest\u00e4 virkist\u00e4v\u00e4ll\u00e4, urheilullisella tasapainolla sitrushedelmi\u00e4 ja puumaista lopputulosta.<br \/>Yl\u00e4tuoksu: bergamotti, mandariini<br \/>Syd\u00e4ntuoksu: m\u00e4nty, merilev\u00e4, Clearwood\u00ae<br \/>Pohjatuoksu: tamm sammal, valkoinen meripihkaa, kashmirpuuta<\/p>\n","protected":false},"excerpt":{"rendered":"<p>Blue Ambition juhlistaa elinvoimaista miest\u00e4 virkist\u00e4v\u00e4ll\u00e4, urheilullisella tasapainolla sitrushedelmi\u00e4 ja puumaista lopputulosta.Yl\u00e4tuoksu: bergamotti, mandariiniSyd\u00e4ntuoksu: m\u00e4nty, merilev\u00e4, Clearwood\u00aePohjatuoksu: tamm sammal, valkoinen meripihkaa, kashmirpuuta<\/p>\n","protected":false},"featured_media":137457,"comment_status":"open","ping_status":"closed","template":"","meta":{"_trash_the_other_posts":false},"product_brand":[],"product_cat":[709],"product_tag":[],"berocket_brand":[1230],"class_list":{"0":"post-137462","1":"product","2":"type-product","3":"status-publish","4":"has-post-thumbnail","6":"product_cat-miesten-eau-de-toilette","7":"pa_brand-nautica","8":"berocket_brand-nautica","10":"first","11":"outofstock","12":"sale","13":"taxable","14":"shipping-taxable","15":"purchasable","16":"product-type-simple"},"_links":{"self":[{"href":"https:\/\/stylingagenten.com\/fi\/wp-json\/wp\/v2\/product\/137462","targetHints":{"allow":["GET"]}}],"collection":[{"href":"https:\/\/stylingagenten.com\/fi\/wp-json\/wp\/v2\/product"}],"about":[{"href":"https:\/\/stylingagenten.com\/fi\/wp-json\/wp\/v2\/types\/product"}],"replies":[{"embeddable":true,"href":"https:\/\/stylingagenten.com\/fi\/wp-json\/wp\/v2\/comments?post=137462"}],"version-history":[{"count":0,"href":"https:\/\/stylingagenten.com\/fi\/wp-json\/wp\/v2\/product\/137462\/revisions"}],"wp:featuredmedia":[{"embeddable":true,"href":"https:\/\/stylingagenten.com\/fi\/wp-json\/wp\/v2\/media\/137457"}],"wp:attachment":[{"href":"https:\/\/stylingagenten.com\/fi\/wp-json\/wp\/v2\/media?parent=137462"}],"wp:term":[{"taxonomy":"product_brand","embeddable":true,"href":"https:\/\/stylingagenten.com\/fi\/wp-json\/wp\/v2\/product_brand?post=137462"},{"taxonomy":"product_cat","embeddable":true,"href":"https:\/\/stylingagenten.com\/fi\/wp-json\/wp\/v2\/product_cat?post=137462"},{"taxonomy":"product_tag","embeddable":true,"href":"https:\/\/stylingagenten.com\/fi\/wp-json\/wp\/v2\/product_tag?post=137462"},{"taxonomy":"berocket_brand","embeddable":true,"href":"https:\/\/stylingagenten.com\/fi\/wp-json\/wp\/v2\/berocket_brand?post=137462"}],"curies":[{"name":"wp","href":"https:\/\/api.w.org\/{rel}","templated":true}]}}