{"id":137391,"date":"2025-05-18T22:55:32","date_gmt":"2025-05-18T22:55:32","guid":{"rendered":"https:\/\/staging2.stylingagenten.com\/fi\/produkt\/nautica-voyage-sport-edt-100ml\/"},"modified":"2026-03-11T21:49:09","modified_gmt":"2026-03-11T21:49:09","slug":"nautica-voyage-sport-edt-100ml","status":"publish","type":"product","link":"https:\/\/stylingagenten.com\/fi\/tuote\/nautica-voyage-sport-edt-100ml\/","title":{"rendered":"Nautica Voyage Sport Edt 100ml"},"content":{"rendered":"<p>Niille, jotka el\u00e4v\u00e4t modernin tutkimusmatkailijan hengess\u00e4, Voyage Sport on aktiivisempi, dynaamisempi k\u00e4\u00e4nne Nautican klassisesta Voyage-tuoksusta. Profiili on raikas ja aromaattinen, ja siin\u00e4 on aavistus mausteisuutta.<br \/>Alkutuoksu: sitrushedelm\u00e4t, merisuola, korianteri, omena<br \/>Pohjatuoksu: vihre\u00e4 pippuri, punapuu, vetiveria, patsuli<\/p>\n","protected":false},"excerpt":{"rendered":"<p>Niille, jotka el\u00e4v\u00e4t modernin tutkimusmatkailijan hengess\u00e4, Voyage Sport on aktiivisempi, dynaamisempi k\u00e4\u00e4nne Nautican klassisesta Voyage-tuoksusta. Profiili on raikas ja aromaattinen, ja siin\u00e4 on aavistus mausteisuutta.Alkutuoksu: sitrushedelm\u00e4t, merisuola, korianteri, omenaPohjatuoksu: vihre\u00e4 pippuri, punapuu, vetiveria, patsuli<\/p>\n","protected":false},"featured_media":137387,"comment_status":"open","ping_status":"closed","template":"","meta":{"_trash_the_other_posts":false},"product_brand":[],"product_cat":[1000,709,735],"product_tag":[],"berocket_brand":[1230],"class_list":{"0":"post-137391","1":"product","2":"type-product","3":"status-publish","4":"has-post-thumbnail","6":"product_cat-kampanjatarjous-miehelle","7":"product_cat-miesten-eau-de-toilette","8":"product_cat-kampanjamme","9":"pa_brand-nautica","10":"berocket_brand-nautica","12":"first","13":"instock","14":"sale","15":"taxable","16":"shipping-taxable","17":"purchasable","18":"product-type-simple"},"_links":{"self":[{"href":"https:\/\/stylingagenten.com\/fi\/wp-json\/wp\/v2\/product\/137391","targetHints":{"allow":["GET"]}}],"collection":[{"href":"https:\/\/stylingagenten.com\/fi\/wp-json\/wp\/v2\/product"}],"about":[{"href":"https:\/\/stylingagenten.com\/fi\/wp-json\/wp\/v2\/types\/product"}],"replies":[{"embeddable":true,"href":"https:\/\/stylingagenten.com\/fi\/wp-json\/wp\/v2\/comments?post=137391"}],"version-history":[{"count":0,"href":"https:\/\/stylingagenten.com\/fi\/wp-json\/wp\/v2\/product\/137391\/revisions"}],"wp:featuredmedia":[{"embeddable":true,"href":"https:\/\/stylingagenten.com\/fi\/wp-json\/wp\/v2\/media\/137387"}],"wp:attachment":[{"href":"https:\/\/stylingagenten.com\/fi\/wp-json\/wp\/v2\/media?parent=137391"}],"wp:term":[{"taxonomy":"product_brand","embeddable":true,"href":"https:\/\/stylingagenten.com\/fi\/wp-json\/wp\/v2\/product_brand?post=137391"},{"taxonomy":"product_cat","embeddable":true,"href":"https:\/\/stylingagenten.com\/fi\/wp-json\/wp\/v2\/product_cat?post=137391"},{"taxonomy":"product_tag","embeddable":true,"href":"https:\/\/stylingagenten.com\/fi\/wp-json\/wp\/v2\/product_tag?post=137391"},{"taxonomy":"berocket_brand","embeddable":true,"href":"https:\/\/stylingagenten.com\/fi\/wp-json\/wp\/v2\/berocket_brand?post=137391"}],"curies":[{"name":"wp","href":"https:\/\/api.w.org\/{rel}","templated":true}]}}