{"id":137375,"date":"2025-05-18T22:55:30","date_gmt":"2025-05-18T22:55:30","guid":{"rendered":"https:\/\/staging2.stylingagenten.com\/fi\/produkt\/karl-lagerfeld-pour-homme-edt-100ml\/"},"modified":"2026-04-08T20:38:26","modified_gmt":"2026-04-08T20:38:26","slug":"karl-lagerfeld-pour-homme-edt-100ml","status":"publish","type":"product","link":"https:\/\/stylingagenten.com\/fi\/tuote\/karl-lagerfeld-pour-homme-edt-100ml\/","title":{"rendered":"Karl Lagerfeld Pour Homme Edt 100ml"},"content":{"rendered":"<p>Karl Lagerfeld Pour Homme EDT on maskuliininen, pehme\u00e4 tuoksu, joka sopii ulosp\u00e4in menev\u00e4lle miehelle.<\/p>\n<p data-empty=\"true\">Tuoksutuoksu: mandariini, laventeli, vihre\u00e4 omena, orvokki, meripihka ja santelipuu. <\/p>\n","protected":false},"excerpt":{"rendered":"<p>Karl Lagerfeld Pour Homme EDT on maskuliininen, pehme\u00e4 tuoksu, joka sopii ulosp\u00e4in menev\u00e4lle miehelle. Tuoksutuoksu: mandariini, laventeli, vihre\u00e4 omena, orvokki, meripihka ja santelipuu.<\/p>\n","protected":false},"featured_media":137373,"comment_status":"open","ping_status":"closed","template":"","meta":{"_trash_the_other_posts":false},"product_brand":[],"product_cat":[1000,709,1003,735],"product_tag":[3109],"berocket_brand":[1068],"class_list":{"0":"post-137375","1":"product","2":"type-product","3":"status-publish","4":"has-post-thumbnail","6":"product_cat-kampanjatarjous-miehelle","7":"product_cat-miesten-eau-de-toilette","8":"product_cat-myydyimmat","9":"product_cat-kampanjamme","10":"product_tag-karl-lagerfeld-pour-homme-edt","11":"pa_brand-karl-lagerfeld","12":"pa_variantti-100ml","13":"berocket_brand-karl-lagerfeld","15":"first","16":"instock","17":"sale","18":"taxable","19":"shipping-taxable","20":"purchasable","21":"product-type-simple"},"_links":{"self":[{"href":"https:\/\/stylingagenten.com\/fi\/wp-json\/wp\/v2\/product\/137375","targetHints":{"allow":["GET"]}}],"collection":[{"href":"https:\/\/stylingagenten.com\/fi\/wp-json\/wp\/v2\/product"}],"about":[{"href":"https:\/\/stylingagenten.com\/fi\/wp-json\/wp\/v2\/types\/product"}],"replies":[{"embeddable":true,"href":"https:\/\/stylingagenten.com\/fi\/wp-json\/wp\/v2\/comments?post=137375"}],"version-history":[{"count":0,"href":"https:\/\/stylingagenten.com\/fi\/wp-json\/wp\/v2\/product\/137375\/revisions"}],"wp:featuredmedia":[{"embeddable":true,"href":"https:\/\/stylingagenten.com\/fi\/wp-json\/wp\/v2\/media\/137373"}],"wp:attachment":[{"href":"https:\/\/stylingagenten.com\/fi\/wp-json\/wp\/v2\/media?parent=137375"}],"wp:term":[{"taxonomy":"product_brand","embeddable":true,"href":"https:\/\/stylingagenten.com\/fi\/wp-json\/wp\/v2\/product_brand?post=137375"},{"taxonomy":"product_cat","embeddable":true,"href":"https:\/\/stylingagenten.com\/fi\/wp-json\/wp\/v2\/product_cat?post=137375"},{"taxonomy":"product_tag","embeddable":true,"href":"https:\/\/stylingagenten.com\/fi\/wp-json\/wp\/v2\/product_tag?post=137375"},{"taxonomy":"berocket_brand","embeddable":true,"href":"https:\/\/stylingagenten.com\/fi\/wp-json\/wp\/v2\/berocket_brand?post=137375"}],"curies":[{"name":"wp","href":"https:\/\/api.w.org\/{rel}","templated":true}]}}