{"id":137368,"date":"2025-05-18T22:55:28","date_gmt":"2025-05-18T22:55:28","guid":{"rendered":"https:\/\/staging2.stylingagenten.com\/fi\/produkt\/boucheron-jaipur-homme-edp-100ml\/"},"modified":"2026-04-07T08:48:32","modified_gmt":"2026-04-07T08:48:32","slug":"boucheron-jaipur-homme-edp-100ml","status":"publish","type":"product","link":"https:\/\/stylingagenten.com\/fi\/tuote\/boucheron-jaipur-homme-edp-100ml\/","title":{"rendered":"Boucheron Jaipur Homme Edp 100ml"},"content":{"rendered":"<p>Boucheron Jaipur Homme EdP<br \/>Tuoksu uraauurtaville miehille! Ja\u00efpur Homme on aistillinen ja moderni, mausteinen ja it\u00e4mainen tuoksu. Tuoksu avautuu sitruunan ja bergamotin tuoreilla vivahteilla, joita seuraa mausteinen syd\u00e4n, jota pehment\u00e4\u00e4 pohja t\u00e4ynn\u00e4 intensiivisyytt\u00e4 ja puisia vivahteita. Ja\u00efpur Homme -pullo on saanut inspiraationsa Ja\u00efpurin t\u00e4htitieteellisest\u00e4 puutarhasta.<\/p>\n<p>Yl\u00e4tuoksu: Sitruuna &amp; Bergamotti.<br \/>Syd\u00e4ntuoksu: Kaneli ja muskottip\u00e4hkin\u00e4.<br \/>Pohjatuoksu: Vanilja &amp; Puu.<\/p>\n","protected":false},"excerpt":{"rendered":"<p>Boucheron Jaipur Homme EdPTuoksu uraauurtaville miehille! Ja\u00efpur Homme on aistillinen ja moderni, mausteinen ja it\u00e4mainen tuoksu. Tuoksu avautuu sitruunan ja bergamotin tuoreilla vivahteilla, joita seuraa mausteinen syd\u00e4n, jota pehment\u00e4\u00e4 pohja t\u00e4ynn\u00e4 intensiivisyytt\u00e4 ja puisia vivahteita. Ja\u00efpur Homme -pullo on saanut inspiraationsa Ja\u00efpurin t\u00e4htitieteellisest\u00e4 puutarhasta. Yl\u00e4tuoksu: Sitruuna &amp; Bergamotti.Syd\u00e4ntuoksu: Kaneli ja muskottip\u00e4hkin\u00e4.Pohjatuoksu: Vanilja &amp; Puu.<\/p>\n","protected":false},"featured_media":137358,"comment_status":"open","ping_status":"closed","template":"","meta":{"_trash_the_other_posts":false},"product_brand":[],"product_cat":[708],"product_tag":[],"berocket_brand":[1148],"class_list":{"0":"post-137368","1":"product","2":"type-product","3":"status-publish","4":"has-post-thumbnail","6":"product_cat-eau-de-parfum-miesten","7":"pa_brand-boucheron","8":"berocket_brand-boucheron","10":"first","11":"instock","12":"taxable","13":"shipping-taxable","14":"purchasable","15":"product-type-simple"},"_links":{"self":[{"href":"https:\/\/stylingagenten.com\/fi\/wp-json\/wp\/v2\/product\/137368","targetHints":{"allow":["GET"]}}],"collection":[{"href":"https:\/\/stylingagenten.com\/fi\/wp-json\/wp\/v2\/product"}],"about":[{"href":"https:\/\/stylingagenten.com\/fi\/wp-json\/wp\/v2\/types\/product"}],"replies":[{"embeddable":true,"href":"https:\/\/stylingagenten.com\/fi\/wp-json\/wp\/v2\/comments?post=137368"}],"version-history":[{"count":0,"href":"https:\/\/stylingagenten.com\/fi\/wp-json\/wp\/v2\/product\/137368\/revisions"}],"wp:featuredmedia":[{"embeddable":true,"href":"https:\/\/stylingagenten.com\/fi\/wp-json\/wp\/v2\/media\/137358"}],"wp:attachment":[{"href":"https:\/\/stylingagenten.com\/fi\/wp-json\/wp\/v2\/media?parent=137368"}],"wp:term":[{"taxonomy":"product_brand","embeddable":true,"href":"https:\/\/stylingagenten.com\/fi\/wp-json\/wp\/v2\/product_brand?post=137368"},{"taxonomy":"product_cat","embeddable":true,"href":"https:\/\/stylingagenten.com\/fi\/wp-json\/wp\/v2\/product_cat?post=137368"},{"taxonomy":"product_tag","embeddable":true,"href":"https:\/\/stylingagenten.com\/fi\/wp-json\/wp\/v2\/product_tag?post=137368"},{"taxonomy":"berocket_brand","embeddable":true,"href":"https:\/\/stylingagenten.com\/fi\/wp-json\/wp\/v2\/berocket_brand?post=137368"}],"curies":[{"name":"wp","href":"https:\/\/api.w.org\/{rel}","templated":true}]}}