{"id":137363,"date":"2025-05-18T22:55:28","date_gmt":"2025-05-18T22:55:28","guid":{"rendered":"https:\/\/staging2.stylingagenten.com\/fi\/produkt\/boucheron-pour-homme-edt-50ml\/"},"modified":"2025-11-19T12:25:14","modified_gmt":"2025-11-19T12:25:14","slug":"boucheron-pour-homme-edt-50ml","status":"publish","type":"product","link":"https:\/\/stylingagenten.com\/fi\/tuote\/boucheron-pour-homme-edt-50ml\/","title":{"rendered":"Boucheron Pour Homme Edt 50ml"},"content":{"rendered":"<p>Boucheron Pour Homme on intohimoinen ja sensaatiomainen hajuvesi itsevarmalle ja menestyv\u00e4lle miehelle. Varattu herrasmiehille.<br \/>Tuoksu t\u00e4ynn\u00e4 virkist\u00e4vi\u00e4 sitrushedelmi\u00e4 ja vahvasti maskuliinisia harmonia, jotka yhdess\u00e4 luovat eleganssia ja hienostuneisuutta s\u00e4teilev\u00e4n hajuauran.<\/p>\n<p>Yl\u00e4tuoksu: Laventeli, basilika ja bergamotti<br \/>Syd\u00e4ntuoksu: Jasmiini , Kielo ja Orris-juuri<br \/>Pohjatuoksu: santelipuu, meripihka ja myski<\/p>\n","protected":false},"excerpt":{"rendered":"<p>Boucheron Pour Homme on intohimoinen ja sensaatiomainen hajuvesi itsevarmalle ja menestyv\u00e4lle miehelle. Varattu herrasmiehille.Tuoksu t\u00e4ynn\u00e4 virkist\u00e4vi\u00e4 sitrushedelmi\u00e4 ja vahvasti maskuliinisia harmonia, jotka yhdess\u00e4 luovat eleganssia ja hienostuneisuutta s\u00e4teilev\u00e4n hajuauran. Yl\u00e4tuoksu: Laventeli, basilika ja bergamottiSyd\u00e4ntuoksu: Jasmiini , Kielo ja Orris-juuriPohjatuoksu: santelipuu, meripihka ja myski<\/p>\n","protected":false},"featured_media":137354,"comment_status":"open","ping_status":"closed","template":"","meta":{"_trash_the_other_posts":false},"product_brand":[],"product_cat":[709],"product_tag":[2574],"berocket_brand":[1148],"class_list":{"0":"post-137363","1":"product","2":"type-product","3":"status-publish","4":"has-post-thumbnail","6":"product_cat-miesten-eau-de-toilette","7":"product_tag-boucheron-pour-homme-edt","8":"pa_brand-boucheron","9":"pa_variantti-50ml","10":"berocket_brand-boucheron","12":"first","13":"outofstock","14":"sale","15":"taxable","16":"shipping-taxable","17":"purchasable","18":"product-type-simple"},"_links":{"self":[{"href":"https:\/\/stylingagenten.com\/fi\/wp-json\/wp\/v2\/product\/137363","targetHints":{"allow":["GET"]}}],"collection":[{"href":"https:\/\/stylingagenten.com\/fi\/wp-json\/wp\/v2\/product"}],"about":[{"href":"https:\/\/stylingagenten.com\/fi\/wp-json\/wp\/v2\/types\/product"}],"replies":[{"embeddable":true,"href":"https:\/\/stylingagenten.com\/fi\/wp-json\/wp\/v2\/comments?post=137363"}],"version-history":[{"count":0,"href":"https:\/\/stylingagenten.com\/fi\/wp-json\/wp\/v2\/product\/137363\/revisions"}],"wp:featuredmedia":[{"embeddable":true,"href":"https:\/\/stylingagenten.com\/fi\/wp-json\/wp\/v2\/media\/137354"}],"wp:attachment":[{"href":"https:\/\/stylingagenten.com\/fi\/wp-json\/wp\/v2\/media?parent=137363"}],"wp:term":[{"taxonomy":"product_brand","embeddable":true,"href":"https:\/\/stylingagenten.com\/fi\/wp-json\/wp\/v2\/product_brand?post=137363"},{"taxonomy":"product_cat","embeddable":true,"href":"https:\/\/stylingagenten.com\/fi\/wp-json\/wp\/v2\/product_cat?post=137363"},{"taxonomy":"product_tag","embeddable":true,"href":"https:\/\/stylingagenten.com\/fi\/wp-json\/wp\/v2\/product_tag?post=137363"},{"taxonomy":"berocket_brand","embeddable":true,"href":"https:\/\/stylingagenten.com\/fi\/wp-json\/wp\/v2\/berocket_brand?post=137363"}],"curies":[{"name":"wp","href":"https:\/\/api.w.org\/{rel}","templated":true}]}}