{"id":137346,"date":"2025-05-18T22:55:24","date_gmt":"2025-05-18T22:55:24","guid":{"rendered":"https:\/\/staging2.stylingagenten.com\/fi\/produkt\/hermes-terre-dhermes-edt-50ml\/"},"modified":"2026-03-25T14:28:07","modified_gmt":"2026-03-25T14:28:07","slug":"hermes-terre-dhermes-edt-50ml","status":"publish","type":"product","link":"https:\/\/stylingagenten.com\/fi\/tuote\/hermes-terre-dhermes-edt-50ml\/","title":{"rendered":"Hermes Terre d&#8217;Hermes Edt 50ml"},"content":{"rendered":"<p>Hermes Terre d&#039;Hermesi\u00e4 kuvataan matkana useiden alkuaineiden l\u00e4pi, ja siin\u00e4 sekoittuvat kimaltelevat sitrushedelm\u00e4t, mineraaliset piikit ja kasvillisuuden aallot ja maustetuoksut.<\/p>\n<p><strong>Tuoksutuoksu:<\/strong> greippi, appelsiini, piikivi, pippuri, ruusupippuri, geraniumin lehti, patsuli, setri, vetivert, &amp; bentsoiini.<\/p>\n","protected":false},"excerpt":{"rendered":"<p>Hermes Terre d&#039;Hermesi\u00e4 kuvataan matkana useiden alkuaineiden l\u00e4pi, ja siin\u00e4 sekoittuvat kimaltelevat sitrushedelm\u00e4t, mineraaliset piikit ja kasvillisuuden aallot ja maustetuoksut. Tuoksutuoksu: greippi, appelsiini, piikivi, pippuri, ruusupippuri, geraniumin lehti, patsuli, setri, vetivert, &amp; bentsoiini.<\/p>\n","protected":false},"featured_media":137336,"comment_status":"open","ping_status":"closed","template":"","meta":{"_trash_the_other_posts":false},"product_brand":[],"product_cat":[1006,1000,709,1003,735],"product_tag":[2967],"berocket_brand":[1337],"class_list":{"0":"post-137346","1":"product","2":"type-product","3":"status-publish","4":"has-post-thumbnail","6":"product_cat-kampanjahinta","7":"product_cat-kampanjatarjous-miehelle","8":"product_cat-miesten-eau-de-toilette","9":"product_cat-myydyimmat","10":"product_cat-kampanjamme","11":"product_tag-hermes-terre-dhermes-edt","12":"pa_brand-hermes","13":"pa_variantti-50ml","14":"berocket_brand-hermes","16":"first","17":"instock","18":"sale","19":"taxable","20":"shipping-taxable","21":"purchasable","22":"product-type-simple"},"_links":{"self":[{"href":"https:\/\/stylingagenten.com\/fi\/wp-json\/wp\/v2\/product\/137346","targetHints":{"allow":["GET"]}}],"collection":[{"href":"https:\/\/stylingagenten.com\/fi\/wp-json\/wp\/v2\/product"}],"about":[{"href":"https:\/\/stylingagenten.com\/fi\/wp-json\/wp\/v2\/types\/product"}],"replies":[{"embeddable":true,"href":"https:\/\/stylingagenten.com\/fi\/wp-json\/wp\/v2\/comments?post=137346"}],"version-history":[{"count":0,"href":"https:\/\/stylingagenten.com\/fi\/wp-json\/wp\/v2\/product\/137346\/revisions"}],"wp:featuredmedia":[{"embeddable":true,"href":"https:\/\/stylingagenten.com\/fi\/wp-json\/wp\/v2\/media\/137336"}],"wp:attachment":[{"href":"https:\/\/stylingagenten.com\/fi\/wp-json\/wp\/v2\/media?parent=137346"}],"wp:term":[{"taxonomy":"product_brand","embeddable":true,"href":"https:\/\/stylingagenten.com\/fi\/wp-json\/wp\/v2\/product_brand?post=137346"},{"taxonomy":"product_cat","embeddable":true,"href":"https:\/\/stylingagenten.com\/fi\/wp-json\/wp\/v2\/product_cat?post=137346"},{"taxonomy":"product_tag","embeddable":true,"href":"https:\/\/stylingagenten.com\/fi\/wp-json\/wp\/v2\/product_tag?post=137346"},{"taxonomy":"berocket_brand","embeddable":true,"href":"https:\/\/stylingagenten.com\/fi\/wp-json\/wp\/v2\/berocket_brand?post=137346"}],"curies":[{"name":"wp","href":"https:\/\/api.w.org\/{rel}","templated":true}]}}