{"id":137343,"date":"2025-05-18T22:55:24","date_gmt":"2025-05-18T22:55:24","guid":{"rendered":"https:\/\/staging2.stylingagenten.com\/fi\/produkt\/calvin-klein-ck-in2u-him-edt-150ml\/"},"modified":"2026-04-10T07:18:25","modified_gmt":"2026-04-10T07:18:25","slug":"calvin-klein-ck-in2u-him-edt-150ml","status":"publish","type":"product","link":"https:\/\/stylingagenten.com\/fi\/tuote\/calvin-klein-ck-in2u-him-edt-150ml\/","title":{"rendered":"Calvin Klein CK IN2U Him Edt 150ml"},"content":{"rendered":"<p>Calvin Klein CK IN2U Him on raikas, it\u00e4mainen ja puinen tuoksu niille, jotka el\u00e4v\u00e4t hetkess\u00e4.<\/p>\n<p><strong>Tuoksutuoksu:<\/strong> greipinlehti, limetti, gin fizz, himme\u00e4 tangelo , kaakaopapu, pimento, viherminttu, myski, vetiveria\u00f6ljy ja valkoinen setri.<\/p>\n","protected":false},"excerpt":{"rendered":"<p>Calvin Klein CK IN2U Him on raikas, it\u00e4mainen ja puinen tuoksu niille, jotka el\u00e4v\u00e4t hetkess\u00e4. Tuoksutuoksu: greipinlehti, limetti, gin fizz, himme\u00e4 tangelo , kaakaopapu, pimento, viherminttu, myski, vetiveria\u00f6ljy ja valkoinen setri.<\/p>\n","protected":false},"featured_media":137334,"comment_status":"open","ping_status":"closed","template":"","meta":{"_trash_the_other_posts":false},"product_brand":[],"product_cat":[746,1006,1000,709,1003,735],"product_tag":[2637],"berocket_brand":[1014],"class_list":{"0":"post-137343","1":"product","2":"type-product","3":"status-publish","4":"has-post-thumbnail","6":"product_cat-calvin-klein-ck-in2u","7":"product_cat-kampanjahinta","8":"product_cat-kampanjatarjous-miehelle","9":"product_cat-miesten-eau-de-toilette","10":"product_cat-myydyimmat","11":"product_cat-kampanjamme","12":"product_tag-calvin-klein-ck-in2u-him-edt","13":"pa_brand-calvin-klein","14":"pa_variantti-150ml","15":"berocket_brand-calvin-klein","17":"first","18":"instock","19":"sale","20":"taxable","21":"shipping-taxable","22":"purchasable","23":"product-type-simple"},"_links":{"self":[{"href":"https:\/\/stylingagenten.com\/fi\/wp-json\/wp\/v2\/product\/137343","targetHints":{"allow":["GET"]}}],"collection":[{"href":"https:\/\/stylingagenten.com\/fi\/wp-json\/wp\/v2\/product"}],"about":[{"href":"https:\/\/stylingagenten.com\/fi\/wp-json\/wp\/v2\/types\/product"}],"replies":[{"embeddable":true,"href":"https:\/\/stylingagenten.com\/fi\/wp-json\/wp\/v2\/comments?post=137343"}],"version-history":[{"count":0,"href":"https:\/\/stylingagenten.com\/fi\/wp-json\/wp\/v2\/product\/137343\/revisions"}],"wp:featuredmedia":[{"embeddable":true,"href":"https:\/\/stylingagenten.com\/fi\/wp-json\/wp\/v2\/media\/137334"}],"wp:attachment":[{"href":"https:\/\/stylingagenten.com\/fi\/wp-json\/wp\/v2\/media?parent=137343"}],"wp:term":[{"taxonomy":"product_brand","embeddable":true,"href":"https:\/\/stylingagenten.com\/fi\/wp-json\/wp\/v2\/product_brand?post=137343"},{"taxonomy":"product_cat","embeddable":true,"href":"https:\/\/stylingagenten.com\/fi\/wp-json\/wp\/v2\/product_cat?post=137343"},{"taxonomy":"product_tag","embeddable":true,"href":"https:\/\/stylingagenten.com\/fi\/wp-json\/wp\/v2\/product_tag?post=137343"},{"taxonomy":"berocket_brand","embeddable":true,"href":"https:\/\/stylingagenten.com\/fi\/wp-json\/wp\/v2\/berocket_brand?post=137343"}],"curies":[{"name":"wp","href":"https:\/\/api.w.org\/{rel}","templated":true}]}}