{"id":137288,"date":"2025-05-18T22:55:08","date_gmt":"2025-05-18T22:55:08","guid":{"rendered":"https:\/\/staging2.stylingagenten.com\/fi\/produkt\/mountaineer-brand-white-water-flex-spray-120ml\/"},"modified":"2026-04-08T15:28:22","modified_gmt":"2026-04-08T15:28:22","slug":"mountaineer-brand-white-water-flex-spray-120ml","status":"publish","type":"product","link":"https:\/\/stylingagenten.com\/fi\/tuote\/mountaineer-brand-white-water-flex-spray-120ml\/","title":{"rendered":"Mountaineer Brand White Water Flex Spray 120ml"},"content":{"rendered":"<p>Mountaineer Brand White Water Flex Spray 120 ml<br \/>Mountaineer Brand on markkinajohtaja uusien tuotteiden tuomisessa markkinoille. Uusin lis\u00e4ys on Smokey Bourbon Flex Spray, josta on tullut eritt\u00e4in suosittu Yhdysvalloissa: se on t\u00e4ysin luonnollinen K\u00f6lnin vesi, joka on suunniteltu suihkutettavaksi kehollesi ja miss\u00e4 tahansa haluat tuoksua suosikki Mountaineer Brand -tuoksullesi. Suihkuta sit\u00e4 autoosi, vaatteillesi, kuntosalilaukkuun, lakanoihin tai minne tahansa, jossa haluat virkist\u00e4yty\u00e4. Taivuta tuoksusi t\u00e4ll\u00e4 &#8221;joustavalla&#8221; suihkeella! Tuoksu: Minttu, setri ja myski. Koko: 120ml<\/p>\n","protected":false},"excerpt":{"rendered":"<p>Mountaineer Brand White Water Flex Spray 120 mlMountaineer Brand on markkinajohtaja uusien tuotteiden tuomisessa markkinoille. Uusin lis\u00e4ys on Smokey Bourbon Flex Spray, josta on tullut eritt\u00e4in suosittu Yhdysvalloissa: se on t\u00e4ysin luonnollinen K\u00f6lnin vesi, joka on suunniteltu suihkutettavaksi kehollesi ja miss\u00e4 tahansa haluat tuoksua suosikki Mountaineer Brand -tuoksullesi. Suihkuta sit\u00e4 autoosi, vaatteillesi, kuntosalilaukkuun, lakanoihin tai [&hellip;]<\/p>\n","protected":false},"featured_media":137287,"comment_status":"open","ping_status":"closed","template":"","meta":{"_trash_the_other_posts":false},"product_brand":[],"product_cat":[710,1000,1005,735],"product_tag":[],"berocket_brand":[1110],"class_list":{"0":"post-137288","1":"product","2":"type-product","3":"status-publish","4":"has-post-thumbnail","6":"product_cat-eau-de-cologne-miehet","7":"product_cat-kampanjatarjous-miehelle","8":"product_cat-outlet","9":"product_cat-kampanjamme","10":"pa_brand-mountaineer-brand","11":"berocket_brand-mountaineer-brand","13":"first","14":"instock","15":"sale","16":"taxable","17":"shipping-taxable","18":"purchasable","19":"product-type-simple"},"_links":{"self":[{"href":"https:\/\/stylingagenten.com\/fi\/wp-json\/wp\/v2\/product\/137288","targetHints":{"allow":["GET"]}}],"collection":[{"href":"https:\/\/stylingagenten.com\/fi\/wp-json\/wp\/v2\/product"}],"about":[{"href":"https:\/\/stylingagenten.com\/fi\/wp-json\/wp\/v2\/types\/product"}],"replies":[{"embeddable":true,"href":"https:\/\/stylingagenten.com\/fi\/wp-json\/wp\/v2\/comments?post=137288"}],"version-history":[{"count":0,"href":"https:\/\/stylingagenten.com\/fi\/wp-json\/wp\/v2\/product\/137288\/revisions"}],"wp:featuredmedia":[{"embeddable":true,"href":"https:\/\/stylingagenten.com\/fi\/wp-json\/wp\/v2\/media\/137287"}],"wp:attachment":[{"href":"https:\/\/stylingagenten.com\/fi\/wp-json\/wp\/v2\/media?parent=137288"}],"wp:term":[{"taxonomy":"product_brand","embeddable":true,"href":"https:\/\/stylingagenten.com\/fi\/wp-json\/wp\/v2\/product_brand?post=137288"},{"taxonomy":"product_cat","embeddable":true,"href":"https:\/\/stylingagenten.com\/fi\/wp-json\/wp\/v2\/product_cat?post=137288"},{"taxonomy":"product_tag","embeddable":true,"href":"https:\/\/stylingagenten.com\/fi\/wp-json\/wp\/v2\/product_tag?post=137288"},{"taxonomy":"berocket_brand","embeddable":true,"href":"https:\/\/stylingagenten.com\/fi\/wp-json\/wp\/v2\/berocket_brand?post=137288"}],"curies":[{"name":"wp","href":"https:\/\/api.w.org\/{rel}","templated":true}]}}