{"id":137244,"date":"2025-05-18T22:54:59","date_gmt":"2025-05-18T22:54:59","guid":{"rendered":"https:\/\/staging2.stylingagenten.com\/fi\/produkt\/mountaineer-brand-smokey-bourbon-flex-spray-120ml\/"},"modified":"2026-04-08T15:27:52","modified_gmt":"2026-04-08T15:27:52","slug":"mountaineer-brand-smokey-bourbon-flex-spray-120ml","status":"publish","type":"product","link":"https:\/\/stylingagenten.com\/fi\/tuote\/mountaineer-brand-smokey-bourbon-flex-spray-120ml\/","title":{"rendered":"Mountaineer Brand Smokey Bourbon Flex Spray 120ml"},"content":{"rendered":"<p>Mountaineer Brand Smokey Bourbon Flex Spray 120 ml<br \/>Mountainer Brand on markkinajohtaja uusien tuotteiden tuomisessa. Uusin lis\u00e4ys on Smokey Bourbon Flex Spray, josta on tullut eritt\u00e4in suosittu Yhdysvalloissa: se on t\u00e4ysin luonnollinen K\u00f6lnin vesi, joka on suunniteltu suihkutettavaksi kehollesi ja miss\u00e4 tahansa haluat tuoksua suosikki Mountaineer Brand -tuoksullesi. Suihkuta sit\u00e4 autoosi, vaatteillesi, kuntosalilaukkuun, lakanoihin tai minne tahansa, jossa haluat virkist\u00e4yty\u00e4. Taivuta tuoksusi t\u00e4ll\u00e4 &#8221;joustavalla&#8221; suihkeella! Tuoksu: Bourbon, Cypress ja Tobacco Koko 120ml<\/p>\n","protected":false},"excerpt":{"rendered":"<p>Mountaineer Brand Smokey Bourbon Flex Spray 120 mlMountainer Brand on markkinajohtaja uusien tuotteiden tuomisessa. Uusin lis\u00e4ys on Smokey Bourbon Flex Spray, josta on tullut eritt\u00e4in suosittu Yhdysvalloissa: se on t\u00e4ysin luonnollinen K\u00f6lnin vesi, joka on suunniteltu suihkutettavaksi kehollesi ja miss\u00e4 tahansa haluat tuoksua suosikki Mountaineer Brand -tuoksullesi. Suihkuta sit\u00e4 autoosi, vaatteillesi, kuntosalilaukkuun, lakanoihin tai minne [&hellip;]<\/p>\n","protected":false},"featured_media":137243,"comment_status":"open","ping_status":"closed","template":"","meta":{"_trash_the_other_posts":false},"product_brand":[],"product_cat":[710,1000,735],"product_tag":[],"berocket_brand":[1110],"class_list":{"0":"post-137244","1":"product","2":"type-product","3":"status-publish","4":"has-post-thumbnail","6":"product_cat-eau-de-cologne-miehet","7":"product_cat-kampanjatarjous-miehelle","8":"product_cat-kampanjamme","9":"pa_brand-mountaineer-brand","10":"berocket_brand-mountaineer-brand","12":"first","13":"instock","14":"sale","15":"taxable","16":"shipping-taxable","17":"purchasable","18":"product-type-simple"},"_links":{"self":[{"href":"https:\/\/stylingagenten.com\/fi\/wp-json\/wp\/v2\/product\/137244","targetHints":{"allow":["GET"]}}],"collection":[{"href":"https:\/\/stylingagenten.com\/fi\/wp-json\/wp\/v2\/product"}],"about":[{"href":"https:\/\/stylingagenten.com\/fi\/wp-json\/wp\/v2\/types\/product"}],"replies":[{"embeddable":true,"href":"https:\/\/stylingagenten.com\/fi\/wp-json\/wp\/v2\/comments?post=137244"}],"version-history":[{"count":0,"href":"https:\/\/stylingagenten.com\/fi\/wp-json\/wp\/v2\/product\/137244\/revisions"}],"wp:featuredmedia":[{"embeddable":true,"href":"https:\/\/stylingagenten.com\/fi\/wp-json\/wp\/v2\/media\/137243"}],"wp:attachment":[{"href":"https:\/\/stylingagenten.com\/fi\/wp-json\/wp\/v2\/media?parent=137244"}],"wp:term":[{"taxonomy":"product_brand","embeddable":true,"href":"https:\/\/stylingagenten.com\/fi\/wp-json\/wp\/v2\/product_brand?post=137244"},{"taxonomy":"product_cat","embeddable":true,"href":"https:\/\/stylingagenten.com\/fi\/wp-json\/wp\/v2\/product_cat?post=137244"},{"taxonomy":"product_tag","embeddable":true,"href":"https:\/\/stylingagenten.com\/fi\/wp-json\/wp\/v2\/product_tag?post=137244"},{"taxonomy":"berocket_brand","embeddable":true,"href":"https:\/\/stylingagenten.com\/fi\/wp-json\/wp\/v2\/berocket_brand?post=137244"}],"curies":[{"name":"wp","href":"https:\/\/api.w.org\/{rel}","templated":true}]}}