{"id":137214,"date":"2025-05-18T22:54:51","date_gmt":"2025-05-18T22:54:51","guid":{"rendered":"https:\/\/staging2.stylingagenten.com\/fi\/produkt\/yves-saint-laurent-y-men-edt-40ml\/"},"modified":"2025-11-19T12:35:38","modified_gmt":"2025-11-19T12:35:38","slug":"yves-saint-laurent-y-men-edt-40ml","status":"publish","type":"product","link":"https:\/\/stylingagenten.com\/fi\/tuote\/yves-saint-laurent-y-men-edt-40ml\/","title":{"rendered":"Yves Saint Laurent Y Men Edt 40ml"},"content":{"rendered":"<p>Yves Saint Laurent Y Men Edt 40 ml<br \/>Y-mies: Luova ja itsen\u00e4inen mies.<\/p>\n<p>Y UUSI EAU DE TOILETTE vangitsee uuden ja intiimimm\u00e4n luvun Y-miehen tarinassa, ja sen v\u00e4litt\u00e4\u00e4 Y:n ikoninen suurl\u00e4hettil\u00e4s Lenny Kravitz. Peloton mies, joka kohtaa kaikki haasteet ja uskoo itseens\u00e4. H\u00e4n huokuu kaikkia kokemuksia, jotka ovat tehneet h\u00e4nest\u00e4 sen, mik\u00e4 h\u00e4n on. H\u00e4nen mottonsa: Tiet\u00e4\u00e4ksesi minne olet menossa, sinun on tiedett\u00e4v\u00e4, mist\u00e4 tulit. Etsi juuresi. Kuuntele \u00e4\u00e4ni\u00e4, koe aistimuksia ja tunne hajuja, jotka muovasivat sinua. Etk\u00f6?<\/p>\n<p>Raikas ja intensiivisen seksik\u00e4s itsens\u00e4 toteuttamisen tuoksu.<\/p>\n<p>New Y EAU DE TOILETTE on mineraalituoksu, jossa on puumaisia \u200b\u200bvivahteita, jotka eroavat raikkaalta laventelilta ja Provencen aromaattisesta salviasta raikkaalla vihre\u00e4 geranium bourbon syd\u00e4n Madagaskarilta: kolme ainesosaa, jotka on luotu YSL BEAUTY:lle. Tuoreutta yhdist\u00e4\u00e4 aistillisen puun l\u00e4mp\u00f6, \u200b\u200bseksik\u00e4s ambra ja koukuttava suitsuke. Uusi intensiteetin taso. Uusi, sininen puhtauden ja aistillisuuden aalto. Y EAU DE TOILETTE on virkist\u00e4v\u00e4, voimakas ja pitk\u00e4kestoinen: 12 tuntia poikkeuksellista tehoa yhdell\u00e4 suihkeella. Helppok\u00e4ytt\u00f6inen. Helppo rakastaa. Se on viile\u00e4mpi, kuumempi ja kest\u00e4\u00e4 pidemp\u00e4\u00e4n kuin koskaan.<\/p>\n","protected":false},"excerpt":{"rendered":"<p>Yves Saint Laurent Y Men Edt 40 mlY-mies: Luova ja itsen\u00e4inen mies. Y UUSI EAU DE TOILETTE vangitsee uuden ja intiimimm\u00e4n luvun Y-miehen tarinassa, ja sen v\u00e4litt\u00e4\u00e4 Y:n ikoninen suurl\u00e4hettil\u00e4s Lenny Kravitz. Peloton mies, joka kohtaa kaikki haasteet ja uskoo itseens\u00e4. H\u00e4n huokuu kaikkia kokemuksia, jotka ovat tehneet h\u00e4nest\u00e4 sen, mik\u00e4 h\u00e4n on. H\u00e4nen mottonsa: [&hellip;]<\/p>\n","protected":false},"featured_media":137210,"comment_status":"open","ping_status":"closed","template":"","meta":{"_trash_the_other_posts":false},"product_brand":[],"product_cat":[709,1003],"product_tag":[],"berocket_brand":[1119],"class_list":{"0":"post-137214","1":"product","2":"type-product","3":"status-publish","4":"has-post-thumbnail","6":"product_cat-miesten-eau-de-toilette","7":"product_cat-myydyimmat","8":"pa_brand-yves-saint-laurent","9":"berocket_brand-yves-saint-laurent","11":"first","12":"outofstock","13":"sale","14":"taxable","15":"shipping-taxable","16":"purchasable","17":"product-type-simple"},"_links":{"self":[{"href":"https:\/\/stylingagenten.com\/fi\/wp-json\/wp\/v2\/product\/137214","targetHints":{"allow":["GET"]}}],"collection":[{"href":"https:\/\/stylingagenten.com\/fi\/wp-json\/wp\/v2\/product"}],"about":[{"href":"https:\/\/stylingagenten.com\/fi\/wp-json\/wp\/v2\/types\/product"}],"replies":[{"embeddable":true,"href":"https:\/\/stylingagenten.com\/fi\/wp-json\/wp\/v2\/comments?post=137214"}],"version-history":[{"count":0,"href":"https:\/\/stylingagenten.com\/fi\/wp-json\/wp\/v2\/product\/137214\/revisions"}],"wp:featuredmedia":[{"embeddable":true,"href":"https:\/\/stylingagenten.com\/fi\/wp-json\/wp\/v2\/media\/137210"}],"wp:attachment":[{"href":"https:\/\/stylingagenten.com\/fi\/wp-json\/wp\/v2\/media?parent=137214"}],"wp:term":[{"taxonomy":"product_brand","embeddable":true,"href":"https:\/\/stylingagenten.com\/fi\/wp-json\/wp\/v2\/product_brand?post=137214"},{"taxonomy":"product_cat","embeddable":true,"href":"https:\/\/stylingagenten.com\/fi\/wp-json\/wp\/v2\/product_cat?post=137214"},{"taxonomy":"product_tag","embeddable":true,"href":"https:\/\/stylingagenten.com\/fi\/wp-json\/wp\/v2\/product_tag?post=137214"},{"taxonomy":"berocket_brand","embeddable":true,"href":"https:\/\/stylingagenten.com\/fi\/wp-json\/wp\/v2\/berocket_brand?post=137214"}],"curies":[{"name":"wp","href":"https:\/\/api.w.org\/{rel}","templated":true}]}}