{"id":137208,"date":"2025-05-18T22:54:50","date_gmt":"2025-05-18T22:54:50","guid":{"rendered":"https:\/\/staging2.stylingagenten.com\/fi\/produkt\/lacoste-l-12-12-blanc-eau-intense-edt-50ml\/"},"modified":"2026-03-21T14:47:26","modified_gmt":"2026-03-21T14:47:26","slug":"lacoste-l-12-12-blanc-eau-intense-edt-50ml","status":"publish","type":"product","link":"https:\/\/stylingagenten.com\/fi\/tuote\/lacoste-l-12-12-blanc-eau-intense-edt-50ml\/","title":{"rendered":"Lacoste L.12.12 Blanc Eau Intense Edt 50ml"},"content":{"rendered":"<p>Koe Lacoste L.12.12 Blanc Eau Intensen vastustamaton raikkaus. Luo omat s\u00e4\u00e4nt\u00f6si ja ole oma itsesi Lacoste Eau de Toilette Intensen avulla.<\/p>\n<p>T\u00e4ss\u00e4 intensiivisess\u00e4 ja raikkaassa miesten tuoksussa yhdistyv\u00e4t mehukas mandariini ja laventeli, jota korostavat l\u00e4mpim\u00e4n valkoisen nahan ja vetiverin harmonia. Kontrasti l\u00e4mpim\u00e4n ja kylm\u00e4n v\u00e4lill\u00e4 antaa t\u00e4lle maskuliiniselle foug\u00e8re-tuoksulle ainutlaatuisen eleganssin.<\/p>\n<p>Pullon muuttuvat v\u00e4rit viittaavat tuoksun voimakkuuteen, kun taas muoto, pieni piikikaiverrus ja brodeerattu krokotiili tuovat esiin tuoksun. muista Ren\u00e9 Lacosten suunnittelema ikoninen poolopaita. H\u00e4n mullisti urheilutyylin ja m\u00e4\u00e4ritteli s\u00e4\u00e4nn\u00f6t uudelleen yhdist\u00e4m\u00e4ll\u00e4 eleganssia, itseluottamusta ja dynaamisuutta. Kunnianosoituksena h\u00e4nen kapinalliselle tyylilleen, L.12.12 Blanc Eau Intense antaa jokaiselle mahdollisuuden n\u00e4ytt\u00e4\u00e4 ainutlaatuisen maskuliinisuusnsa pukeutumalla tuoksuun &#8211; aivan kuten Lacoste pique.<\/p>\n<p>Lacoste L.12.12 Blanc Eau Intense Eau de Toilette Butille: Poolopaidosta tuoksuun.<\/p>\n","protected":false},"excerpt":{"rendered":"<p>Koe Lacoste L.12.12 Blanc Eau Intensen vastustamaton raikkaus. Luo omat s\u00e4\u00e4nt\u00f6si ja ole oma itsesi Lacoste Eau de Toilette Intensen avulla. T\u00e4ss\u00e4 intensiivisess\u00e4 ja raikkaassa miesten tuoksussa yhdistyv\u00e4t mehukas mandariini ja laventeli, jota korostavat l\u00e4mpim\u00e4n valkoisen nahan ja vetiverin harmonia. Kontrasti l\u00e4mpim\u00e4n ja kylm\u00e4n v\u00e4lill\u00e4 antaa t\u00e4lle maskuliiniselle foug\u00e8re-tuoksulle ainutlaatuisen eleganssin. Pullon muuttuvat v\u00e4rit viittaavat [&hellip;]<\/p>\n","protected":false},"featured_media":137196,"comment_status":"open","ping_status":"closed","template":"","meta":{"_trash_the_other_posts":false},"product_brand":[],"product_cat":[1000,709,1003,735],"product_tag":[3177],"berocket_brand":[1066],"class_list":{"0":"post-137208","1":"product","2":"type-product","3":"status-publish","4":"has-post-thumbnail","6":"product_cat-kampanjatarjous-miehelle","7":"product_cat-miesten-eau-de-toilette","8":"product_cat-myydyimmat","9":"product_cat-kampanjamme","10":"product_tag-lacoste-l-12-12-blanc-eau-intense-edt","11":"pa_brand-lacoste","12":"pa_variantti-50ml","13":"berocket_brand-lacoste","15":"first","16":"outofstock","17":"sale","18":"taxable","19":"shipping-taxable","20":"purchasable","21":"product-type-simple"},"_links":{"self":[{"href":"https:\/\/stylingagenten.com\/fi\/wp-json\/wp\/v2\/product\/137208","targetHints":{"allow":["GET"]}}],"collection":[{"href":"https:\/\/stylingagenten.com\/fi\/wp-json\/wp\/v2\/product"}],"about":[{"href":"https:\/\/stylingagenten.com\/fi\/wp-json\/wp\/v2\/types\/product"}],"replies":[{"embeddable":true,"href":"https:\/\/stylingagenten.com\/fi\/wp-json\/wp\/v2\/comments?post=137208"}],"version-history":[{"count":0,"href":"https:\/\/stylingagenten.com\/fi\/wp-json\/wp\/v2\/product\/137208\/revisions"}],"wp:featuredmedia":[{"embeddable":true,"href":"https:\/\/stylingagenten.com\/fi\/wp-json\/wp\/v2\/media\/137196"}],"wp:attachment":[{"href":"https:\/\/stylingagenten.com\/fi\/wp-json\/wp\/v2\/media?parent=137208"}],"wp:term":[{"taxonomy":"product_brand","embeddable":true,"href":"https:\/\/stylingagenten.com\/fi\/wp-json\/wp\/v2\/product_brand?post=137208"},{"taxonomy":"product_cat","embeddable":true,"href":"https:\/\/stylingagenten.com\/fi\/wp-json\/wp\/v2\/product_cat?post=137208"},{"taxonomy":"product_tag","embeddable":true,"href":"https:\/\/stylingagenten.com\/fi\/wp-json\/wp\/v2\/product_tag?post=137208"},{"taxonomy":"berocket_brand","embeddable":true,"href":"https:\/\/stylingagenten.com\/fi\/wp-json\/wp\/v2\/berocket_brand?post=137208"}],"curies":[{"name":"wp","href":"https:\/\/api.w.org\/{rel}","templated":true}]}}