{"id":137203,"date":"2025-05-18T22:54:49","date_gmt":"2025-05-18T22:54:49","guid":{"rendered":"https:\/\/staging2.stylingagenten.com\/fi\/produkt\/hermes-terre-dhermes-edt-100ml\/"},"modified":"2026-03-11T22:05:09","modified_gmt":"2026-03-11T22:05:09","slug":"hermes-terre-dhermes-edt-100ml","status":"publish","type":"product","link":"https:\/\/stylingagenten.com\/fi\/tuote\/hermes-terre-dhermes-edt-100ml\/","title":{"rendered":"Hermes Terre d&#8217;Hermes Edt 100ml"},"content":{"rendered":"<p>Hermes Terre d&#8217;Hermes Edt 100 ml <br \/>Pippurin ja sitruunan voimakkaat nuotit yhdistyv\u00e4t piikiveen, selke\u00e4n\u00e4 j\u00e4ljen\u00e4 maasta.<br \/>Terre d&#8217;Herm\u00e8s kertoo ihmisen ja maan suhteesta, n\u00f6yr\u00e4st\u00e4 ja harmonisesta vuoropuhelusta luonto ja elementit. Terre d&#8217;Herm\u00e8s on tuoksu, joka yhdist\u00e4\u00e4 ihmisen uudelleen h\u00e4nen alkuper\u00e4\u00e4ns\u00e4 ja luovan voiman l\u00e4hteen.<\/p>\n","protected":false},"excerpt":{"rendered":"<p>Hermes Terre d&#8217;Hermes Edt 100 ml Pippurin ja sitruunan voimakkaat nuotit yhdistyv\u00e4t piikiveen, selke\u00e4n\u00e4 j\u00e4ljen\u00e4 maasta.Terre d&#8217;Herm\u00e8s kertoo ihmisen ja maan suhteesta, n\u00f6yr\u00e4st\u00e4 ja harmonisesta vuoropuhelusta luonto ja elementit. Terre d&#8217;Herm\u00e8s on tuoksu, joka yhdist\u00e4\u00e4 ihmisen uudelleen h\u00e4nen alkuper\u00e4\u00e4ns\u00e4 ja luovan voiman l\u00e4hteen.<\/p>\n","protected":false},"featured_media":137194,"comment_status":"open","ping_status":"closed","template":"","meta":{"_trash_the_other_posts":false},"product_brand":[],"product_cat":[1000,709,735],"product_tag":[2967],"berocket_brand":[1337],"class_list":{"0":"post-137203","1":"product","2":"type-product","3":"status-publish","4":"has-post-thumbnail","6":"product_cat-kampanjatarjous-miehelle","7":"product_cat-miesten-eau-de-toilette","8":"product_cat-kampanjamme","9":"product_tag-hermes-terre-dhermes-edt","10":"pa_brand-hermes","11":"pa_variantti-100ml","12":"berocket_brand-hermes","14":"first","15":"instock","16":"sale","17":"taxable","18":"shipping-taxable","19":"purchasable","20":"product-type-simple"},"_links":{"self":[{"href":"https:\/\/stylingagenten.com\/fi\/wp-json\/wp\/v2\/product\/137203","targetHints":{"allow":["GET"]}}],"collection":[{"href":"https:\/\/stylingagenten.com\/fi\/wp-json\/wp\/v2\/product"}],"about":[{"href":"https:\/\/stylingagenten.com\/fi\/wp-json\/wp\/v2\/types\/product"}],"replies":[{"embeddable":true,"href":"https:\/\/stylingagenten.com\/fi\/wp-json\/wp\/v2\/comments?post=137203"}],"version-history":[{"count":0,"href":"https:\/\/stylingagenten.com\/fi\/wp-json\/wp\/v2\/product\/137203\/revisions"}],"wp:featuredmedia":[{"embeddable":true,"href":"https:\/\/stylingagenten.com\/fi\/wp-json\/wp\/v2\/media\/137194"}],"wp:attachment":[{"href":"https:\/\/stylingagenten.com\/fi\/wp-json\/wp\/v2\/media?parent=137203"}],"wp:term":[{"taxonomy":"product_brand","embeddable":true,"href":"https:\/\/stylingagenten.com\/fi\/wp-json\/wp\/v2\/product_brand?post=137203"},{"taxonomy":"product_cat","embeddable":true,"href":"https:\/\/stylingagenten.com\/fi\/wp-json\/wp\/v2\/product_cat?post=137203"},{"taxonomy":"product_tag","embeddable":true,"href":"https:\/\/stylingagenten.com\/fi\/wp-json\/wp\/v2\/product_tag?post=137203"},{"taxonomy":"berocket_brand","embeddable":true,"href":"https:\/\/stylingagenten.com\/fi\/wp-json\/wp\/v2\/berocket_brand?post=137203"}],"curies":[{"name":"wp","href":"https:\/\/api.w.org\/{rel}","templated":true}]}}