{"id":137178,"date":"2025-05-18T22:54:45","date_gmt":"2025-05-18T22:54:45","guid":{"rendered":"https:\/\/staging2.stylingagenten.com\/fi\/produkt\/sergio-tacchini-pure-black-edt-100ml\/"},"modified":"2026-04-08T15:27:58","modified_gmt":"2026-04-08T15:27:58","slug":"sergio-tacchini-pure-black-edt-100ml","status":"publish","type":"product","link":"https:\/\/stylingagenten.com\/fi\/tuote\/sergio-tacchini-pure-black-edt-100ml\/","title":{"rendered":"Sergio Tacchini Pure Black Edt 100ml"},"content":{"rendered":"<p>Sergio Tacchini Pure Black Edt on eloisa, moderni ja karismaattinen tuoksu, joka on suunniteltu miehelle, jolla on vahva persoonallisuus ja joka ei halua j\u00e4\u00e4d\u00e4 huomaamatta. Pure Black on rohkea ja p\u00e4\u00e4tt\u00e4v\u00e4inen tuoksu, jossa yhdistyv\u00e4t puisten perustuoksujen eleganssi Provencen aromaattisten yl\u00e4tuoksujen raikkauteen: laventeli, rosmariini, rakuuna, salvia ja absintti.<br \/>Syd\u00e4mess\u00e4 resonoivat majesteettisen wisterian kukka- ja puuosat. , vetiveria\u00f6ljy\u00e4 ja santelipuuta, joka huipentuu aistillisiin ja l\u00e4mpimiin myski- ja meripihkatuoksuihin pohjassa. Tuoksu, jossa on aito ja aistillinen j\u00e4lki, joka ei j\u00e4\u00e4 huomaamatta.<\/p>\n","protected":false},"excerpt":{"rendered":"<p>Sergio Tacchini Pure Black Edt on eloisa, moderni ja karismaattinen tuoksu, joka on suunniteltu miehelle, jolla on vahva persoonallisuus ja joka ei halua j\u00e4\u00e4d\u00e4 huomaamatta. Pure Black on rohkea ja p\u00e4\u00e4tt\u00e4v\u00e4inen tuoksu, jossa yhdistyv\u00e4t puisten perustuoksujen eleganssi Provencen aromaattisten yl\u00e4tuoksujen raikkauteen: laventeli, rosmariini, rakuuna, salvia ja absintti.Syd\u00e4mess\u00e4 resonoivat majesteettisen wisterian kukka- ja puuosat. , vetiveria\u00f6ljy\u00e4 [&hellip;]<\/p>\n","protected":false},"featured_media":137174,"comment_status":"open","ping_status":"closed","template":"","meta":{"_trash_the_other_posts":false},"product_brand":[],"product_cat":[1000,709,735],"product_tag":[],"berocket_brand":[1130],"class_list":{"0":"post-137178","1":"product","2":"type-product","3":"status-publish","4":"has-post-thumbnail","6":"product_cat-kampanjatarjous-miehelle","7":"product_cat-miesten-eau-de-toilette","8":"product_cat-kampanjamme","9":"pa_brand-sergio-tacchini","10":"berocket_brand-sergio-tacchini","12":"first","13":"outofstock","14":"sale","15":"taxable","16":"shipping-taxable","17":"purchasable","18":"product-type-simple"},"_links":{"self":[{"href":"https:\/\/stylingagenten.com\/fi\/wp-json\/wp\/v2\/product\/137178","targetHints":{"allow":["GET"]}}],"collection":[{"href":"https:\/\/stylingagenten.com\/fi\/wp-json\/wp\/v2\/product"}],"about":[{"href":"https:\/\/stylingagenten.com\/fi\/wp-json\/wp\/v2\/types\/product"}],"replies":[{"embeddable":true,"href":"https:\/\/stylingagenten.com\/fi\/wp-json\/wp\/v2\/comments?post=137178"}],"version-history":[{"count":0,"href":"https:\/\/stylingagenten.com\/fi\/wp-json\/wp\/v2\/product\/137178\/revisions"}],"wp:featuredmedia":[{"embeddable":true,"href":"https:\/\/stylingagenten.com\/fi\/wp-json\/wp\/v2\/media\/137174"}],"wp:attachment":[{"href":"https:\/\/stylingagenten.com\/fi\/wp-json\/wp\/v2\/media?parent=137178"}],"wp:term":[{"taxonomy":"product_brand","embeddable":true,"href":"https:\/\/stylingagenten.com\/fi\/wp-json\/wp\/v2\/product_brand?post=137178"},{"taxonomy":"product_cat","embeddable":true,"href":"https:\/\/stylingagenten.com\/fi\/wp-json\/wp\/v2\/product_cat?post=137178"},{"taxonomy":"product_tag","embeddable":true,"href":"https:\/\/stylingagenten.com\/fi\/wp-json\/wp\/v2\/product_tag?post=137178"},{"taxonomy":"berocket_brand","embeddable":true,"href":"https:\/\/stylingagenten.com\/fi\/wp-json\/wp\/v2\/berocket_brand?post=137178"}],"curies":[{"name":"wp","href":"https:\/\/api.w.org\/{rel}","templated":true}]}}