{"id":137153,"date":"2025-05-18T22:54:40","date_gmt":"2025-05-18T22:54:40","guid":{"rendered":"https:\/\/staging2.stylingagenten.com\/fi\/produkt\/tom-ford-grey-vetiver-edp-50ml\/"},"modified":"2026-03-26T18:23:29","modified_gmt":"2026-03-26T18:23:29","slug":"tom-ford-grey-vetiver-edp-50ml","status":"publish","type":"product","link":"https:\/\/stylingagenten.com\/fi\/tuote\/tom-ford-grey-vetiver-edp-50ml\/","title":{"rendered":"Tom Ford Grey Vetiver Edp 50ml"},"content":{"rendered":"<p>Tom Ford Grey Vetiver vangitsee karismaattisen maskuliinisuuden olemuksen. Tyylik\u00e4s ja erinomainen valikoima miesten hajuvett\u00e4, jossa on katkera sitrustuoksu.<\/p>\n<p><strong>Tuoksutuoksu:&nbsp;<\/strong>greippi, appelsiininkukka, salvia, muskottip\u00e4hkin\u00e4, runsaat mausteet, puu, tamm sammal, mets\u00e4 ja ambra.<\/p>\n","protected":false},"excerpt":{"rendered":"<p>Tom Ford Grey Vetiver vangitsee karismaattisen maskuliinisuuden olemuksen. Tyylik\u00e4s ja erinomainen valikoima miesten hajuvett\u00e4, jossa on katkera sitrustuoksu. Tuoksutuoksu:&nbsp;greippi, appelsiininkukka, salvia, muskottip\u00e4hkin\u00e4, runsaat mausteet, puu, tamm sammal, mets\u00e4 ja ambra.<\/p>\n","protected":false},"featured_media":137152,"comment_status":"open","ping_status":"closed","template":"","meta":{"_trash_the_other_posts":false},"product_brand":[],"product_cat":[708,1000,1005,735],"product_tag":[],"berocket_brand":[1158],"class_list":{"0":"post-137153","1":"product","2":"type-product","3":"status-publish","4":"has-post-thumbnail","6":"product_cat-eau-de-parfum-miesten","7":"product_cat-kampanjatarjous-miehelle","8":"product_cat-outlet","9":"product_cat-kampanjamme","10":"pa_brand-tom-ford","11":"berocket_brand-tom-ford","13":"first","14":"instock","15":"sale","16":"taxable","17":"shipping-taxable","18":"purchasable","19":"product-type-simple"},"_links":{"self":[{"href":"https:\/\/stylingagenten.com\/fi\/wp-json\/wp\/v2\/product\/137153","targetHints":{"allow":["GET"]}}],"collection":[{"href":"https:\/\/stylingagenten.com\/fi\/wp-json\/wp\/v2\/product"}],"about":[{"href":"https:\/\/stylingagenten.com\/fi\/wp-json\/wp\/v2\/types\/product"}],"replies":[{"embeddable":true,"href":"https:\/\/stylingagenten.com\/fi\/wp-json\/wp\/v2\/comments?post=137153"}],"version-history":[{"count":0,"href":"https:\/\/stylingagenten.com\/fi\/wp-json\/wp\/v2\/product\/137153\/revisions"}],"wp:featuredmedia":[{"embeddable":true,"href":"https:\/\/stylingagenten.com\/fi\/wp-json\/wp\/v2\/media\/137152"}],"wp:attachment":[{"href":"https:\/\/stylingagenten.com\/fi\/wp-json\/wp\/v2\/media?parent=137153"}],"wp:term":[{"taxonomy":"product_brand","embeddable":true,"href":"https:\/\/stylingagenten.com\/fi\/wp-json\/wp\/v2\/product_brand?post=137153"},{"taxonomy":"product_cat","embeddable":true,"href":"https:\/\/stylingagenten.com\/fi\/wp-json\/wp\/v2\/product_cat?post=137153"},{"taxonomy":"product_tag","embeddable":true,"href":"https:\/\/stylingagenten.com\/fi\/wp-json\/wp\/v2\/product_tag?post=137153"},{"taxonomy":"berocket_brand","embeddable":true,"href":"https:\/\/stylingagenten.com\/fi\/wp-json\/wp\/v2\/berocket_brand?post=137153"}],"curies":[{"name":"wp","href":"https:\/\/api.w.org\/{rel}","templated":true}]}}