{"id":137138,"date":"2025-05-18T22:54:37","date_gmt":"2025-05-18T22:54:37","guid":{"rendered":"https:\/\/staging2.stylingagenten.com\/fi\/produkt\/ralph-lauren-polo-red-for-men-edp-75ml\/"},"modified":"2026-03-28T21:18:29","modified_gmt":"2026-03-28T21:18:29","slug":"ralph-lauren-polo-red-for-men-edp-75ml","status":"publish","type":"product","link":"https:\/\/stylingagenten.com\/fi\/tuote\/ralph-lauren-polo-red-for-men-edp-75ml\/","title":{"rendered":"Ralph Lauren Polo Red For Men Edp 75ml"},"content":{"rendered":"<p>L\u00f6yd\u00e4 Ralph Lauren Polo Red Eau de Parfum, jossa viettely ja hienostuneisuus kohtaavat. Luonnollisen puun rikkaat nuotit nostavat hajuveden ja Polo Red -malliston uudelle, ylelliselle tasolle. Tuore, punainen inkiv\u00e4\u00e4ri antaa l\u00e4mpim\u00e4n ja aistillisen vaikutelman, kun taas aromaattinen salvia antaa tuoksun viettelev\u00e4lle syd\u00e4melle maskuliinisen vaikutelman.<\/p>\n","protected":false},"excerpt":{"rendered":"<p>L\u00f6yd\u00e4 Ralph Lauren Polo Red Eau de Parfum, jossa viettely ja hienostuneisuus kohtaavat. Luonnollisen puun rikkaat nuotit nostavat hajuveden ja Polo Red -malliston uudelle, ylelliselle tasolle. Tuore, punainen inkiv\u00e4\u00e4ri antaa l\u00e4mpim\u00e4n ja aistillisen vaikutelman, kun taas aromaattinen salvia antaa tuoksun viettelev\u00e4lle syd\u00e4melle maskuliinisen vaikutelman.<\/p>\n","protected":false},"featured_media":137134,"comment_status":"open","ping_status":"closed","template":"","meta":{"_trash_the_other_posts":false},"product_brand":[],"product_cat":[708,1000,1003,735],"product_tag":[],"berocket_brand":[1015],"class_list":{"0":"post-137138","1":"product","2":"type-product","3":"status-publish","4":"has-post-thumbnail","6":"product_cat-eau-de-parfum-miesten","7":"product_cat-kampanjatarjous-miehelle","8":"product_cat-myydyimmat","9":"product_cat-kampanjamme","10":"pa_brand-ralph-lauren","11":"berocket_brand-ralph-lauren","13":"first","14":"outofstock","15":"sale","16":"taxable","17":"shipping-taxable","18":"purchasable","19":"product-type-simple"},"_links":{"self":[{"href":"https:\/\/stylingagenten.com\/fi\/wp-json\/wp\/v2\/product\/137138","targetHints":{"allow":["GET"]}}],"collection":[{"href":"https:\/\/stylingagenten.com\/fi\/wp-json\/wp\/v2\/product"}],"about":[{"href":"https:\/\/stylingagenten.com\/fi\/wp-json\/wp\/v2\/types\/product"}],"replies":[{"embeddable":true,"href":"https:\/\/stylingagenten.com\/fi\/wp-json\/wp\/v2\/comments?post=137138"}],"version-history":[{"count":0,"href":"https:\/\/stylingagenten.com\/fi\/wp-json\/wp\/v2\/product\/137138\/revisions"}],"wp:featuredmedia":[{"embeddable":true,"href":"https:\/\/stylingagenten.com\/fi\/wp-json\/wp\/v2\/media\/137134"}],"wp:attachment":[{"href":"https:\/\/stylingagenten.com\/fi\/wp-json\/wp\/v2\/media?parent=137138"}],"wp:term":[{"taxonomy":"product_brand","embeddable":true,"href":"https:\/\/stylingagenten.com\/fi\/wp-json\/wp\/v2\/product_brand?post=137138"},{"taxonomy":"product_cat","embeddable":true,"href":"https:\/\/stylingagenten.com\/fi\/wp-json\/wp\/v2\/product_cat?post=137138"},{"taxonomy":"product_tag","embeddable":true,"href":"https:\/\/stylingagenten.com\/fi\/wp-json\/wp\/v2\/product_tag?post=137138"},{"taxonomy":"berocket_brand","embeddable":true,"href":"https:\/\/stylingagenten.com\/fi\/wp-json\/wp\/v2\/berocket_brand?post=137138"}],"curies":[{"name":"wp","href":"https:\/\/api.w.org\/{rel}","templated":true}]}}