{"id":137126,"date":"2025-05-18T22:54:32","date_gmt":"2025-05-18T22:54:32","guid":{"rendered":"https:\/\/staging2.stylingagenten.com\/fi\/produkt\/calvin-klein-escape-for-men-edt-100ml\/"},"modified":"2026-04-09T07:48:40","modified_gmt":"2026-04-09T07:48:40","slug":"calvin-klein-escape-for-men-edt-100ml","status":"publish","type":"product","link":"https:\/\/stylingagenten.com\/fi\/tuote\/calvin-klein-escape-for-men-edt-100ml\/","title":{"rendered":"Calvin Klein Escape For Men Edt 100ml"},"content":{"rendered":"<p>Calvin Klein Escape for Men on vihre\u00e4, aromaattinen ja raikas mausteinen hajuvesi, joka on yksi monista 90-luvulla lanseeratuista menestyneist\u00e4 tuoksuista.<\/p>\n<p><strong>Tuoksua:<\/strong> kataja , meloni, bergamotti, eukalyptus, sypressi, koivu, vesist\u00f6j\u00e4, santelipuu, patsuli &amp; tammisemmalle.<\/p>\n","protected":false},"excerpt":{"rendered":"<p>Calvin Klein Escape for Men on vihre\u00e4, aromaattinen ja raikas mausteinen hajuvesi, joka on yksi monista 90-luvulla lanseeratuista menestyneist\u00e4 tuoksuista. Tuoksua: kataja , meloni, bergamotti, eukalyptus, sypressi, koivu, vesist\u00f6j\u00e4, santelipuu, patsuli &amp; tammisemmalle.<\/p>\n","protected":false},"featured_media":137119,"comment_status":"open","ping_status":"closed","template":"","meta":{"_trash_the_other_posts":false},"product_brand":[],"product_cat":[792,1000,709,735],"product_tag":[2647],"berocket_brand":[1014],"class_list":{"0":"post-137126","1":"product","2":"type-product","3":"status-publish","4":"has-post-thumbnail","6":"product_cat-calvin-klein-escape","7":"product_cat-kampanjatarjous-miehelle","8":"product_cat-miesten-eau-de-toilette","9":"product_cat-kampanjamme","10":"product_tag-calvin-klein-escape-for-men-edt","11":"pa_brand-calvin-klein","12":"pa_variantti-100ml","13":"berocket_brand-calvin-klein","15":"first","16":"instock","17":"sale","18":"taxable","19":"shipping-taxable","20":"purchasable","21":"product-type-simple"},"_links":{"self":[{"href":"https:\/\/stylingagenten.com\/fi\/wp-json\/wp\/v2\/product\/137126","targetHints":{"allow":["GET"]}}],"collection":[{"href":"https:\/\/stylingagenten.com\/fi\/wp-json\/wp\/v2\/product"}],"about":[{"href":"https:\/\/stylingagenten.com\/fi\/wp-json\/wp\/v2\/types\/product"}],"replies":[{"embeddable":true,"href":"https:\/\/stylingagenten.com\/fi\/wp-json\/wp\/v2\/comments?post=137126"}],"version-history":[{"count":0,"href":"https:\/\/stylingagenten.com\/fi\/wp-json\/wp\/v2\/product\/137126\/revisions"}],"wp:featuredmedia":[{"embeddable":true,"href":"https:\/\/stylingagenten.com\/fi\/wp-json\/wp\/v2\/media\/137119"}],"wp:attachment":[{"href":"https:\/\/stylingagenten.com\/fi\/wp-json\/wp\/v2\/media?parent=137126"}],"wp:term":[{"taxonomy":"product_brand","embeddable":true,"href":"https:\/\/stylingagenten.com\/fi\/wp-json\/wp\/v2\/product_brand?post=137126"},{"taxonomy":"product_cat","embeddable":true,"href":"https:\/\/stylingagenten.com\/fi\/wp-json\/wp\/v2\/product_cat?post=137126"},{"taxonomy":"product_tag","embeddable":true,"href":"https:\/\/stylingagenten.com\/fi\/wp-json\/wp\/v2\/product_tag?post=137126"},{"taxonomy":"berocket_brand","embeddable":true,"href":"https:\/\/stylingagenten.com\/fi\/wp-json\/wp\/v2\/berocket_brand?post=137126"}],"curies":[{"name":"wp","href":"https:\/\/api.w.org\/{rel}","templated":true}]}}