{"id":137031,"date":"2025-05-18T22:54:12","date_gmt":"2025-05-18T22:54:12","guid":{"rendered":"https:\/\/staging2.stylingagenten.com\/fi\/produkt\/givenchy-gentleman-edt-100ml\/"},"modified":"2026-03-30T13:35:18","modified_gmt":"2026-03-30T13:35:18","slug":"givenchy-gentleman-edt-100ml","status":"publish","type":"product","link":"https:\/\/stylingagenten.com\/fi\/tuote\/givenchy-gentleman-edt-100ml\/","title":{"rendered":"Givenchy Gentleman Edt 100ml"},"content":{"rendered":"<p>Gentleman Givenchy, koukuttava eau de toilette t\u00e4ynn\u00e4 vastustamatonta vieh\u00e4tysvoimaa. Eloisa ja karismaattinen &#8211; t\u00e4m\u00e4 hajuvesi juhlistaa miest\u00e4, joka uskaltaa tehd\u00e4 sen, mihin muut eiv\u00e4t usko, ja joka valitsee olla seuraamatta massoja; mies, joka tanssii oman tahtonsa mukaan.<\/p>\n<p>Gentleman on puumainen-kukkainen ja it\u00e4mainen tuoksu, jossa kontrastiset mustapippurin ja laventelin vivahteet yhdistyv\u00e4t ja antavat tilaa tuoksun kukkaiselle syd\u00e4melle, jossa on iirist\u00e4. Pohjalla on patchoulia ja mustaa vaniljaa, jotka syleilev\u00e4t tuoksua ja j\u00e4tt\u00e4v\u00e4t j\u00e4lkeens\u00e4 pehme\u00e4n ja aistillisen tuoksuvan reitin, joka kest\u00e4\u00e4 pitk\u00e4\u00e4n iholla.<\/p>\n<p>Yl\u00e4nuotti: P\u00e4\u00e4ryn\u00e4<br \/>\n<br \/>Syd\u00e4nnuotti: Orris, Laventeli<br \/>\n<br \/>Pohjanuotti: Nahka, Patchouli<\/p>\n<p>100ml<\/p>\n","protected":false},"excerpt":{"rendered":"<p>Gentleman Givenchy, koukuttava eau de toilette t\u00e4ynn\u00e4 vastustamatonta vieh\u00e4tysvoimaa. Eloisa ja karismaattinen &#8211; t\u00e4m\u00e4 hajuvesi juhlistaa miest\u00e4, joka uskaltaa tehd\u00e4 sen, mihin muut eiv\u00e4t usko, ja joka valitsee olla seuraamatta massoja; mies, joka tanssii oman tahtonsa mukaan. Gentleman on puumainen-kukkainen ja it\u00e4mainen tuoksu, jossa kontrastiset mustapippurin ja laventelin vivahteet yhdistyv\u00e4t ja antavat tilaa tuoksun kukkaiselle [&hellip;]<\/p>\n","protected":false},"featured_media":442391,"comment_status":"open","ping_status":"closed","template":"","meta":{"_trash_the_other_posts":false},"product_brand":[],"product_cat":[1000,709,735],"product_tag":[2925],"berocket_brand":[1326],"class_list":{"0":"post-137031","1":"product","2":"type-product","3":"status-publish","4":"has-post-thumbnail","6":"product_cat-kampanjatarjous-miehelle","7":"product_cat-miesten-eau-de-toilette","8":"product_cat-kampanjamme","9":"product_tag-givenchy-gentleman-edt","10":"pa_brand-givenchy","11":"pa_variantti-100ml","12":"berocket_brand-givenchy","14":"first","15":"instock","16":"sale","17":"taxable","18":"shipping-taxable","19":"purchasable","20":"product-type-simple"},"_links":{"self":[{"href":"https:\/\/stylingagenten.com\/fi\/wp-json\/wp\/v2\/product\/137031","targetHints":{"allow":["GET"]}}],"collection":[{"href":"https:\/\/stylingagenten.com\/fi\/wp-json\/wp\/v2\/product"}],"about":[{"href":"https:\/\/stylingagenten.com\/fi\/wp-json\/wp\/v2\/types\/product"}],"replies":[{"embeddable":true,"href":"https:\/\/stylingagenten.com\/fi\/wp-json\/wp\/v2\/comments?post=137031"}],"version-history":[{"count":0,"href":"https:\/\/stylingagenten.com\/fi\/wp-json\/wp\/v2\/product\/137031\/revisions"}],"wp:featuredmedia":[{"embeddable":true,"href":"https:\/\/stylingagenten.com\/fi\/wp-json\/wp\/v2\/media\/442391"}],"wp:attachment":[{"href":"https:\/\/stylingagenten.com\/fi\/wp-json\/wp\/v2\/media?parent=137031"}],"wp:term":[{"taxonomy":"product_brand","embeddable":true,"href":"https:\/\/stylingagenten.com\/fi\/wp-json\/wp\/v2\/product_brand?post=137031"},{"taxonomy":"product_cat","embeddable":true,"href":"https:\/\/stylingagenten.com\/fi\/wp-json\/wp\/v2\/product_cat?post=137031"},{"taxonomy":"product_tag","embeddable":true,"href":"https:\/\/stylingagenten.com\/fi\/wp-json\/wp\/v2\/product_tag?post=137031"},{"taxonomy":"berocket_brand","embeddable":true,"href":"https:\/\/stylingagenten.com\/fi\/wp-json\/wp\/v2\/berocket_brand?post=137031"}],"curies":[{"name":"wp","href":"https:\/\/api.w.org\/{rel}","templated":true}]}}