{"id":137024,"date":"2025-05-18T22:54:11","date_gmt":"2025-05-18T22:54:11","guid":{"rendered":"https:\/\/staging2.stylingagenten.com\/fi\/produkt\/calvin-klein-ck-one-edt-300ml\/"},"modified":"2025-11-19T12:44:16","modified_gmt":"2025-11-19T12:44:16","slug":"calvin-klein-ck-one-edt-300ml","status":"publish","type":"product","link":"https:\/\/stylingagenten.com\/fi\/tuote\/calvin-klein-ck-one-edt-300ml\/","title":{"rendered":"Calvin Klein CK One Edt 300ml"},"content":{"rendered":"<p>Calvin Klein CK One on ajaton unisex-hajuvesi, jossa on raikas, virkist\u00e4v\u00e4 ja hedelm\u00e4inen tuoksu.<\/p>\n<p>Tuoksunuotit: bergamotti, mandariini, kardemumma, jasmiini, ananas, papaija, meripihka, muskotti, santelipuu ja vihre\u00e4 tee.<\/p>\n<p>300ml<\/p>\n","protected":false},"excerpt":{"rendered":"<p>Calvin Klein CK One on ajaton unisex-hajuvesi, jossa on raikas, virkist\u00e4v\u00e4 ja hedelm\u00e4inen tuoksu. Tuoksunuotit: bergamotti, mandariini, kardemumma, jasmiini, ananas, papaija, meripihka, muskotti, santelipuu ja vihre\u00e4 tee. 300ml<\/p>\n","protected":false},"featured_media":137022,"comment_status":"open","ping_status":"closed","template":"","meta":{"_trash_the_other_posts":false},"product_brand":[],"product_cat":[730,709],"product_tag":[2640],"berocket_brand":[1014],"class_list":{"0":"post-137024","1":"product","2":"type-product","3":"status-publish","4":"has-post-thumbnail","6":"product_cat-eau-de-toilette-unisex","7":"product_cat-miesten-eau-de-toilette","8":"product_tag-calvin-klein-ck-one-edt","9":"pa_brand-calvin-klein","10":"pa_variantti-300ml","11":"berocket_brand-calvin-klein","13":"first","14":"outofstock","15":"sale","16":"taxable","17":"shipping-taxable","18":"purchasable","19":"product-type-simple"},"_links":{"self":[{"href":"https:\/\/stylingagenten.com\/fi\/wp-json\/wp\/v2\/product\/137024","targetHints":{"allow":["GET"]}}],"collection":[{"href":"https:\/\/stylingagenten.com\/fi\/wp-json\/wp\/v2\/product"}],"about":[{"href":"https:\/\/stylingagenten.com\/fi\/wp-json\/wp\/v2\/types\/product"}],"replies":[{"embeddable":true,"href":"https:\/\/stylingagenten.com\/fi\/wp-json\/wp\/v2\/comments?post=137024"}],"version-history":[{"count":0,"href":"https:\/\/stylingagenten.com\/fi\/wp-json\/wp\/v2\/product\/137024\/revisions"}],"wp:featuredmedia":[{"embeddable":true,"href":"https:\/\/stylingagenten.com\/fi\/wp-json\/wp\/v2\/media\/137022"}],"wp:attachment":[{"href":"https:\/\/stylingagenten.com\/fi\/wp-json\/wp\/v2\/media?parent=137024"}],"wp:term":[{"taxonomy":"product_brand","embeddable":true,"href":"https:\/\/stylingagenten.com\/fi\/wp-json\/wp\/v2\/product_brand?post=137024"},{"taxonomy":"product_cat","embeddable":true,"href":"https:\/\/stylingagenten.com\/fi\/wp-json\/wp\/v2\/product_cat?post=137024"},{"taxonomy":"product_tag","embeddable":true,"href":"https:\/\/stylingagenten.com\/fi\/wp-json\/wp\/v2\/product_tag?post=137024"},{"taxonomy":"berocket_brand","embeddable":true,"href":"https:\/\/stylingagenten.com\/fi\/wp-json\/wp\/v2\/berocket_brand?post=137024"}],"curies":[{"name":"wp","href":"https:\/\/api.w.org\/{rel}","templated":true}]}}