{"id":137000,"date":"2025-05-18T22:54:05","date_gmt":"2025-05-18T22:54:05","guid":{"rendered":"https:\/\/staging2.stylingagenten.com\/fi\/produkt\/mont-blanc-explorer-edp-30ml\/"},"modified":"2026-04-13T12:10:41","modified_gmt":"2026-04-13T12:10:41","slug":"mont-blanc-explorer-edp-30ml","status":"publish","type":"product","link":"https:\/\/stylingagenten.com\/fi\/tuote\/mont-blanc-explorer-edp-30ml\/","title":{"rendered":"Mont Blanc Explorer Edp 30ml"},"content":{"rendered":"<p>Mont Blanc Explorer Edp avautuu puhtaalla eleganssilla, jossa on kuohuviini\u00e4 italialaista bergamottia. Yhdess\u00e4 salvian ja pomarosen kanssa tuoksu saa hienon luonteen. Haitilainen vetiver muodostaa maskuliinisen syd\u00e4men, joka antaa kevyesti maallisia ja savuisia s\u00e4vyj\u00e4. Yhdistettyn\u00e4 nahkaan ja santelipuuhun se antaa tuoksulle ihmeellisen karisman. Pohja vie meid\u00e4t Indonesiaan r\u00e4\u00e4t\u00e4l\u00f6idyn patchoulin kanssa, joka antaa tuoksulle ikonisen tunnusmerkin. Rikas ja lumoava puumainen rakenne, jossa on vivahdus tupakkaa. Ambrofix ja akigalapuu lis\u00e4\u00e4v\u00e4t l\u00e4mp\u00f6\u00e4 ja syvyytt\u00e4, antaen meille aistillisen ja modernin tuoksun, jossa on luonnollista eleganssia.<\/p>\n<p>30ml<\/p>\n","protected":false},"excerpt":{"rendered":"<p>Mont Blanc Explorer Edp avautuu puhtaalla eleganssilla, jossa on kuohuviini\u00e4 italialaista bergamottia. Yhdess\u00e4 salvian ja pomarosen kanssa tuoksu saa hienon luonteen. Haitilainen vetiver muodostaa maskuliinisen syd\u00e4men, joka antaa kevyesti maallisia ja savuisia s\u00e4vyj\u00e4. Yhdistettyn\u00e4 nahkaan ja santelipuuhun se antaa tuoksulle ihmeellisen karisman. Pohja vie meid\u00e4t Indonesiaan r\u00e4\u00e4t\u00e4l\u00f6idyn patchoulin kanssa, joka antaa tuoksulle ikonisen tunnusmerkin. Rikas [&hellip;]<\/p>\n","protected":false},"featured_media":136994,"comment_status":"open","ping_status":"closed","template":"","meta":{"_trash_the_other_posts":false},"product_brand":[],"product_cat":[708,1000,735],"product_tag":[],"berocket_brand":[1079],"class_list":{"0":"post-137000","1":"product","2":"type-product","3":"status-publish","4":"has-post-thumbnail","6":"product_cat-eau-de-parfum-miesten","7":"product_cat-kampanjatarjous-miehelle","8":"product_cat-kampanjamme","9":"pa_brand-mont-blanc","10":"berocket_brand-mont-blanc","12":"first","13":"instock","14":"sale","15":"taxable","16":"shipping-taxable","17":"purchasable","18":"product-type-simple"},"_links":{"self":[{"href":"https:\/\/stylingagenten.com\/fi\/wp-json\/wp\/v2\/product\/137000","targetHints":{"allow":["GET"]}}],"collection":[{"href":"https:\/\/stylingagenten.com\/fi\/wp-json\/wp\/v2\/product"}],"about":[{"href":"https:\/\/stylingagenten.com\/fi\/wp-json\/wp\/v2\/types\/product"}],"replies":[{"embeddable":true,"href":"https:\/\/stylingagenten.com\/fi\/wp-json\/wp\/v2\/comments?post=137000"}],"version-history":[{"count":0,"href":"https:\/\/stylingagenten.com\/fi\/wp-json\/wp\/v2\/product\/137000\/revisions"}],"wp:featuredmedia":[{"embeddable":true,"href":"https:\/\/stylingagenten.com\/fi\/wp-json\/wp\/v2\/media\/136994"}],"wp:attachment":[{"href":"https:\/\/stylingagenten.com\/fi\/wp-json\/wp\/v2\/media?parent=137000"}],"wp:term":[{"taxonomy":"product_brand","embeddable":true,"href":"https:\/\/stylingagenten.com\/fi\/wp-json\/wp\/v2\/product_brand?post=137000"},{"taxonomy":"product_cat","embeddable":true,"href":"https:\/\/stylingagenten.com\/fi\/wp-json\/wp\/v2\/product_cat?post=137000"},{"taxonomy":"product_tag","embeddable":true,"href":"https:\/\/stylingagenten.com\/fi\/wp-json\/wp\/v2\/product_tag?post=137000"},{"taxonomy":"berocket_brand","embeddable":true,"href":"https:\/\/stylingagenten.com\/fi\/wp-json\/wp\/v2\/berocket_brand?post=137000"}],"curies":[{"name":"wp","href":"https:\/\/api.w.org\/{rel}","templated":true}]}}