{"id":136988,"date":"2025-05-18T22:54:02","date_gmt":"2025-05-18T22:54:02","guid":{"rendered":"https:\/\/staging2.stylingagenten.com\/fi\/produkt\/estee-lauder-pleasures-for-men-edc-100ml\/"},"modified":"2026-04-12T18:58:31","modified_gmt":"2026-04-12T18:58:31","slug":"estee-lauder-pleasures-for-men-edc-100ml","status":"publish","type":"product","link":"https:\/\/stylingagenten.com\/fi\/tuote\/estee-lauder-pleasures-for-men-edc-100ml\/","title":{"rendered":"Estee Lauder Pleasures for Men Edc 100ml"},"content":{"rendered":"<p>Estee Lauder Pleasures for Men Eau de Cologne 100ml on aromaattinen ja puumainen tuoksu, jossa on raikkaita mausteiden vivahteita. Yl\u00e4vireiss\u00e4 on nektariinia, vihreit\u00e4 nuotteja, greippi\u00e4 ja vett\u00e4. Syd\u00e4ntuoksu sis\u00e4lt\u00e4\u00e4 korianteria, inkiv\u00e4\u00e4ri\u00e4, laventelia, pippuria, ruusua, geraniumia ja maustepippuria. Pohjatuoksu koostuu santelipuusta, bensoiinista, tammisammaleesta ja ebenpuusta.<\/p>\n<p>Yl\u00e4nuotit: Nektariini, Vihre\u00e4t nuotit, Greippi ja Vesi<br \/>\n<br \/>Syd\u00e4nnuotit: Korianteri, Inkiv\u00e4\u00e4ri, Laventeli, Pippuri, Ruusu, Geranium ja Maustepippuri<br \/>\n<br \/>Pohjatuotit: Santelipuu, Bensoiini, Tammisammal ja Ebenpuu<\/p>\n<p>100ml<\/p>\n","protected":false},"excerpt":{"rendered":"<p>Estee Lauder Pleasures for Men Eau de Cologne 100ml on aromaattinen ja puumainen tuoksu, jossa on raikkaita mausteiden vivahteita. Yl\u00e4vireiss\u00e4 on nektariinia, vihreit\u00e4 nuotteja, greippi\u00e4 ja vett\u00e4. Syd\u00e4ntuoksu sis\u00e4lt\u00e4\u00e4 korianteria, inkiv\u00e4\u00e4ri\u00e4, laventelia, pippuria, ruusua, geraniumia ja maustepippuria. Pohjatuoksu koostuu santelipuusta, bensoiinista, tammisammaleesta ja ebenpuusta. Yl\u00e4nuotit: Nektariini, Vihre\u00e4t nuotit, Greippi ja Vesi Syd\u00e4nnuotit: Korianteri, Inkiv\u00e4\u00e4ri, Laventeli, [&hellip;]<\/p>\n","protected":false},"featured_media":136987,"comment_status":"open","ping_status":"closed","template":"","meta":{"_trash_the_other_posts":false},"product_brand":[],"product_cat":[710,1000,735],"product_tag":[],"berocket_brand":[1309],"class_list":{"0":"post-136988","1":"product","2":"type-product","3":"status-publish","4":"has-post-thumbnail","6":"product_cat-eau-de-cologne-miehet","7":"product_cat-kampanjatarjous-miehelle","8":"product_cat-kampanjamme","9":"pa_brand-estee-lauder","10":"berocket_brand-estee-lauder","12":"first","13":"instock","14":"sale","15":"taxable","16":"shipping-taxable","17":"purchasable","18":"product-type-simple"},"_links":{"self":[{"href":"https:\/\/stylingagenten.com\/fi\/wp-json\/wp\/v2\/product\/136988","targetHints":{"allow":["GET"]}}],"collection":[{"href":"https:\/\/stylingagenten.com\/fi\/wp-json\/wp\/v2\/product"}],"about":[{"href":"https:\/\/stylingagenten.com\/fi\/wp-json\/wp\/v2\/types\/product"}],"replies":[{"embeddable":true,"href":"https:\/\/stylingagenten.com\/fi\/wp-json\/wp\/v2\/comments?post=136988"}],"version-history":[{"count":0,"href":"https:\/\/stylingagenten.com\/fi\/wp-json\/wp\/v2\/product\/136988\/revisions"}],"wp:featuredmedia":[{"embeddable":true,"href":"https:\/\/stylingagenten.com\/fi\/wp-json\/wp\/v2\/media\/136987"}],"wp:attachment":[{"href":"https:\/\/stylingagenten.com\/fi\/wp-json\/wp\/v2\/media?parent=136988"}],"wp:term":[{"taxonomy":"product_brand","embeddable":true,"href":"https:\/\/stylingagenten.com\/fi\/wp-json\/wp\/v2\/product_brand?post=136988"},{"taxonomy":"product_cat","embeddable":true,"href":"https:\/\/stylingagenten.com\/fi\/wp-json\/wp\/v2\/product_cat?post=136988"},{"taxonomy":"product_tag","embeddable":true,"href":"https:\/\/stylingagenten.com\/fi\/wp-json\/wp\/v2\/product_tag?post=136988"},{"taxonomy":"berocket_brand","embeddable":true,"href":"https:\/\/stylingagenten.com\/fi\/wp-json\/wp\/v2\/berocket_brand?post=136988"}],"curies":[{"name":"wp","href":"https:\/\/api.w.org\/{rel}","templated":true}]}}