{"id":136963,"date":"2025-05-18T22:53:56","date_gmt":"2025-05-18T22:53:56","guid":{"rendered":"https:\/\/staging2.stylingagenten.com\/fi\/produkt\/sergio-tacchini-after-shave-lotion-100ml\/"},"modified":"2026-04-08T15:30:40","modified_gmt":"2026-04-08T15:30:40","slug":"sergio-tacchini-after-shave-lotion-100ml","status":"publish","type":"product","link":"https:\/\/stylingagenten.com\/fi\/tuote\/sergio-tacchini-after-shave-lotion-100ml\/","title":{"rendered":"Sergio Tacchini After Shave Lotion 100ml"},"content":{"rendered":"<p>Sergio Tacchini After Shave Lotion alkaa limetin s\u00e4vyll\u00e4, joka on virkist\u00e4v\u00e4, pirist\u00e4v\u00e4 ja luo energisoivan raikkauden tunteen. Tuoksua t\u00e4ydent\u00e4\u00e4 bergamotin hapan vivahde, jota k\u00e4ytet\u00e4\u00e4n useimmissa hienostuneissa parfyymeissa. Viimeiset s\u00e4vyt tuoksuvat yhdistelm\u00e4ll\u00e4 valkoista setripuuta ja santelipuuta, j\u00e4tt\u00e4en j\u00e4lkeens\u00e4 kevyen puisen raidan.<\/p>\n<p>100ml<\/p>\n","protected":false},"excerpt":{"rendered":"<p>Sergio Tacchini After Shave Lotion alkaa limetin s\u00e4vyll\u00e4, joka on virkist\u00e4v\u00e4, pirist\u00e4v\u00e4 ja luo energisoivan raikkauden tunteen. Tuoksua t\u00e4ydent\u00e4\u00e4 bergamotin hapan vivahde, jota k\u00e4ytet\u00e4\u00e4n useimmissa hienostuneissa parfyymeissa. Viimeiset s\u00e4vyt tuoksuvat yhdistelm\u00e4ll\u00e4 valkoista setripuuta ja santelipuuta, j\u00e4tt\u00e4en j\u00e4lkeens\u00e4 kevyen puisen raidan. 100ml<\/p>\n","protected":false},"featured_media":136962,"comment_status":"open","ping_status":"closed","template":"","meta":{"_trash_the_other_posts":false},"product_brand":[],"product_cat":[689],"product_tag":[],"berocket_brand":[1130],"class_list":{"0":"post-136963","1":"product","2":"type-product","3":"status-publish","4":"has-post-thumbnail","6":"product_cat-partavesi","7":"pa_brand-sergio-tacchini","8":"berocket_brand-sergio-tacchini","10":"first","11":"outofstock","12":"sale","13":"taxable","14":"shipping-taxable","15":"purchasable","16":"product-type-simple"},"_links":{"self":[{"href":"https:\/\/stylingagenten.com\/fi\/wp-json\/wp\/v2\/product\/136963","targetHints":{"allow":["GET"]}}],"collection":[{"href":"https:\/\/stylingagenten.com\/fi\/wp-json\/wp\/v2\/product"}],"about":[{"href":"https:\/\/stylingagenten.com\/fi\/wp-json\/wp\/v2\/types\/product"}],"replies":[{"embeddable":true,"href":"https:\/\/stylingagenten.com\/fi\/wp-json\/wp\/v2\/comments?post=136963"}],"version-history":[{"count":0,"href":"https:\/\/stylingagenten.com\/fi\/wp-json\/wp\/v2\/product\/136963\/revisions"}],"wp:featuredmedia":[{"embeddable":true,"href":"https:\/\/stylingagenten.com\/fi\/wp-json\/wp\/v2\/media\/136962"}],"wp:attachment":[{"href":"https:\/\/stylingagenten.com\/fi\/wp-json\/wp\/v2\/media?parent=136963"}],"wp:term":[{"taxonomy":"product_brand","embeddable":true,"href":"https:\/\/stylingagenten.com\/fi\/wp-json\/wp\/v2\/product_brand?post=136963"},{"taxonomy":"product_cat","embeddable":true,"href":"https:\/\/stylingagenten.com\/fi\/wp-json\/wp\/v2\/product_cat?post=136963"},{"taxonomy":"product_tag","embeddable":true,"href":"https:\/\/stylingagenten.com\/fi\/wp-json\/wp\/v2\/product_tag?post=136963"},{"taxonomy":"berocket_brand","embeddable":true,"href":"https:\/\/stylingagenten.com\/fi\/wp-json\/wp\/v2\/berocket_brand?post=136963"}],"curies":[{"name":"wp","href":"https:\/\/api.w.org\/{rel}","templated":true}]}}