{"id":136959,"date":"2025-05-18T22:53:55","date_gmt":"2025-05-18T22:53:55","guid":{"rendered":"https:\/\/staging2.stylingagenten.com\/fi\/produkt\/david-beckham-true-instinct-edp-75ml\/"},"modified":"2026-04-12T17:58:32","modified_gmt":"2026-04-12T17:58:32","slug":"david-beckham-true-instinct-edp-75ml","status":"publish","type":"product","link":"https:\/\/stylingagenten.com\/fi\/tuote\/david-beckham-true-instinct-edp-75ml\/","title":{"rendered":"David Beckham True Instinct Edp 75ml"},"content":{"rendered":"<p>Miesten hajuvesi David Beckham True Instinct Eau de Parfum auttaa sinua l\u00f6yt\u00e4m\u00e4\u00e4n sis\u00e4isen maskuliinisuutesi, voimasi ja rohkeutesi. Tuoksu yll\u00e4tt\u00e4\u00e4 maskuliinisuudellaan ja korostaa t\u00e4ydellisesti luonnettasi kaikissa tilanteissa!<\/p>\n<p>P\u00e4\u00e4tuoksut: Basilika, M\u00e4nty<br \/>\n<br \/>Syd\u00e4nuotit: Santelipuu, Pelargoni<br \/>\n<br \/>Pohjanuotit: Patchouli, Vetiver, Sammalet<\/p>\n","protected":false},"excerpt":{"rendered":"<p>Miesten hajuvesi David Beckham True Instinct Eau de Parfum auttaa sinua l\u00f6yt\u00e4m\u00e4\u00e4n sis\u00e4isen maskuliinisuutesi, voimasi ja rohkeutesi. Tuoksu yll\u00e4tt\u00e4\u00e4 maskuliinisuudellaan ja korostaa t\u00e4ydellisesti luonnettasi kaikissa tilanteissa! P\u00e4\u00e4tuoksut: Basilika, M\u00e4nty Syd\u00e4nuotit: Santelipuu, Pelargoni Pohjanuotit: Patchouli, Vetiver, Sammalet<\/p>\n","protected":false},"featured_media":136949,"comment_status":"open","ping_status":"closed","template":"","meta":{"_trash_the_other_posts":false},"product_brand":[],"product_cat":[708,1000,735],"product_tag":[],"berocket_brand":[1281],"class_list":{"0":"post-136959","1":"product","2":"type-product","3":"status-publish","4":"has-post-thumbnail","6":"product_cat-eau-de-parfum-miesten","7":"product_cat-kampanjatarjous-miehelle","8":"product_cat-kampanjamme","9":"pa_brand-david-beckham","10":"berocket_brand-david-beckham","12":"first","13":"instock","14":"sale","15":"taxable","16":"shipping-taxable","17":"purchasable","18":"product-type-simple"},"_links":{"self":[{"href":"https:\/\/stylingagenten.com\/fi\/wp-json\/wp\/v2\/product\/136959","targetHints":{"allow":["GET"]}}],"collection":[{"href":"https:\/\/stylingagenten.com\/fi\/wp-json\/wp\/v2\/product"}],"about":[{"href":"https:\/\/stylingagenten.com\/fi\/wp-json\/wp\/v2\/types\/product"}],"replies":[{"embeddable":true,"href":"https:\/\/stylingagenten.com\/fi\/wp-json\/wp\/v2\/comments?post=136959"}],"version-history":[{"count":0,"href":"https:\/\/stylingagenten.com\/fi\/wp-json\/wp\/v2\/product\/136959\/revisions"}],"wp:featuredmedia":[{"embeddable":true,"href":"https:\/\/stylingagenten.com\/fi\/wp-json\/wp\/v2\/media\/136949"}],"wp:attachment":[{"href":"https:\/\/stylingagenten.com\/fi\/wp-json\/wp\/v2\/media?parent=136959"}],"wp:term":[{"taxonomy":"product_brand","embeddable":true,"href":"https:\/\/stylingagenten.com\/fi\/wp-json\/wp\/v2\/product_brand?post=136959"},{"taxonomy":"product_cat","embeddable":true,"href":"https:\/\/stylingagenten.com\/fi\/wp-json\/wp\/v2\/product_cat?post=136959"},{"taxonomy":"product_tag","embeddable":true,"href":"https:\/\/stylingagenten.com\/fi\/wp-json\/wp\/v2\/product_tag?post=136959"},{"taxonomy":"berocket_brand","embeddable":true,"href":"https:\/\/stylingagenten.com\/fi\/wp-json\/wp\/v2\/berocket_brand?post=136959"}],"curies":[{"name":"wp","href":"https:\/\/api.w.org\/{rel}","templated":true}]}}