{"id":136958,"date":"2025-05-18T22:53:55","date_gmt":"2025-05-18T22:53:55","guid":{"rendered":"https:\/\/staging2.stylingagenten.com\/fi\/produkt\/lattafa-hayaati-edp-100ml\/"},"modified":"2026-04-10T10:46:27","modified_gmt":"2026-04-10T10:46:27","slug":"lattafa-hayaati-edp-100ml","status":"publish","type":"product","link":"https:\/\/stylingagenten.com\/fi\/tuote\/lattafa-hayaati-edp-100ml\/","title":{"rendered":"Lattafa Hayaati Edp 100ml"},"content":{"rendered":"<p>Uusi p\u00e4iv\u00e4, uudet mahdollisuudet. Eau de Parfum Lattafa Hayaati virkist\u00e4\u00e4 mielen ja saa sinut seuraamaan vaistojasi. Odota p\u00e4ivitt\u00e4isi\u00e4 seikkailuja.<\/p>\n<p>Yl\u00e4vivahteet: Omena, Bergamotti<br \/>Syd\u00e4nvivahteet: Kaneli, It\u00e4maiset puuvivahteet<br \/>Pohjavivahteet: Myski, Vanilja<\/p>\n<p>100ml<\/p>\n","protected":false},"excerpt":{"rendered":"<p>Uusi p\u00e4iv\u00e4, uudet mahdollisuudet. Eau de Parfum Lattafa Hayaati virkist\u00e4\u00e4 mielen ja saa sinut seuraamaan vaistojasi. Odota p\u00e4ivitt\u00e4isi\u00e4 seikkailuja. Yl\u00e4vivahteet: Omena, BergamottiSyd\u00e4nvivahteet: Kaneli, It\u00e4maiset puuvivahteetPohjavivahteet: Myski, Vanilja 100ml<\/p>\n","protected":false},"featured_media":136950,"comment_status":"open","ping_status":"closed","template":"","meta":{"_trash_the_other_posts":false},"product_brand":[],"product_cat":[729],"product_tag":[],"berocket_brand":[1414],"class_list":{"0":"post-136958","1":"product","2":"type-product","3":"status-publish","4":"has-post-thumbnail","6":"product_cat-eau-de-parfum-unisex","7":"pa_brand-lattafa","8":"berocket_brand-lattafa","10":"first","11":"instock","12":"sale","13":"taxable","14":"shipping-taxable","15":"purchasable","16":"product-type-simple"},"_links":{"self":[{"href":"https:\/\/stylingagenten.com\/fi\/wp-json\/wp\/v2\/product\/136958","targetHints":{"allow":["GET"]}}],"collection":[{"href":"https:\/\/stylingagenten.com\/fi\/wp-json\/wp\/v2\/product"}],"about":[{"href":"https:\/\/stylingagenten.com\/fi\/wp-json\/wp\/v2\/types\/product"}],"replies":[{"embeddable":true,"href":"https:\/\/stylingagenten.com\/fi\/wp-json\/wp\/v2\/comments?post=136958"}],"version-history":[{"count":0,"href":"https:\/\/stylingagenten.com\/fi\/wp-json\/wp\/v2\/product\/136958\/revisions"}],"wp:featuredmedia":[{"embeddable":true,"href":"https:\/\/stylingagenten.com\/fi\/wp-json\/wp\/v2\/media\/136950"}],"wp:attachment":[{"href":"https:\/\/stylingagenten.com\/fi\/wp-json\/wp\/v2\/media?parent=136958"}],"wp:term":[{"taxonomy":"product_brand","embeddable":true,"href":"https:\/\/stylingagenten.com\/fi\/wp-json\/wp\/v2\/product_brand?post=136958"},{"taxonomy":"product_cat","embeddable":true,"href":"https:\/\/stylingagenten.com\/fi\/wp-json\/wp\/v2\/product_cat?post=136958"},{"taxonomy":"product_tag","embeddable":true,"href":"https:\/\/stylingagenten.com\/fi\/wp-json\/wp\/v2\/product_tag?post=136958"},{"taxonomy":"berocket_brand","embeddable":true,"href":"https:\/\/stylingagenten.com\/fi\/wp-json\/wp\/v2\/berocket_brand?post=136958"}],"curies":[{"name":"wp","href":"https:\/\/api.w.org\/{rel}","templated":true}]}}