{"id":136933,"date":"2025-05-18T22:53:48","date_gmt":"2025-05-18T22:53:48","guid":{"rendered":"https:\/\/staging2.stylingagenten.com\/fi\/produkt\/lattafa-al-noble-ameer-edp-100ml\/"},"modified":"2026-04-02T07:48:29","modified_gmt":"2026-04-02T07:48:29","slug":"lattafa-al-noble-ameer-edp-100ml","status":"publish","type":"product","link":"https:\/\/stylingagenten.com\/fi\/tuote\/lattafa-al-noble-ameer-edp-100ml\/","title":{"rendered":"Lattafa Al Noble Ameer Edp 100ml"},"content":{"rendered":"<p>L\u00f6yd\u00e4 luksuksen maailma Lattafa Perfumes Al Noble Ameer Eau de Parfumilla! T\u00e4m\u00e4 lumoava tuoksu syleilee aistejasi harmonisella sekoituksella hedelm\u00e4isi\u00e4 ja kukkaisia nuotteja, antaen sinulle eleganssin ja itsevarmuuden tunteen. T\u00e4ydellinen jokaiseen tilaisuuteen!<\/p>\n<p>Alkutuoksu: Omena, Ruusapippuri ja Rosmariini tarjoavat iloisen alun raikkaalla ja hedelm\u00e4isell\u00e4 vivahteella.<br \/>Syd\u00e4ntuoksu: Kaneli ja kukkaiset nuotit luovat viettelev\u00e4n syd\u00e4men pehme\u00e4ll\u00e4 ja mausteisella tunteella.<br \/>Pohjatuoksu: Oud, Patchouli, Labdanum, Sypressi ja Vetiver tarjoavat syv\u00e4n, puisen ja maanl\u00e4heisen lopetuksen. Luksusluokan oud-tuoksu, joka tekee jokaisesta hetkest\u00e4 taianomaisen!<\/p>\n<p>100ml<\/p>\n","protected":false},"excerpt":{"rendered":"<p>L\u00f6yd\u00e4 luksuksen maailma Lattafa Perfumes Al Noble Ameer Eau de Parfumilla! T\u00e4m\u00e4 lumoava tuoksu syleilee aistejasi harmonisella sekoituksella hedelm\u00e4isi\u00e4 ja kukkaisia nuotteja, antaen sinulle eleganssin ja itsevarmuuden tunteen. T\u00e4ydellinen jokaiseen tilaisuuteen! Alkutuoksu: Omena, Ruusapippuri ja Rosmariini tarjoavat iloisen alun raikkaalla ja hedelm\u00e4isell\u00e4 vivahteella.Syd\u00e4ntuoksu: Kaneli ja kukkaiset nuotit luovat viettelev\u00e4n syd\u00e4men pehme\u00e4ll\u00e4 ja mausteisella tunteella.Pohjatuoksu: Oud, [&hellip;]<\/p>\n","protected":false},"featured_media":136927,"comment_status":"open","ping_status":"closed","template":"","meta":{"_trash_the_other_posts":false},"product_brand":[],"product_cat":[708,729,1000,735],"product_tag":[],"berocket_brand":[1414],"class_list":{"0":"post-136933","1":"product","2":"type-product","3":"status-publish","4":"has-post-thumbnail","6":"product_cat-eau-de-parfum-miesten","7":"product_cat-eau-de-parfum-unisex","8":"product_cat-kampanjatarjous-miehelle","9":"product_cat-kampanjamme","10":"pa_brand-lattafa","11":"berocket_brand-lattafa","13":"first","14":"instock","15":"sale","16":"taxable","17":"shipping-taxable","18":"purchasable","19":"product-type-simple"},"_links":{"self":[{"href":"https:\/\/stylingagenten.com\/fi\/wp-json\/wp\/v2\/product\/136933","targetHints":{"allow":["GET"]}}],"collection":[{"href":"https:\/\/stylingagenten.com\/fi\/wp-json\/wp\/v2\/product"}],"about":[{"href":"https:\/\/stylingagenten.com\/fi\/wp-json\/wp\/v2\/types\/product"}],"replies":[{"embeddable":true,"href":"https:\/\/stylingagenten.com\/fi\/wp-json\/wp\/v2\/comments?post=136933"}],"version-history":[{"count":0,"href":"https:\/\/stylingagenten.com\/fi\/wp-json\/wp\/v2\/product\/136933\/revisions"}],"wp:featuredmedia":[{"embeddable":true,"href":"https:\/\/stylingagenten.com\/fi\/wp-json\/wp\/v2\/media\/136927"}],"wp:attachment":[{"href":"https:\/\/stylingagenten.com\/fi\/wp-json\/wp\/v2\/media?parent=136933"}],"wp:term":[{"taxonomy":"product_brand","embeddable":true,"href":"https:\/\/stylingagenten.com\/fi\/wp-json\/wp\/v2\/product_brand?post=136933"},{"taxonomy":"product_cat","embeddable":true,"href":"https:\/\/stylingagenten.com\/fi\/wp-json\/wp\/v2\/product_cat?post=136933"},{"taxonomy":"product_tag","embeddable":true,"href":"https:\/\/stylingagenten.com\/fi\/wp-json\/wp\/v2\/product_tag?post=136933"},{"taxonomy":"berocket_brand","embeddable":true,"href":"https:\/\/stylingagenten.com\/fi\/wp-json\/wp\/v2\/berocket_brand?post=136933"}],"curies":[{"name":"wp","href":"https:\/\/api.w.org\/{rel}","templated":true}]}}