{"id":136924,"date":"2025-05-18T22:53:47","date_gmt":"2025-05-18T22:53:47","guid":{"rendered":"https:\/\/staging2.stylingagenten.com\/fi\/produkt\/lattafa-qaed-al-fursan-edp-100ml\/"},"modified":"2026-03-30T16:18:44","modified_gmt":"2026-03-30T16:18:44","slug":"lattafa-qaed-al-fursan-edp-100ml","status":"publish","type":"product","link":"https:\/\/stylingagenten.com\/fi\/tuote\/lattafa-qaed-al-fursan-edp-100ml\/","title":{"rendered":"Lattafa Qaed Al Fursan Edp 90ml"},"content":{"rendered":"<p>Uusi p\u00e4iv\u00e4, uudet mahdollisuudet. Lattafa Qaed Al Fursan eau de parfum virkist\u00e4\u00e4 mielen ja saa sinut seuraamaan vaistojasi. Odota p\u00e4ivitt\u00e4isi\u00e4 seikkailuja.<\/p>\n<p>Yl\u00e4vivahteet: Mets\u00e4mustikat, Omena, Koivu, It\u00e4maiset puuvivahteet, Bergamotti<br \/>Syd\u00e4nvivahteet: It\u00e4maiset puuvivahteet, Patchouli, Ruusu, Kukka-vivahteet, Jasmiini<br \/>Pohjavivahteet: Muskki, Sl\u00e5nlav, Ambergris, Vanilja<\/p>\n<p>90ml<\/p>\n","protected":false},"excerpt":{"rendered":"<p>Uusi p\u00e4iv\u00e4, uudet mahdollisuudet. Lattafa Qaed Al Fursan eau de parfum virkist\u00e4\u00e4 mielen ja saa sinut seuraamaan vaistojasi. Odota p\u00e4ivitt\u00e4isi\u00e4 seikkailuja. Yl\u00e4vivahteet: Mets\u00e4mustikat, Omena, Koivu, It\u00e4maiset puuvivahteet, BergamottiSyd\u00e4nvivahteet: It\u00e4maiset puuvivahteet, Patchouli, Ruusu, Kukka-vivahteet, JasmiiniPohjavivahteet: Muskki, Sl\u00e5nlav, Ambergris, Vanilja 90ml<\/p>\n","protected":false},"featured_media":136918,"comment_status":"open","ping_status":"closed","template":"","meta":{"_trash_the_other_posts":false},"product_brand":[],"product_cat":[729,1000,735],"product_tag":[],"berocket_brand":[1414],"class_list":{"0":"post-136924","1":"product","2":"type-product","3":"status-publish","4":"has-post-thumbnail","6":"product_cat-eau-de-parfum-unisex","7":"product_cat-kampanjatarjous-miehelle","8":"product_cat-kampanjamme","9":"pa_brand-lattafa","10":"berocket_brand-lattafa","12":"first","13":"outofstock","14":"sale","15":"taxable","16":"shipping-taxable","17":"purchasable","18":"product-type-simple"},"_links":{"self":[{"href":"https:\/\/stylingagenten.com\/fi\/wp-json\/wp\/v2\/product\/136924","targetHints":{"allow":["GET"]}}],"collection":[{"href":"https:\/\/stylingagenten.com\/fi\/wp-json\/wp\/v2\/product"}],"about":[{"href":"https:\/\/stylingagenten.com\/fi\/wp-json\/wp\/v2\/types\/product"}],"replies":[{"embeddable":true,"href":"https:\/\/stylingagenten.com\/fi\/wp-json\/wp\/v2\/comments?post=136924"}],"version-history":[{"count":0,"href":"https:\/\/stylingagenten.com\/fi\/wp-json\/wp\/v2\/product\/136924\/revisions"}],"wp:featuredmedia":[{"embeddable":true,"href":"https:\/\/stylingagenten.com\/fi\/wp-json\/wp\/v2\/media\/136918"}],"wp:attachment":[{"href":"https:\/\/stylingagenten.com\/fi\/wp-json\/wp\/v2\/media?parent=136924"}],"wp:term":[{"taxonomy":"product_brand","embeddable":true,"href":"https:\/\/stylingagenten.com\/fi\/wp-json\/wp\/v2\/product_brand?post=136924"},{"taxonomy":"product_cat","embeddable":true,"href":"https:\/\/stylingagenten.com\/fi\/wp-json\/wp\/v2\/product_cat?post=136924"},{"taxonomy":"product_tag","embeddable":true,"href":"https:\/\/stylingagenten.com\/fi\/wp-json\/wp\/v2\/product_tag?post=136924"},{"taxonomy":"berocket_brand","embeddable":true,"href":"https:\/\/stylingagenten.com\/fi\/wp-json\/wp\/v2\/berocket_brand?post=136924"}],"curies":[{"name":"wp","href":"https:\/\/api.w.org\/{rel}","templated":true}]}}