{"id":136904,"date":"2025-05-18T22:53:43","date_gmt":"2025-05-18T22:53:43","guid":{"rendered":"https:\/\/staging2.stylingagenten.com\/fi\/produkt\/hugo-boss-selection-edt-100ml\/"},"modified":"2026-04-15T03:58:31","modified_gmt":"2026-04-15T03:58:31","slug":"hugo-boss-selection-edt-100ml","status":"publish","type":"product","link":"https:\/\/stylingagenten.com\/fi\/tuote\/hugo-boss-selection-edt-100ml\/","title":{"rendered":"Hugo Boss Selection Edt 100ml"},"content":{"rendered":"<p>Hugo Boss Selection sopii itsevarmalle, tyylikk\u00e4\u00e4lle miehelle, jolla on menestyst\u00e4! . Tuoksussa on maskuliininen luonne, jossa on vivahteita greippi\u00e4 ja mandariinia.<\/p>\n<p>Tuoksutuoksu: greippi, mandariini, ruusupippuri, geranium, setri, anis, patsuli, vetiveria\u00f6ljy, heliotrooppi ja myski.<\/p>\n","protected":false},"excerpt":{"rendered":"<p>Hugo Boss Selection sopii itsevarmalle, tyylikk\u00e4\u00e4lle miehelle, jolla on menestyst\u00e4! . Tuoksussa on maskuliininen luonne, jossa on vivahteita greippi\u00e4 ja mandariinia. Tuoksutuoksu: greippi, mandariini, ruusupippuri, geranium, setri, anis, patsuli, vetiveria\u00f6ljy, heliotrooppi ja myski.<\/p>\n","protected":false},"featured_media":136902,"comment_status":"open","ping_status":"closed","template":"","meta":{"_trash_the_other_posts":false},"product_brand":[],"product_cat":[1000,709,735],"product_tag":[2999],"berocket_brand":[1339],"class_list":{"0":"post-136904","1":"product","2":"type-product","3":"status-publish","4":"has-post-thumbnail","6":"product_cat-kampanjatarjous-miehelle","7":"product_cat-miesten-eau-de-toilette","8":"product_cat-kampanjamme","9":"product_tag-hugo-boss-selection-edt","10":"pa_brand-hugo-boss","11":"pa_variantti-100ml","12":"berocket_brand-hugo-boss","14":"first","15":"instock","16":"sale","17":"taxable","18":"shipping-taxable","19":"purchasable","20":"product-type-simple"},"_links":{"self":[{"href":"https:\/\/stylingagenten.com\/fi\/wp-json\/wp\/v2\/product\/136904","targetHints":{"allow":["GET"]}}],"collection":[{"href":"https:\/\/stylingagenten.com\/fi\/wp-json\/wp\/v2\/product"}],"about":[{"href":"https:\/\/stylingagenten.com\/fi\/wp-json\/wp\/v2\/types\/product"}],"replies":[{"embeddable":true,"href":"https:\/\/stylingagenten.com\/fi\/wp-json\/wp\/v2\/comments?post=136904"}],"version-history":[{"count":0,"href":"https:\/\/stylingagenten.com\/fi\/wp-json\/wp\/v2\/product\/136904\/revisions"}],"wp:featuredmedia":[{"embeddable":true,"href":"https:\/\/stylingagenten.com\/fi\/wp-json\/wp\/v2\/media\/136902"}],"wp:attachment":[{"href":"https:\/\/stylingagenten.com\/fi\/wp-json\/wp\/v2\/media?parent=136904"}],"wp:term":[{"taxonomy":"product_brand","embeddable":true,"href":"https:\/\/stylingagenten.com\/fi\/wp-json\/wp\/v2\/product_brand?post=136904"},{"taxonomy":"product_cat","embeddable":true,"href":"https:\/\/stylingagenten.com\/fi\/wp-json\/wp\/v2\/product_cat?post=136904"},{"taxonomy":"product_tag","embeddable":true,"href":"https:\/\/stylingagenten.com\/fi\/wp-json\/wp\/v2\/product_tag?post=136904"},{"taxonomy":"berocket_brand","embeddable":true,"href":"https:\/\/stylingagenten.com\/fi\/wp-json\/wp\/v2\/berocket_brand?post=136904"}],"curies":[{"name":"wp","href":"https:\/\/api.w.org\/{rel}","templated":true}]}}