{"id":136854,"date":"2025-05-18T22:53:29","date_gmt":"2025-05-18T22:53:29","guid":{"rendered":"https:\/\/staging2.stylingagenten.com\/fi\/produkt\/versace-yellow-diamond-edt-50ml\/"},"modified":"2026-03-24T09:07:34","modified_gmt":"2026-03-24T09:07:34","slug":"versace-yellow-diamond-edt-50ml","status":"publish","type":"product","link":"https:\/\/stylingagenten.com\/fi\/tuote\/versace-yellow-diamond-edt-50ml\/","title":{"rendered":"Versace Yellow Diamond Edt 50ml"},"content":{"rendered":"<p>Versace Yellow Diamond on raikas, eloisa ja kukkainen hajuvesi. Se on yht\u00e4 intensiivinen kuin sen keltainen v\u00e4ri ja pullossa on sama timanttimuoto kuin edelt\u00e4j\u00e4ll\u00e4\u00e4n ruususorbetti, neroli, bergamotti, lootuksenkukka, freesia, appelsiinin kukka, mimosa, ambra, palo santotr; &amp; myski.<\/p>\n","protected":false},"excerpt":{"rendered":"<p>Versace Yellow Diamond on raikas, eloisa ja kukkainen hajuvesi. Se on yht\u00e4 intensiivinen kuin sen keltainen v\u00e4ri ja pullossa on sama timanttimuoto kuin edelt\u00e4j\u00e4ll\u00e4\u00e4n ruususorbetti, neroli, bergamotti, lootuksenkukka, freesia, appelsiinin kukka, mimosa, ambra, palo santotr; &amp; myski.<\/p>\n","protected":false},"featured_media":136849,"comment_status":"open","ping_status":"closed","template":"","meta":{"_trash_the_other_posts":false},"product_brand":[],"product_cat":[999,707,735],"product_tag":[4053],"berocket_brand":[1083],"class_list":{"0":"post-136854","1":"product","2":"type-product","3":"status-publish","4":"has-post-thumbnail","6":"product_cat-kampanjatarjous-naiselle","7":"product_cat-naisten-eau-de-toilette","8":"product_cat-kampanjamme","9":"product_tag-versace-yellow-diamond-edt","10":"pa_brand-versace","11":"pa_variantti-50ml","12":"berocket_brand-versace","14":"first","15":"instock","16":"sale","17":"taxable","18":"shipping-taxable","19":"purchasable","20":"product-type-simple"},"_links":{"self":[{"href":"https:\/\/stylingagenten.com\/fi\/wp-json\/wp\/v2\/product\/136854","targetHints":{"allow":["GET"]}}],"collection":[{"href":"https:\/\/stylingagenten.com\/fi\/wp-json\/wp\/v2\/product"}],"about":[{"href":"https:\/\/stylingagenten.com\/fi\/wp-json\/wp\/v2\/types\/product"}],"replies":[{"embeddable":true,"href":"https:\/\/stylingagenten.com\/fi\/wp-json\/wp\/v2\/comments?post=136854"}],"version-history":[{"count":0,"href":"https:\/\/stylingagenten.com\/fi\/wp-json\/wp\/v2\/product\/136854\/revisions"}],"wp:featuredmedia":[{"embeddable":true,"href":"https:\/\/stylingagenten.com\/fi\/wp-json\/wp\/v2\/media\/136849"}],"wp:attachment":[{"href":"https:\/\/stylingagenten.com\/fi\/wp-json\/wp\/v2\/media?parent=136854"}],"wp:term":[{"taxonomy":"product_brand","embeddable":true,"href":"https:\/\/stylingagenten.com\/fi\/wp-json\/wp\/v2\/product_brand?post=136854"},{"taxonomy":"product_cat","embeddable":true,"href":"https:\/\/stylingagenten.com\/fi\/wp-json\/wp\/v2\/product_cat?post=136854"},{"taxonomy":"product_tag","embeddable":true,"href":"https:\/\/stylingagenten.com\/fi\/wp-json\/wp\/v2\/product_tag?post=136854"},{"taxonomy":"berocket_brand","embeddable":true,"href":"https:\/\/stylingagenten.com\/fi\/wp-json\/wp\/v2\/berocket_brand?post=136854"}],"curies":[{"name":"wp","href":"https:\/\/api.w.org\/{rel}","templated":true}]}}