{"id":136839,"date":"2025-05-18T22:53:26","date_gmt":"2025-05-18T22:53:26","guid":{"rendered":"https:\/\/staging2.stylingagenten.com\/fi\/produkt\/juicy-couture-viva-la-juicy-rose-edp-50ml\/"},"modified":"2026-03-27T15:48:27","modified_gmt":"2026-03-27T15:48:27","slug":"juicy-couture-viva-la-juicy-rose-edp-50ml","status":"publish","type":"product","link":"https:\/\/stylingagenten.com\/fi\/tuote\/juicy-couture-viva-la-juicy-rose-edp-50ml\/","title":{"rendered":"Juicy Couture Viva La Juicy Rose Edp 50ml"},"content":{"rendered":"<p>Juicy Couture Viva La Juicy Rose Edp on naisten hajuvesi, joka on saanut inspiraationsa tytt\u00f6jen vapaasta persoonasta. T\u00e4m\u00e4 on tuore tulkinta kuplivista alkuper\u00e4isist\u00e4<\/p>\n<p><strong>Tuoksutuoksuista:<\/strong> mandariini, p\u00e4\u00e4ryn\u00e4, jasmiini, ruusu, pioni, ambra, j\u00e4\u00e4 ja hartsi. <\/p>\n<p><span style=\"font-size: 11.0pt;line-height: 107%;font-family: 'Calibri',sans-serif;color: black\">&nbsp;<\/span><\/p>\n","protected":false},"excerpt":{"rendered":"<p>Juicy Couture Viva La Juicy Rose Edp on naisten hajuvesi, joka on saanut inspiraationsa tytt\u00f6jen vapaasta persoonasta. T\u00e4m\u00e4 on tuore tulkinta kuplivista alkuper\u00e4isist\u00e4 Tuoksutuoksuista: mandariini, p\u00e4\u00e4ryn\u00e4, jasmiini, ruusu, pioni, ambra, j\u00e4\u00e4 ja hartsi. &nbsp;<\/p>\n","protected":false},"featured_media":136833,"comment_status":"open","ping_status":"closed","template":"","meta":{"_trash_the_other_posts":false},"product_brand":[],"product_cat":[918,999,706,735],"product_tag":[3094],"berocket_brand":[1067],"class_list":{"0":"post-136839","1":"product","2":"type-product","3":"status-publish","4":"has-post-thumbnail","6":"product_cat-juicy-couture-viva-la-juicy","7":"product_cat-kampanjatarjous-naiselle","8":"product_cat-naisten-eau-de-parfum","9":"product_cat-kampanjamme","10":"product_tag-juicy-couture-viva-la-juicy-rose-edp","11":"pa_brand-juicy-couture","12":"pa_variantti-50ml","13":"berocket_brand-juicy-couture","15":"first","16":"instock","17":"sale","18":"taxable","19":"shipping-taxable","20":"purchasable","21":"product-type-simple"},"_links":{"self":[{"href":"https:\/\/stylingagenten.com\/fi\/wp-json\/wp\/v2\/product\/136839","targetHints":{"allow":["GET"]}}],"collection":[{"href":"https:\/\/stylingagenten.com\/fi\/wp-json\/wp\/v2\/product"}],"about":[{"href":"https:\/\/stylingagenten.com\/fi\/wp-json\/wp\/v2\/types\/product"}],"replies":[{"embeddable":true,"href":"https:\/\/stylingagenten.com\/fi\/wp-json\/wp\/v2\/comments?post=136839"}],"version-history":[{"count":0,"href":"https:\/\/stylingagenten.com\/fi\/wp-json\/wp\/v2\/product\/136839\/revisions"}],"wp:featuredmedia":[{"embeddable":true,"href":"https:\/\/stylingagenten.com\/fi\/wp-json\/wp\/v2\/media\/136833"}],"wp:attachment":[{"href":"https:\/\/stylingagenten.com\/fi\/wp-json\/wp\/v2\/media?parent=136839"}],"wp:term":[{"taxonomy":"product_brand","embeddable":true,"href":"https:\/\/stylingagenten.com\/fi\/wp-json\/wp\/v2\/product_brand?post=136839"},{"taxonomy":"product_cat","embeddable":true,"href":"https:\/\/stylingagenten.com\/fi\/wp-json\/wp\/v2\/product_cat?post=136839"},{"taxonomy":"product_tag","embeddable":true,"href":"https:\/\/stylingagenten.com\/fi\/wp-json\/wp\/v2\/product_tag?post=136839"},{"taxonomy":"berocket_brand","embeddable":true,"href":"https:\/\/stylingagenten.com\/fi\/wp-json\/wp\/v2\/berocket_brand?post=136839"}],"curies":[{"name":"wp","href":"https:\/\/api.w.org\/{rel}","templated":true}]}}