{"id":136836,"date":"2025-05-18T22:53:25","date_gmt":"2025-05-18T22:53:25","guid":{"rendered":"https:\/\/staging2.stylingagenten.com\/fi\/produkt\/revlon-charlie-red-edt-100ml\/"},"modified":"2026-04-10T07:08:30","modified_gmt":"2026-04-10T07:08:30","slug":"revlon-charlie-red-edt-100ml","status":"publish","type":"product","link":"https:\/\/stylingagenten.com\/fi\/tuote\/revlon-charlie-red-edt-100ml\/","title":{"rendered":"Revlon Charlie Red Edt 100ml"},"content":{"rendered":"<p>Revlon Charlie Red on kukkainen ja it\u00e4mainen tuoksu naisille, jonka luonne on l\u00e4mmin, pehme\u00e4 ja makea ja joka antaa tyylikk\u00e4\u00e4n ja eritt\u00e4in kauniin ulkon\u00e4\u00f6n.<\/p>\n<p><strong>Tuoksun tuoksu:<\/strong> persikka, violetti , mustaherukka, luumu, gardenia, appelsiinikukka, kielo, ylang-ylang, jasmiini, ruusu, orkidea, y\u00f6hyasintti, neilikka, myski, santelipuu, meripihka, setri ja amp; kulta.<\/p>\n","protected":false},"excerpt":{"rendered":"<p>Revlon Charlie Red on kukkainen ja it\u00e4mainen tuoksu naisille, jonka luonne on l\u00e4mmin, pehme\u00e4 ja makea ja joka antaa tyylikk\u00e4\u00e4n ja eritt\u00e4in kauniin ulkon\u00e4\u00f6n. Tuoksun tuoksu: persikka, violetti , mustaherukka, luumu, gardenia, appelsiinikukka, kielo, ylang-ylang, jasmiini, ruusu, orkidea, y\u00f6hyasintti, neilikka, myski, santelipuu, meripihka, setri ja amp; kulta.<\/p>\n","protected":false},"featured_media":136832,"comment_status":"open","ping_status":"closed","template":"","meta":{"_trash_the_other_posts":false},"product_brand":[],"product_cat":[999,1003,707,735],"product_tag":[],"berocket_brand":[1040],"class_list":{"0":"post-136836","1":"product","2":"type-product","3":"status-publish","4":"has-post-thumbnail","6":"product_cat-kampanjatarjous-naiselle","7":"product_cat-myydyimmat","8":"product_cat-naisten-eau-de-toilette","9":"product_cat-kampanjamme","10":"pa_brand-revlon","11":"berocket_brand-revlon","13":"first","14":"instock","15":"sale","16":"taxable","17":"shipping-taxable","18":"purchasable","19":"product-type-simple"},"_links":{"self":[{"href":"https:\/\/stylingagenten.com\/fi\/wp-json\/wp\/v2\/product\/136836","targetHints":{"allow":["GET"]}}],"collection":[{"href":"https:\/\/stylingagenten.com\/fi\/wp-json\/wp\/v2\/product"}],"about":[{"href":"https:\/\/stylingagenten.com\/fi\/wp-json\/wp\/v2\/types\/product"}],"replies":[{"embeddable":true,"href":"https:\/\/stylingagenten.com\/fi\/wp-json\/wp\/v2\/comments?post=136836"}],"version-history":[{"count":0,"href":"https:\/\/stylingagenten.com\/fi\/wp-json\/wp\/v2\/product\/136836\/revisions"}],"wp:featuredmedia":[{"embeddable":true,"href":"https:\/\/stylingagenten.com\/fi\/wp-json\/wp\/v2\/media\/136832"}],"wp:attachment":[{"href":"https:\/\/stylingagenten.com\/fi\/wp-json\/wp\/v2\/media?parent=136836"}],"wp:term":[{"taxonomy":"product_brand","embeddable":true,"href":"https:\/\/stylingagenten.com\/fi\/wp-json\/wp\/v2\/product_brand?post=136836"},{"taxonomy":"product_cat","embeddable":true,"href":"https:\/\/stylingagenten.com\/fi\/wp-json\/wp\/v2\/product_cat?post=136836"},{"taxonomy":"product_tag","embeddable":true,"href":"https:\/\/stylingagenten.com\/fi\/wp-json\/wp\/v2\/product_tag?post=136836"},{"taxonomy":"berocket_brand","embeddable":true,"href":"https:\/\/stylingagenten.com\/fi\/wp-json\/wp\/v2\/berocket_brand?post=136836"}],"curies":[{"name":"wp","href":"https:\/\/api.w.org\/{rel}","templated":true}]}}