{"id":136827,"date":"2025-05-18T22:53:23","date_gmt":"2025-05-18T22:53:23","guid":{"rendered":"https:\/\/staging2.stylingagenten.com\/fi\/produkt\/juicy-couture-i-am-juicy-couture-edp-100ml\/"},"modified":"2026-04-13T00:38:25","modified_gmt":"2026-04-13T00:38:25","slug":"juicy-couture-i-am-juicy-couture-edp-100ml","status":"publish","type":"product","link":"https:\/\/stylingagenten.com\/fi\/tuote\/juicy-couture-i-am-juicy-couture-edp-100ml\/","title":{"rendered":"Juicy Couture I Am Juicy Couture Edp 100ml"},"content":{"rendered":"<p>Juicy Couture I Am Juicy Couture on syv\u00e4 ja hienostunut tuoksu, joka avautuu yhdistelm\u00e4ll\u00e4 mehukkaita, kypsi\u00e4 hedelmi\u00e4. Tuoksu asettuu hitaasti sekoitukseksi aistillista gardeniaa ja houkuttelevaa kashmirpuun tuoksua.<\/p>\n<p><strong>Tuoksutuoksu:<\/strong> vadelma, greippi, passionhedelm\u00e4, gardenia, heliotrooppi, kaneliruusu, tuoksu, myski, l\u00e4mmin mets\u00e4 &amp; ambra.<\/p>\n","protected":false},"excerpt":{"rendered":"<p>Juicy Couture I Am Juicy Couture on syv\u00e4 ja hienostunut tuoksu, joka avautuu yhdistelm\u00e4ll\u00e4 mehukkaita, kypsi\u00e4 hedelmi\u00e4. Tuoksu asettuu hitaasti sekoitukseksi aistillista gardeniaa ja houkuttelevaa kashmirpuun tuoksua. Tuoksutuoksu: vadelma, greippi, passionhedelm\u00e4, gardenia, heliotrooppi, kaneliruusu, tuoksu, myski, l\u00e4mmin mets\u00e4 &amp; ambra.<\/p>\n","protected":false},"featured_media":136823,"comment_status":"open","ping_status":"closed","template":"","meta":{"_trash_the_other_posts":false},"product_brand":[],"product_cat":[916,1006,999,1003,706,735],"product_tag":[3083],"berocket_brand":[1067],"class_list":{"0":"post-136827","1":"product","2":"type-product","3":"status-publish","4":"has-post-thumbnail","6":"product_cat-juicy-couture-i-am-juicy","7":"product_cat-kampanjahinta","8":"product_cat-kampanjatarjous-naiselle","9":"product_cat-myydyimmat","10":"product_cat-naisten-eau-de-parfum","11":"product_cat-kampanjamme","12":"product_tag-juicy-couture-i-am-juicy-couture-edp","13":"pa_brand-juicy-couture","14":"pa_variantti-100ml","15":"berocket_brand-juicy-couture","17":"first","18":"outofstock","19":"sale","20":"taxable","21":"shipping-taxable","22":"purchasable","23":"product-type-simple"},"_links":{"self":[{"href":"https:\/\/stylingagenten.com\/fi\/wp-json\/wp\/v2\/product\/136827","targetHints":{"allow":["GET"]}}],"collection":[{"href":"https:\/\/stylingagenten.com\/fi\/wp-json\/wp\/v2\/product"}],"about":[{"href":"https:\/\/stylingagenten.com\/fi\/wp-json\/wp\/v2\/types\/product"}],"replies":[{"embeddable":true,"href":"https:\/\/stylingagenten.com\/fi\/wp-json\/wp\/v2\/comments?post=136827"}],"version-history":[{"count":0,"href":"https:\/\/stylingagenten.com\/fi\/wp-json\/wp\/v2\/product\/136827\/revisions"}],"wp:featuredmedia":[{"embeddable":true,"href":"https:\/\/stylingagenten.com\/fi\/wp-json\/wp\/v2\/media\/136823"}],"wp:attachment":[{"href":"https:\/\/stylingagenten.com\/fi\/wp-json\/wp\/v2\/media?parent=136827"}],"wp:term":[{"taxonomy":"product_brand","embeddable":true,"href":"https:\/\/stylingagenten.com\/fi\/wp-json\/wp\/v2\/product_brand?post=136827"},{"taxonomy":"product_cat","embeddable":true,"href":"https:\/\/stylingagenten.com\/fi\/wp-json\/wp\/v2\/product_cat?post=136827"},{"taxonomy":"product_tag","embeddable":true,"href":"https:\/\/stylingagenten.com\/fi\/wp-json\/wp\/v2\/product_tag?post=136827"},{"taxonomy":"berocket_brand","embeddable":true,"href":"https:\/\/stylingagenten.com\/fi\/wp-json\/wp\/v2\/berocket_brand?post=136827"}],"curies":[{"name":"wp","href":"https:\/\/api.w.org\/{rel}","templated":true}]}}