{"id":136822,"date":"2025-05-18T22:53:21","date_gmt":"2025-05-18T22:53:21","guid":{"rendered":"https:\/\/staging2.stylingagenten.com\/fi\/produkt\/marc-jacobs-daisy-dream-edt-50ml\/"},"modified":"2026-04-09T10:38:35","modified_gmt":"2026-04-09T10:38:35","slug":"marc-jacobs-daisy-dream-edt-50ml","status":"publish","type":"product","link":"https:\/\/stylingagenten.com\/fi\/tuote\/marc-jacobs-daisy-dream-edt-50ml\/","title":{"rendered":"Marc Jacobs Daisy Dream Edt 50ml"},"content":{"rendered":"<p>Marc Jacobs Daisy Dream on hedelm\u00e4inen ja kukkainen tuoksu, joka sopii hienostuneelle ja elegantille naiselle.<\/p>\n<p><strong>Tuoksutuoksu:<\/strong> p\u00e4\u00e4ryn\u00e4, greippi, p\u00e4\u00e4ryn\u00e4, jasmiini, litsi, sininen sade, valkoinen puu, myski &amp; amp; kookosvett\u00e4.<\/p>\n","protected":false},"excerpt":{"rendered":"<p>Marc Jacobs Daisy Dream on hedelm\u00e4inen ja kukkainen tuoksu, joka sopii hienostuneelle ja elegantille naiselle. Tuoksutuoksu: p\u00e4\u00e4ryn\u00e4, greippi, p\u00e4\u00e4ryn\u00e4, jasmiini, litsi, sininen sade, valkoinen puu, myski &amp; amp; kookosvett\u00e4.<\/p>\n","protected":false},"featured_media":136820,"comment_status":"open","ping_status":"closed","template":"","meta":{"_trash_the_other_posts":false},"product_brand":[],"product_cat":[1006,999,959,707,735],"product_tag":[3380],"berocket_brand":[1069],"class_list":{"0":"post-136822","1":"product","2":"type-product","3":"status-publish","4":"has-post-thumbnail","6":"product_cat-kampanjahinta","7":"product_cat-kampanjatarjous-naiselle","8":"product_cat-marc-jacobs-daisy","9":"product_cat-naisten-eau-de-toilette","10":"product_cat-kampanjamme","11":"product_tag-marc-jacobs-daisy-dream-edt","12":"pa_brand-marc-jacobs","13":"pa_variantti-50ml","14":"berocket_brand-marc-jacobs","16":"first","17":"instock","18":"sale","19":"taxable","20":"shipping-taxable","21":"purchasable","22":"product-type-simple"},"_links":{"self":[{"href":"https:\/\/stylingagenten.com\/fi\/wp-json\/wp\/v2\/product\/136822","targetHints":{"allow":["GET"]}}],"collection":[{"href":"https:\/\/stylingagenten.com\/fi\/wp-json\/wp\/v2\/product"}],"about":[{"href":"https:\/\/stylingagenten.com\/fi\/wp-json\/wp\/v2\/types\/product"}],"replies":[{"embeddable":true,"href":"https:\/\/stylingagenten.com\/fi\/wp-json\/wp\/v2\/comments?post=136822"}],"version-history":[{"count":0,"href":"https:\/\/stylingagenten.com\/fi\/wp-json\/wp\/v2\/product\/136822\/revisions"}],"wp:featuredmedia":[{"embeddable":true,"href":"https:\/\/stylingagenten.com\/fi\/wp-json\/wp\/v2\/media\/136820"}],"wp:attachment":[{"href":"https:\/\/stylingagenten.com\/fi\/wp-json\/wp\/v2\/media?parent=136822"}],"wp:term":[{"taxonomy":"product_brand","embeddable":true,"href":"https:\/\/stylingagenten.com\/fi\/wp-json\/wp\/v2\/product_brand?post=136822"},{"taxonomy":"product_cat","embeddable":true,"href":"https:\/\/stylingagenten.com\/fi\/wp-json\/wp\/v2\/product_cat?post=136822"},{"taxonomy":"product_tag","embeddable":true,"href":"https:\/\/stylingagenten.com\/fi\/wp-json\/wp\/v2\/product_tag?post=136822"},{"taxonomy":"berocket_brand","embeddable":true,"href":"https:\/\/stylingagenten.com\/fi\/wp-json\/wp\/v2\/berocket_brand?post=136822"}],"curies":[{"name":"wp","href":"https:\/\/api.w.org\/{rel}","templated":true}]}}