{"id":136813,"date":"2025-05-18T22:53:18","date_gmt":"2025-05-18T22:53:18","guid":{"rendered":"https:\/\/staging2.stylingagenten.com\/fi\/produkt\/burberry-london-for-women-edp-100ml\/"},"modified":"2026-04-13T12:08:39","modified_gmt":"2026-04-13T12:08:39","slug":"burberry-london-for-women-edp-100ml","status":"publish","type":"product","link":"https:\/\/stylingagenten.com\/fi\/tuote\/burberry-london-for-women-edp-100ml\/","title":{"rendered":"Burberry London For Women Edp 100ml"},"content":{"rendered":"<p>Burberry London For Women on l\u00e4mmin ja aistillinen tuoksu, jossa on aavistus kuusamaa, klementiini\u00e4 ja patsulia. Pehme\u00e4 ja it\u00e4mainen tuoksu, joka erottuu joukosta.<\/p>\n<p><strong>Tuoksutuoksut:<\/strong> klementiini, kuusama, englantilainen ruusu, tiaaran kukka, jasmiini, pioni, santelipuu, myski &amp; patsuli.<\/p>\n","protected":false},"excerpt":{"rendered":"<p>Burberry London For Women on l\u00e4mmin ja aistillinen tuoksu, jossa on aavistus kuusamaa, klementiini\u00e4 ja patsulia. Pehme\u00e4 ja it\u00e4mainen tuoksu, joka erottuu joukosta. Tuoksutuoksut: klementiini, kuusama, englantilainen ruusu, tiaaran kukka, jasmiini, pioni, santelipuu, myski &amp; patsuli.<\/p>\n","protected":false},"featured_media":136808,"comment_status":"open","ping_status":"closed","template":"","meta":{"_trash_the_other_posts":false},"product_brand":[],"product_cat":[1006,706],"product_tag":[2607],"berocket_brand":[1017],"class_list":{"0":"post-136813","1":"product","2":"type-product","3":"status-publish","4":"has-post-thumbnail","6":"product_cat-kampanjahinta","7":"product_cat-naisten-eau-de-parfum","8":"product_tag-burberry-london-for-women-edp","9":"pa_brand-burberry","10":"pa_variantti-100ml","11":"berocket_brand-burberry","13":"first","14":"instock","15":"sale","16":"taxable","17":"shipping-taxable","18":"purchasable","19":"product-type-simple"},"_links":{"self":[{"href":"https:\/\/stylingagenten.com\/fi\/wp-json\/wp\/v2\/product\/136813","targetHints":{"allow":["GET"]}}],"collection":[{"href":"https:\/\/stylingagenten.com\/fi\/wp-json\/wp\/v2\/product"}],"about":[{"href":"https:\/\/stylingagenten.com\/fi\/wp-json\/wp\/v2\/types\/product"}],"replies":[{"embeddable":true,"href":"https:\/\/stylingagenten.com\/fi\/wp-json\/wp\/v2\/comments?post=136813"}],"version-history":[{"count":0,"href":"https:\/\/stylingagenten.com\/fi\/wp-json\/wp\/v2\/product\/136813\/revisions"}],"wp:featuredmedia":[{"embeddable":true,"href":"https:\/\/stylingagenten.com\/fi\/wp-json\/wp\/v2\/media\/136808"}],"wp:attachment":[{"href":"https:\/\/stylingagenten.com\/fi\/wp-json\/wp\/v2\/media?parent=136813"}],"wp:term":[{"taxonomy":"product_brand","embeddable":true,"href":"https:\/\/stylingagenten.com\/fi\/wp-json\/wp\/v2\/product_brand?post=136813"},{"taxonomy":"product_cat","embeddable":true,"href":"https:\/\/stylingagenten.com\/fi\/wp-json\/wp\/v2\/product_cat?post=136813"},{"taxonomy":"product_tag","embeddable":true,"href":"https:\/\/stylingagenten.com\/fi\/wp-json\/wp\/v2\/product_tag?post=136813"},{"taxonomy":"berocket_brand","embeddable":true,"href":"https:\/\/stylingagenten.com\/fi\/wp-json\/wp\/v2\/berocket_brand?post=136813"}],"curies":[{"name":"wp","href":"https:\/\/api.w.org\/{rel}","templated":true}]}}