{"id":136791,"date":"2025-05-18T22:53:12","date_gmt":"2025-05-18T22:53:12","guid":{"rendered":"https:\/\/staging2.stylingagenten.com\/fi\/produkt\/lancome-tresor-midnight-rose-edp-50ml\/"},"modified":"2026-04-06T09:47:33","modified_gmt":"2026-04-06T09:47:33","slug":"lancome-tresor-midnight-rose-edp-50ml","status":"publish","type":"product","link":"https:\/\/stylingagenten.com\/fi\/tuote\/lancome-tresor-midnight-rose-edp-50ml\/","title":{"rendered":"Lancome Tresor Midnight Rose Edp 50ml"},"content":{"rendered":"<p>Lancome Tresor Midnight Rose on ylenpalttinen, aistillinen ja maaginen tuoksu, joka edustaa leikki\u00e4, joka tapahtuu rakkauden ensimm\u00e4isess\u00e4 vaiheessa, kun rakkaus ei ole viel\u00e4 er&ouml;vrats.<\/p>\n<p><strong>Tuoksua: <\/strong> mustat viiniryp\u00e4leet, vadelma, ruusu, jasmiini, vanilja, setripuu; &amp; myski.<\/p>\n","protected":false},"excerpt":{"rendered":"<p>Lancome Tresor Midnight Rose on ylenpalttinen, aistillinen ja maaginen tuoksu, joka edustaa leikki\u00e4, joka tapahtuu rakkauden ensimm\u00e4isess\u00e4 vaiheessa, kun rakkaus ei ole viel\u00e4 er&ouml;vrats. Tuoksua: mustat viiniryp\u00e4leet, vadelma, ruusu, jasmiini, vanilja, setripuu; &amp; myski.<\/p>\n","protected":false},"featured_media":136789,"comment_status":"open","ping_status":"closed","template":"","meta":{"_trash_the_other_posts":false},"product_brand":[],"product_cat":[1006,999,945,706,735],"product_tag":[3193],"berocket_brand":[1128],"class_list":{"0":"post-136791","1":"product","2":"type-product","3":"status-publish","4":"has-post-thumbnail","6":"product_cat-kampanjahinta","7":"product_cat-kampanjatarjous-naiselle","8":"product_cat-lancome-tresor","9":"product_cat-naisten-eau-de-parfum","10":"product_cat-kampanjamme","11":"product_tag-lancome-tresor-midnight-rose-edp","12":"pa_brand-lancome","13":"pa_variantti-50ml","14":"berocket_brand-lancome","16":"first","17":"instock","18":"sale","19":"taxable","20":"shipping-taxable","21":"purchasable","22":"product-type-simple"},"_links":{"self":[{"href":"https:\/\/stylingagenten.com\/fi\/wp-json\/wp\/v2\/product\/136791","targetHints":{"allow":["GET"]}}],"collection":[{"href":"https:\/\/stylingagenten.com\/fi\/wp-json\/wp\/v2\/product"}],"about":[{"href":"https:\/\/stylingagenten.com\/fi\/wp-json\/wp\/v2\/types\/product"}],"replies":[{"embeddable":true,"href":"https:\/\/stylingagenten.com\/fi\/wp-json\/wp\/v2\/comments?post=136791"}],"version-history":[{"count":0,"href":"https:\/\/stylingagenten.com\/fi\/wp-json\/wp\/v2\/product\/136791\/revisions"}],"wp:featuredmedia":[{"embeddable":true,"href":"https:\/\/stylingagenten.com\/fi\/wp-json\/wp\/v2\/media\/136789"}],"wp:attachment":[{"href":"https:\/\/stylingagenten.com\/fi\/wp-json\/wp\/v2\/media?parent=136791"}],"wp:term":[{"taxonomy":"product_brand","embeddable":true,"href":"https:\/\/stylingagenten.com\/fi\/wp-json\/wp\/v2\/product_brand?post=136791"},{"taxonomy":"product_cat","embeddable":true,"href":"https:\/\/stylingagenten.com\/fi\/wp-json\/wp\/v2\/product_cat?post=136791"},{"taxonomy":"product_tag","embeddable":true,"href":"https:\/\/stylingagenten.com\/fi\/wp-json\/wp\/v2\/product_tag?post=136791"},{"taxonomy":"berocket_brand","embeddable":true,"href":"https:\/\/stylingagenten.com\/fi\/wp-json\/wp\/v2\/berocket_brand?post=136791"}],"curies":[{"name":"wp","href":"https:\/\/api.w.org\/{rel}","templated":true}]}}