{"id":136786,"date":"2025-05-18T22:53:09","date_gmt":"2025-05-18T22:53:09","guid":{"rendered":"https:\/\/staging2.stylingagenten.com\/fi\/produkt\/roberto-cavalli-just-cavalli-women-edt-75ml\/"},"modified":"2025-11-19T11:10:37","modified_gmt":"2025-11-19T11:10:37","slug":"roberto-cavalli-just-cavalli-women-edt-75ml","status":"publish","type":"product","link":"https:\/\/stylingagenten.com\/fi\/tuote\/roberto-cavalli-just-cavalli-women-edt-75ml\/","title":{"rendered":"Roberto Cavalli Just Cavalli Women Edt 75ml"},"content":{"rendered":"<p>Roberto Cavalli Just Cavalli Women Edt on provosoiva tuoksu. Se on nuori, eloisa, hauska, el\u00e4v\u00e4 ja t\u00e4ynn\u00e4 aistillisuutta.<\/p>\n<p><strong>Tuoksutuoksu:<\/strong> neroli, tiaaran kukka, puiset tuoksut.<br \/>&nbsp;<\/p>\n","protected":false},"excerpt":{"rendered":"<p>Roberto Cavalli Just Cavalli Women Edt on provosoiva tuoksu. Se on nuori, eloisa, hauska, el\u00e4v\u00e4 ja t\u00e4ynn\u00e4 aistillisuutta. Tuoksutuoksu: neroli, tiaaran kukka, puiset tuoksut.&nbsp;<\/p>\n","protected":false},"featured_media":136784,"comment_status":"open","ping_status":"closed","template":"","meta":{"_trash_the_other_posts":false},"product_brand":[],"product_cat":[1003,707],"product_tag":[3943],"berocket_brand":[1074],"class_list":{"0":"post-136786","1":"product","2":"type-product","3":"status-publish","4":"has-post-thumbnail","6":"product_cat-myydyimmat","7":"product_cat-naisten-eau-de-toilette","8":"product_tag-roberto-cavalli-just-cavalli-women-edt","9":"pa_brand-roberto-cavalli","10":"pa_variantti-75ml","11":"berocket_brand-roberto-cavalli","13":"first","14":"outofstock","15":"sale","16":"taxable","17":"shipping-taxable","18":"purchasable","19":"product-type-simple"},"_links":{"self":[{"href":"https:\/\/stylingagenten.com\/fi\/wp-json\/wp\/v2\/product\/136786","targetHints":{"allow":["GET"]}}],"collection":[{"href":"https:\/\/stylingagenten.com\/fi\/wp-json\/wp\/v2\/product"}],"about":[{"href":"https:\/\/stylingagenten.com\/fi\/wp-json\/wp\/v2\/types\/product"}],"replies":[{"embeddable":true,"href":"https:\/\/stylingagenten.com\/fi\/wp-json\/wp\/v2\/comments?post=136786"}],"version-history":[{"count":0,"href":"https:\/\/stylingagenten.com\/fi\/wp-json\/wp\/v2\/product\/136786\/revisions"}],"wp:featuredmedia":[{"embeddable":true,"href":"https:\/\/stylingagenten.com\/fi\/wp-json\/wp\/v2\/media\/136784"}],"wp:attachment":[{"href":"https:\/\/stylingagenten.com\/fi\/wp-json\/wp\/v2\/media?parent=136786"}],"wp:term":[{"taxonomy":"product_brand","embeddable":true,"href":"https:\/\/stylingagenten.com\/fi\/wp-json\/wp\/v2\/product_brand?post=136786"},{"taxonomy":"product_cat","embeddable":true,"href":"https:\/\/stylingagenten.com\/fi\/wp-json\/wp\/v2\/product_cat?post=136786"},{"taxonomy":"product_tag","embeddable":true,"href":"https:\/\/stylingagenten.com\/fi\/wp-json\/wp\/v2\/product_tag?post=136786"},{"taxonomy":"berocket_brand","embeddable":true,"href":"https:\/\/stylingagenten.com\/fi\/wp-json\/wp\/v2\/berocket_brand?post=136786"}],"curies":[{"name":"wp","href":"https:\/\/api.w.org\/{rel}","templated":true}]}}