{"id":136744,"date":"2025-05-18T22:52:56","date_gmt":"2025-05-18T22:52:56","guid":{"rendered":"https:\/\/staging2.stylingagenten.com\/fi\/produkt\/guess-dare-edt-100ml\/"},"modified":"2026-04-10T20:38:29","modified_gmt":"2026-04-10T20:38:29","slug":"guess-dare-edt-100ml","status":"publish","type":"product","link":"https:\/\/stylingagenten.com\/fi\/tuote\/guess-dare-edt-100ml\/","title":{"rendered":"Guess Dare edt 100ml"},"content":{"rendered":"<p style='margin-top:0cm;margin-right:0cm;margin-bottom:8.0pt;margin-left:0cm;font-size:15px;font-family:\"Calibri\",sans-serif'> Rohkean sensuelli tuoksu, jossa kukkainen, hedelm\u00e4inen nuoti. Suunniteltu naiselle, jolla on itseluottamus ja leikkis\u00e4 asenne kokemiseen. K\u00e4yt\u00e4 t\u00e4t\u00e4 kutsuvaa, naisellista ja luonnetta tuoksua.<\/p>\n<p style='margin: 0cm 0cm 8pt;font-family: \"Calibri\", sans-serif'>Alkutuoksu: Raikas mandariini, p\u00e4\u00e4ryn\u00e4 ja limen kukka.<br \/>Syd\u00e4ntuoksu: kaktuskukka, jasmiini ja villiruusu.<br \/>Pohjatuoksu: Vaalea puu, Key West kookos&ouml; teelusikallinen palmua ja myski\u00e4.<\/p>\n","protected":false},"excerpt":{"rendered":"<p>Rohkean sensuelli tuoksu, jossa kukkainen, hedelm\u00e4inen nuoti. Suunniteltu naiselle, jolla on itseluottamus ja leikkis\u00e4 asenne kokemiseen. K\u00e4yt\u00e4 t\u00e4t\u00e4 kutsuvaa, naisellista ja luonnetta tuoksua. Alkutuoksu: Raikas mandariini, p\u00e4\u00e4ryn\u00e4 ja limen kukka.Syd\u00e4ntuoksu: kaktuskukka, jasmiini ja villiruusu.Pohjatuoksu: Vaalea puu, Key West kookos&ouml; teelusikallinen palmua ja myski\u00e4.<\/p>\n","protected":false},"featured_media":136743,"comment_status":"open","ping_status":"closed","template":"","meta":{"_trash_the_other_posts":false},"product_brand":[],"product_cat":[999,707,735],"product_tag":[],"berocket_brand":[1331],"class_list":{"0":"post-136744","1":"product","2":"type-product","3":"status-publish","4":"has-post-thumbnail","6":"product_cat-kampanjatarjous-naiselle","7":"product_cat-naisten-eau-de-toilette","8":"product_cat-kampanjamme","9":"pa_brand-guess","10":"berocket_brand-guess","12":"first","13":"instock","14":"sale","15":"taxable","16":"shipping-taxable","17":"purchasable","18":"product-type-simple"},"_links":{"self":[{"href":"https:\/\/stylingagenten.com\/fi\/wp-json\/wp\/v2\/product\/136744","targetHints":{"allow":["GET"]}}],"collection":[{"href":"https:\/\/stylingagenten.com\/fi\/wp-json\/wp\/v2\/product"}],"about":[{"href":"https:\/\/stylingagenten.com\/fi\/wp-json\/wp\/v2\/types\/product"}],"replies":[{"embeddable":true,"href":"https:\/\/stylingagenten.com\/fi\/wp-json\/wp\/v2\/comments?post=136744"}],"version-history":[{"count":0,"href":"https:\/\/stylingagenten.com\/fi\/wp-json\/wp\/v2\/product\/136744\/revisions"}],"wp:featuredmedia":[{"embeddable":true,"href":"https:\/\/stylingagenten.com\/fi\/wp-json\/wp\/v2\/media\/136743"}],"wp:attachment":[{"href":"https:\/\/stylingagenten.com\/fi\/wp-json\/wp\/v2\/media?parent=136744"}],"wp:term":[{"taxonomy":"product_brand","embeddable":true,"href":"https:\/\/stylingagenten.com\/fi\/wp-json\/wp\/v2\/product_brand?post=136744"},{"taxonomy":"product_cat","embeddable":true,"href":"https:\/\/stylingagenten.com\/fi\/wp-json\/wp\/v2\/product_cat?post=136744"},{"taxonomy":"product_tag","embeddable":true,"href":"https:\/\/stylingagenten.com\/fi\/wp-json\/wp\/v2\/product_tag?post=136744"},{"taxonomy":"berocket_brand","embeddable":true,"href":"https:\/\/stylingagenten.com\/fi\/wp-json\/wp\/v2\/berocket_brand?post=136744"}],"curies":[{"name":"wp","href":"https:\/\/api.w.org\/{rel}","templated":true}]}}