{"id":136742,"date":"2025-05-18T22:52:56","date_gmt":"2025-05-18T22:52:56","guid":{"rendered":"https:\/\/staging2.stylingagenten.com\/fi\/produkt\/guess-1981-femme-edt-100ml\/"},"modified":"2026-03-17T13:37:35","modified_gmt":"2026-03-17T13:37:35","slug":"guess-1981-femme-edt-100ml","status":"publish","type":"product","link":"https:\/\/stylingagenten.com\/fi\/tuote\/guess-1981-femme-edt-100ml\/","title":{"rendered":"Guess 1981 Femme edt 100ml"},"content":{"rendered":"<p style='margin-top:0cm;margin-right:0cm;margin-bottom:8.0pt;margin-left:0cm;font-size:15px;font-family:\"Calibri\",sans-serif'> Kev\u00e4\u00e4ll\u00e4 2017 Guess esitteli uuden Guess 1981 -tuoksunsa tuoksukokoelmansa t\u00e4h\u00e4n menness\u00e4 houkuttelevimpana ja aistillisimpana tuoksuna. Hienostunut, elegantti ja siro, Guess 1981 lupaa h\u00e4nelle tuoksun, jossa on raikkaat ja puhtaat yl\u00e4tuoksut, hedelm\u00e4inen kukkainen syd\u00e4n ja puinen myskipohja.<\/p>\n<p>Guess 1981 esitet\u00e4\u00e4n sinivihre\u00e4ss\u00e4 pullossa. . Kuten nimest\u00e4 voi p\u00e4\u00e4tell\u00e4, Guess 1981 pyrkii osoittamaan kunnioitusta Guess-br\u00e4ndin luomisvuodelle.<\/p>\n<p style='margin: 0cm 0cm 8pt;font-family: \"Calibri\", sans-serif'>Yl\u00e4tuoksu: Ambrette fr&ouml;, Violet.<br \/>Syd\u00e4ntuoksu: P&auml;Jasmine, Sandalwood&auml;.<br \/>Pohjatuoksu: Cedarwood&auml;, Musk, B&auml; rnsten .<\/p>\n<p><span style=\"font-size: 11.0pt;line-height: 107%;font-family: 'Calibri',sans-serif\">&nbsp;<\/span><\/p>\n","protected":false},"excerpt":{"rendered":"<p>Kev\u00e4\u00e4ll\u00e4 2017 Guess esitteli uuden Guess 1981 -tuoksunsa tuoksukokoelmansa t\u00e4h\u00e4n menness\u00e4 houkuttelevimpana ja aistillisimpana tuoksuna. Hienostunut, elegantti ja siro, Guess 1981 lupaa h\u00e4nelle tuoksun, jossa on raikkaat ja puhtaat yl\u00e4tuoksut, hedelm\u00e4inen kukkainen syd\u00e4n ja puinen myskipohja. Guess 1981 esitet\u00e4\u00e4n sinivihre\u00e4ss\u00e4 pullossa. . Kuten nimest\u00e4 voi p\u00e4\u00e4tell\u00e4, Guess 1981 pyrkii osoittamaan kunnioitusta Guess-br\u00e4ndin luomisvuodelle. Yl\u00e4tuoksu: Ambrette [&hellip;]<\/p>\n","protected":false},"featured_media":136739,"comment_status":"open","ping_status":"closed","template":"","meta":{"_trash_the_other_posts":false},"product_brand":[],"product_cat":[999,707,735],"product_tag":[],"berocket_brand":[1331],"class_list":{"0":"post-136742","1":"product","2":"type-product","3":"status-publish","4":"has-post-thumbnail","6":"product_cat-kampanjatarjous-naiselle","7":"product_cat-naisten-eau-de-toilette","8":"product_cat-kampanjamme","9":"pa_brand-guess","10":"berocket_brand-guess","12":"first","13":"instock","14":"sale","15":"taxable","16":"shipping-taxable","17":"purchasable","18":"product-type-simple"},"_links":{"self":[{"href":"https:\/\/stylingagenten.com\/fi\/wp-json\/wp\/v2\/product\/136742","targetHints":{"allow":["GET"]}}],"collection":[{"href":"https:\/\/stylingagenten.com\/fi\/wp-json\/wp\/v2\/product"}],"about":[{"href":"https:\/\/stylingagenten.com\/fi\/wp-json\/wp\/v2\/types\/product"}],"replies":[{"embeddable":true,"href":"https:\/\/stylingagenten.com\/fi\/wp-json\/wp\/v2\/comments?post=136742"}],"version-history":[{"count":0,"href":"https:\/\/stylingagenten.com\/fi\/wp-json\/wp\/v2\/product\/136742\/revisions"}],"wp:featuredmedia":[{"embeddable":true,"href":"https:\/\/stylingagenten.com\/fi\/wp-json\/wp\/v2\/media\/136739"}],"wp:attachment":[{"href":"https:\/\/stylingagenten.com\/fi\/wp-json\/wp\/v2\/media?parent=136742"}],"wp:term":[{"taxonomy":"product_brand","embeddable":true,"href":"https:\/\/stylingagenten.com\/fi\/wp-json\/wp\/v2\/product_brand?post=136742"},{"taxonomy":"product_cat","embeddable":true,"href":"https:\/\/stylingagenten.com\/fi\/wp-json\/wp\/v2\/product_cat?post=136742"},{"taxonomy":"product_tag","embeddable":true,"href":"https:\/\/stylingagenten.com\/fi\/wp-json\/wp\/v2\/product_tag?post=136742"},{"taxonomy":"berocket_brand","embeddable":true,"href":"https:\/\/stylingagenten.com\/fi\/wp-json\/wp\/v2\/berocket_brand?post=136742"}],"curies":[{"name":"wp","href":"https:\/\/api.w.org\/{rel}","templated":true}]}}