{"id":136733,"date":"2025-05-18T22:52:52","date_gmt":"2025-05-18T22:52:52","guid":{"rendered":"https:\/\/staging2.stylingagenten.com\/fi\/produkt\/guess-by-marciano-edp-100ml\/"},"modified":"2026-04-06T09:19:42","modified_gmt":"2026-04-06T09:19:42","slug":"guess-by-marciano-edp-100ml","status":"publish","type":"product","link":"https:\/\/stylingagenten.com\/fi\/tuote\/guess-by-marciano-edp-100ml\/","title":{"rendered":"Guess by Marciano edp 100ml"},"content":{"rendered":"<p>Guess by Marciano on kukkainen, hedelm\u00e4inen ja naisellinen hajuvesi. Herkullisen makea ja kimalteleva tuoksu, joka antaa aistillisen ja eteerisen vaikutelman ainutlaatuisella luonteella ja annoksella mausteisuutta. Tuoksussa yhdistyy l\u00e4mmin kardemumma, virkist\u00e4v\u00e4 greippi ja appelsiinilik\u00f6\u00f6ri Curacao ja kuusama. Vanilja ja myski antavat l\u00e4mpim\u00e4n pohjan.<\/p>\n<p style='font-family: \"Calibri\", sans-serif'>Alkutuoksu: t\u00e4htihedelm\u00e4t, Curacao, greippi, kardemumma.<br \/>Syd\u00e4ntuoksu: pioni, kuusama, jasmiini.<br \/>Pohjatuoksu: vanilja, myski, puu. .<\/p>\n","protected":false},"excerpt":{"rendered":"<p>Guess by Marciano on kukkainen, hedelm\u00e4inen ja naisellinen hajuvesi. Herkullisen makea ja kimalteleva tuoksu, joka antaa aistillisen ja eteerisen vaikutelman ainutlaatuisella luonteella ja annoksella mausteisuutta. Tuoksussa yhdistyy l\u00e4mmin kardemumma, virkist\u00e4v\u00e4 greippi ja appelsiinilik\u00f6\u00f6ri Curacao ja kuusama. Vanilja ja myski antavat l\u00e4mpim\u00e4n pohjan. Alkutuoksu: t\u00e4htihedelm\u00e4t, Curacao, greippi, kardemumma.Syd\u00e4ntuoksu: pioni, kuusama, jasmiini.Pohjatuoksu: vanilja, myski, puu. .<\/p>\n","protected":false},"featured_media":136730,"comment_status":"open","ping_status":"closed","template":"","meta":{"_trash_the_other_posts":false},"product_brand":[],"product_cat":[999,706,735],"product_tag":[],"berocket_brand":[1331],"class_list":{"0":"post-136733","1":"product","2":"type-product","3":"status-publish","4":"has-post-thumbnail","6":"product_cat-kampanjatarjous-naiselle","7":"product_cat-naisten-eau-de-parfum","8":"product_cat-kampanjamme","9":"pa_brand-guess","10":"berocket_brand-guess","12":"first","13":"instock","14":"sale","15":"taxable","16":"shipping-taxable","17":"purchasable","18":"product-type-simple"},"_links":{"self":[{"href":"https:\/\/stylingagenten.com\/fi\/wp-json\/wp\/v2\/product\/136733","targetHints":{"allow":["GET"]}}],"collection":[{"href":"https:\/\/stylingagenten.com\/fi\/wp-json\/wp\/v2\/product"}],"about":[{"href":"https:\/\/stylingagenten.com\/fi\/wp-json\/wp\/v2\/types\/product"}],"replies":[{"embeddable":true,"href":"https:\/\/stylingagenten.com\/fi\/wp-json\/wp\/v2\/comments?post=136733"}],"version-history":[{"count":0,"href":"https:\/\/stylingagenten.com\/fi\/wp-json\/wp\/v2\/product\/136733\/revisions"}],"wp:featuredmedia":[{"embeddable":true,"href":"https:\/\/stylingagenten.com\/fi\/wp-json\/wp\/v2\/media\/136730"}],"wp:attachment":[{"href":"https:\/\/stylingagenten.com\/fi\/wp-json\/wp\/v2\/media?parent=136733"}],"wp:term":[{"taxonomy":"product_brand","embeddable":true,"href":"https:\/\/stylingagenten.com\/fi\/wp-json\/wp\/v2\/product_brand?post=136733"},{"taxonomy":"product_cat","embeddable":true,"href":"https:\/\/stylingagenten.com\/fi\/wp-json\/wp\/v2\/product_cat?post=136733"},{"taxonomy":"product_tag","embeddable":true,"href":"https:\/\/stylingagenten.com\/fi\/wp-json\/wp\/v2\/product_tag?post=136733"},{"taxonomy":"berocket_brand","embeddable":true,"href":"https:\/\/stylingagenten.com\/fi\/wp-json\/wp\/v2\/berocket_brand?post=136733"}],"curies":[{"name":"wp","href":"https:\/\/api.w.org\/{rel}","templated":true}]}}