{"id":136726,"date":"2025-05-18T22:52:46","date_gmt":"2025-05-18T22:52:46","guid":{"rendered":"https:\/\/staging2.stylingagenten.com\/fi\/produkt\/guess-seductive-for-her-edt-75ml\/"},"modified":"2026-03-30T07:31:23","modified_gmt":"2026-03-30T07:31:23","slug":"guess-seductive-for-her-edt-75ml","status":"publish","type":"product","link":"https:\/\/stylingagenten.com\/fi\/tuote\/guess-seductive-for-her-edt-75ml\/","title":{"rendered":"Guess Seductive For Her Edt 75ml"},"content":{"rendered":"<p>Guess Seductive For Her Edt on houkutteleva ja j\u00e4nnitt\u00e4v\u00e4 tuoksu naisille.<\/p>\n<p><strong>&nbsp;Tuoksutuoksu:<\/strong> bergamotti, mustaherukka, p\u00e4\u00e4ryn\u00e4, jasmiini, appelsiinin kukka, iiris , vanilja, olibanum ja kashmirpuu.<\/p>\n","protected":false},"excerpt":{"rendered":"<p>Guess Seductive For Her Edt on houkutteleva ja j\u00e4nnitt\u00e4v\u00e4 tuoksu naisille. &nbsp;Tuoksutuoksu: bergamotti, mustaherukka, p\u00e4\u00e4ryn\u00e4, jasmiini, appelsiinin kukka, iiris , vanilja, olibanum ja kashmirpuu.<\/p>\n","protected":false},"featured_media":136725,"comment_status":"open","ping_status":"closed","template":"","meta":{"_trash_the_other_posts":false},"product_brand":[],"product_cat":[884,999,707,735],"product_tag":[2960],"berocket_brand":[1331],"class_list":{"0":"post-136726","1":"product","2":"type-product","3":"status-publish","4":"has-post-thumbnail","6":"product_cat-guess-seductive-women","7":"product_cat-kampanjatarjous-naiselle","8":"product_cat-naisten-eau-de-toilette","9":"product_cat-kampanjamme","10":"product_tag-guess-seductive-for-her-edt","11":"pa_brand-guess","12":"pa_variantti-75ml","13":"berocket_brand-guess","15":"first","16":"instock","17":"sale","18":"taxable","19":"shipping-taxable","20":"purchasable","21":"product-type-simple"},"_links":{"self":[{"href":"https:\/\/stylingagenten.com\/fi\/wp-json\/wp\/v2\/product\/136726","targetHints":{"allow":["GET"]}}],"collection":[{"href":"https:\/\/stylingagenten.com\/fi\/wp-json\/wp\/v2\/product"}],"about":[{"href":"https:\/\/stylingagenten.com\/fi\/wp-json\/wp\/v2\/types\/product"}],"replies":[{"embeddable":true,"href":"https:\/\/stylingagenten.com\/fi\/wp-json\/wp\/v2\/comments?post=136726"}],"version-history":[{"count":0,"href":"https:\/\/stylingagenten.com\/fi\/wp-json\/wp\/v2\/product\/136726\/revisions"}],"wp:featuredmedia":[{"embeddable":true,"href":"https:\/\/stylingagenten.com\/fi\/wp-json\/wp\/v2\/media\/136725"}],"wp:attachment":[{"href":"https:\/\/stylingagenten.com\/fi\/wp-json\/wp\/v2\/media?parent=136726"}],"wp:term":[{"taxonomy":"product_brand","embeddable":true,"href":"https:\/\/stylingagenten.com\/fi\/wp-json\/wp\/v2\/product_brand?post=136726"},{"taxonomy":"product_cat","embeddable":true,"href":"https:\/\/stylingagenten.com\/fi\/wp-json\/wp\/v2\/product_cat?post=136726"},{"taxonomy":"product_tag","embeddable":true,"href":"https:\/\/stylingagenten.com\/fi\/wp-json\/wp\/v2\/product_tag?post=136726"},{"taxonomy":"berocket_brand","embeddable":true,"href":"https:\/\/stylingagenten.com\/fi\/wp-json\/wp\/v2\/berocket_brand?post=136726"}],"curies":[{"name":"wp","href":"https:\/\/api.w.org\/{rel}","templated":true}]}}