{"id":136722,"date":"2025-05-18T22:52:45","date_gmt":"2025-05-18T22:52:45","guid":{"rendered":"https:\/\/staging2.stylingagenten.com\/fi\/produkt\/dkny-be-tempted-edp-100ml\/"},"modified":"2026-03-26T18:24:42","modified_gmt":"2026-03-26T18:24:42","slug":"dkny-be-tempted-edp-100ml","status":"publish","type":"product","link":"https:\/\/stylingagenten.com\/fi\/tuote\/dkny-be-tempted-edp-100ml\/","title":{"rendered":"DKNY Be Tempted edp 100ml"},"content":{"rendered":"<p style='margin-top:0cm;margin-right:0cm;margin-bottom:8.0pt;margin-left:0cm;font-size:15px;font-family:\"Calibri\",sans-serif'> Anna periksi kiusaukselle DKNY Be Tempted -tuoksulla, provosoivalla, herkullisen koukuttavalla uudella tuoksulla, jossa on mehukkaita hedelmi\u00e4 ja unohtumattomia it\u00e4maisia \u200b\u200bvivahteita. Be Tempted lanseerattiin vuonna 2016.<\/p>\n<p style='margin: 0cm 0cm 8pt;font-family: \"Calibri\", sans-serif'>Alkutuoksu: musta marja, sitruuna, lakritsi, punainen hedelm\u00e4.<br \/>Syd\u00e4ntuoksu: ruusu\u00f6ljy, violetti, appelsiinin kukka.<br \/>Pohjatuoksu: Indonesian patsuli\u00f6ljy , vaniljakerma, it\u00e4mainen mirha.<\/p>\n","protected":false},"excerpt":{"rendered":"<p>Anna periksi kiusaukselle DKNY Be Tempted -tuoksulla, provosoivalla, herkullisen koukuttavalla uudella tuoksulla, jossa on mehukkaita hedelmi\u00e4 ja unohtumattomia it\u00e4maisia \u200b\u200bvivahteita. Be Tempted lanseerattiin vuonna 2016. Alkutuoksu: musta marja, sitruuna, lakritsi, punainen hedelm\u00e4.Syd\u00e4ntuoksu: ruusu\u00f6ljy, violetti, appelsiinin kukka.Pohjatuoksu: Indonesian patsuli\u00f6ljy , vaniljakerma, it\u00e4mainen mirha.<\/p>\n","protected":false},"featured_media":136719,"comment_status":"open","ping_status":"closed","template":"","meta":{"_trash_the_other_posts":false},"product_brand":[],"product_cat":[999,706,735],"product_tag":[],"berocket_brand":[1291],"class_list":{"0":"post-136722","1":"product","2":"type-product","3":"status-publish","4":"has-post-thumbnail","6":"product_cat-kampanjatarjous-naiselle","7":"product_cat-naisten-eau-de-parfum","8":"product_cat-kampanjamme","9":"pa_brand-dkny","10":"berocket_brand-dkny","12":"first","13":"instock","14":"sale","15":"taxable","16":"shipping-taxable","17":"purchasable","18":"product-type-simple"},"_links":{"self":[{"href":"https:\/\/stylingagenten.com\/fi\/wp-json\/wp\/v2\/product\/136722","targetHints":{"allow":["GET"]}}],"collection":[{"href":"https:\/\/stylingagenten.com\/fi\/wp-json\/wp\/v2\/product"}],"about":[{"href":"https:\/\/stylingagenten.com\/fi\/wp-json\/wp\/v2\/types\/product"}],"replies":[{"embeddable":true,"href":"https:\/\/stylingagenten.com\/fi\/wp-json\/wp\/v2\/comments?post=136722"}],"version-history":[{"count":0,"href":"https:\/\/stylingagenten.com\/fi\/wp-json\/wp\/v2\/product\/136722\/revisions"}],"wp:featuredmedia":[{"embeddable":true,"href":"https:\/\/stylingagenten.com\/fi\/wp-json\/wp\/v2\/media\/136719"}],"wp:attachment":[{"href":"https:\/\/stylingagenten.com\/fi\/wp-json\/wp\/v2\/media?parent=136722"}],"wp:term":[{"taxonomy":"product_brand","embeddable":true,"href":"https:\/\/stylingagenten.com\/fi\/wp-json\/wp\/v2\/product_brand?post=136722"},{"taxonomy":"product_cat","embeddable":true,"href":"https:\/\/stylingagenten.com\/fi\/wp-json\/wp\/v2\/product_cat?post=136722"},{"taxonomy":"product_tag","embeddable":true,"href":"https:\/\/stylingagenten.com\/fi\/wp-json\/wp\/v2\/product_tag?post=136722"},{"taxonomy":"berocket_brand","embeddable":true,"href":"https:\/\/stylingagenten.com\/fi\/wp-json\/wp\/v2\/berocket_brand?post=136722"}],"curies":[{"name":"wp","href":"https:\/\/api.w.org\/{rel}","templated":true}]}}