{"id":136717,"date":"2025-05-18T22:52:43","date_gmt":"2025-05-18T22:52:43","guid":{"rendered":"https:\/\/staging2.stylingagenten.com\/fi\/produkt\/guess-seductive-for-her-edt-30ml\/"},"modified":"2025-11-19T11:11:05","modified_gmt":"2025-11-19T11:11:05","slug":"guess-seductive-for-her-edt-30ml","status":"publish","type":"product","link":"https:\/\/stylingagenten.com\/fi\/tuote\/guess-seductive-for-her-edt-30ml\/","title":{"rendered":"Guess Seductive For Her Edt 30ml"},"content":{"rendered":"<p>Guess Seductive For Her Edt on houkutteleva ja j\u00e4nnitt\u00e4v\u00e4 tuoksu naisille.<\/p>\n<p><strong>&nbsp;Tuoksutuoksu:<\/strong> bergamotti, mustaherukka, p\u00e4\u00e4ryn\u00e4, jasmiini, appelsiinin kukka, iiris , vanilja, olibanum ja kashmirpuu.<\/p>\n","protected":false},"excerpt":{"rendered":"<p>Guess Seductive For Her Edt on houkutteleva ja j\u00e4nnitt\u00e4v\u00e4 tuoksu naisille. &nbsp;Tuoksutuoksu: bergamotti, mustaherukka, p\u00e4\u00e4ryn\u00e4, jasmiini, appelsiinin kukka, iiris , vanilja, olibanum ja kashmirpuu.<\/p>\n","protected":false},"featured_media":136716,"comment_status":"open","ping_status":"closed","template":"","meta":{"_trash_the_other_posts":false},"product_brand":[],"product_cat":[884,707],"product_tag":[2960],"berocket_brand":[1331],"class_list":{"0":"post-136717","1":"product","2":"type-product","3":"status-publish","4":"has-post-thumbnail","6":"product_cat-guess-seductive-women","7":"product_cat-naisten-eau-de-toilette","8":"product_tag-guess-seductive-for-her-edt","9":"pa_brand-guess","10":"pa_variantti-30ml","11":"berocket_brand-guess","13":"first","14":"outofstock","15":"sale","16":"taxable","17":"shipping-taxable","18":"purchasable","19":"product-type-simple"},"_links":{"self":[{"href":"https:\/\/stylingagenten.com\/fi\/wp-json\/wp\/v2\/product\/136717","targetHints":{"allow":["GET"]}}],"collection":[{"href":"https:\/\/stylingagenten.com\/fi\/wp-json\/wp\/v2\/product"}],"about":[{"href":"https:\/\/stylingagenten.com\/fi\/wp-json\/wp\/v2\/types\/product"}],"replies":[{"embeddable":true,"href":"https:\/\/stylingagenten.com\/fi\/wp-json\/wp\/v2\/comments?post=136717"}],"version-history":[{"count":0,"href":"https:\/\/stylingagenten.com\/fi\/wp-json\/wp\/v2\/product\/136717\/revisions"}],"wp:featuredmedia":[{"embeddable":true,"href":"https:\/\/stylingagenten.com\/fi\/wp-json\/wp\/v2\/media\/136716"}],"wp:attachment":[{"href":"https:\/\/stylingagenten.com\/fi\/wp-json\/wp\/v2\/media?parent=136717"}],"wp:term":[{"taxonomy":"product_brand","embeddable":true,"href":"https:\/\/stylingagenten.com\/fi\/wp-json\/wp\/v2\/product_brand?post=136717"},{"taxonomy":"product_cat","embeddable":true,"href":"https:\/\/stylingagenten.com\/fi\/wp-json\/wp\/v2\/product_cat?post=136717"},{"taxonomy":"product_tag","embeddable":true,"href":"https:\/\/stylingagenten.com\/fi\/wp-json\/wp\/v2\/product_tag?post=136717"},{"taxonomy":"berocket_brand","embeddable":true,"href":"https:\/\/stylingagenten.com\/fi\/wp-json\/wp\/v2\/berocket_brand?post=136717"}],"curies":[{"name":"wp","href":"https:\/\/api.w.org\/{rel}","templated":true}]}}