{"id":136703,"date":"2025-05-18T22:52:38","date_gmt":"2025-05-18T22:52:38","guid":{"rendered":"https:\/\/staging2.stylingagenten.com\/fi\/produkt\/elizabeth-arden-green-tea-lotus-edt-100ml\/"},"modified":"2026-04-06T14:28:33","modified_gmt":"2026-04-06T14:28:33","slug":"elizabeth-arden-green-tea-lotus-edt-100ml","status":"publish","type":"product","link":"https:\/\/stylingagenten.com\/fi\/tuote\/elizabeth-arden-green-tea-lotus-edt-100ml\/","title":{"rendered":"Elizabeth Arden Green Tea Lotus edt 100ml"},"content":{"rendered":"<p style='margin-top:0cm;margin-right:0cm;margin-bottom:8.0pt;margin-left:0cm;font-size:15px;font-family:\"Calibri\",sans-serif'> Elisabeth Arden Green Tea Lotus on hieman eksoottinen tunnelma ja inspiraatio Japanista, vihre\u00e4, kukkainen ja hedelm\u00e4inen tuoksuinen tuoksu naiselle, joka huokuu rauhaa ja viileytt\u00e4. Makea luumu, eksoottinen Yuzu ja aasialainen lilja t\u00e4ytt\u00e4v\u00e4t hajuveden tuoksulla, jota et l\u00f6yd\u00e4 mist\u00e4\u00e4n muualta. Tuoksu, joka rauhoittaa aisteja, joka j\u00e4tt\u00e4\u00e4 sinut rentoutuneeksi ja virkistyneeksi.<\/p>\n<p style='margin: 0cm 0cm 8pt;font-family: \"Calibri\", sans-serif'>Alkutuoksu: Luumu, Kirsikankukka, Yuzu.<br \/>Syd\u00e4ntuoksu: Vihre\u00e4 tee, Osmanthus, Lotus, Lily.<br \/>Pohjatuoksu: Myski, Bj&ouml;rk .<\/p>\n","protected":false},"excerpt":{"rendered":"<p>Elisabeth Arden Green Tea Lotus on hieman eksoottinen tunnelma ja inspiraatio Japanista, vihre\u00e4, kukkainen ja hedelm\u00e4inen tuoksuinen tuoksu naiselle, joka huokuu rauhaa ja viileytt\u00e4. Makea luumu, eksoottinen Yuzu ja aasialainen lilja t\u00e4ytt\u00e4v\u00e4t hajuveden tuoksulla, jota et l\u00f6yd\u00e4 mist\u00e4\u00e4n muualta. Tuoksu, joka rauhoittaa aisteja, joka j\u00e4tt\u00e4\u00e4 sinut rentoutuneeksi ja virkistyneeksi. Alkutuoksu: Luumu, Kirsikankukka, Yuzu.Syd\u00e4ntuoksu: Vihre\u00e4 tee, [&hellip;]<\/p>\n","protected":false},"featured_media":136700,"comment_status":"open","ping_status":"closed","template":"","meta":{"_trash_the_other_posts":false},"product_brand":[],"product_cat":[759,1006,999,1003,707,735],"product_tag":[],"berocket_brand":[1303],"class_list":{"0":"post-136703","1":"product","2":"type-product","3":"status-publish","4":"has-post-thumbnail","6":"product_cat-elizabeth-arden-green-tea","7":"product_cat-kampanjahinta","8":"product_cat-kampanjatarjous-naiselle","9":"product_cat-myydyimmat","10":"product_cat-naisten-eau-de-toilette","11":"product_cat-kampanjamme","12":"pa_brand-elizabeth-arden","13":"berocket_brand-elizabeth-arden","15":"first","16":"instock","17":"sale","18":"taxable","19":"shipping-taxable","20":"purchasable","21":"product-type-simple"},"_links":{"self":[{"href":"https:\/\/stylingagenten.com\/fi\/wp-json\/wp\/v2\/product\/136703","targetHints":{"allow":["GET"]}}],"collection":[{"href":"https:\/\/stylingagenten.com\/fi\/wp-json\/wp\/v2\/product"}],"about":[{"href":"https:\/\/stylingagenten.com\/fi\/wp-json\/wp\/v2\/types\/product"}],"replies":[{"embeddable":true,"href":"https:\/\/stylingagenten.com\/fi\/wp-json\/wp\/v2\/comments?post=136703"}],"version-history":[{"count":0,"href":"https:\/\/stylingagenten.com\/fi\/wp-json\/wp\/v2\/product\/136703\/revisions"}],"wp:featuredmedia":[{"embeddable":true,"href":"https:\/\/stylingagenten.com\/fi\/wp-json\/wp\/v2\/media\/136700"}],"wp:attachment":[{"href":"https:\/\/stylingagenten.com\/fi\/wp-json\/wp\/v2\/media?parent=136703"}],"wp:term":[{"taxonomy":"product_brand","embeddable":true,"href":"https:\/\/stylingagenten.com\/fi\/wp-json\/wp\/v2\/product_brand?post=136703"},{"taxonomy":"product_cat","embeddable":true,"href":"https:\/\/stylingagenten.com\/fi\/wp-json\/wp\/v2\/product_cat?post=136703"},{"taxonomy":"product_tag","embeddable":true,"href":"https:\/\/stylingagenten.com\/fi\/wp-json\/wp\/v2\/product_tag?post=136703"},{"taxonomy":"berocket_brand","embeddable":true,"href":"https:\/\/stylingagenten.com\/fi\/wp-json\/wp\/v2\/berocket_brand?post=136703"}],"curies":[{"name":"wp","href":"https:\/\/api.w.org\/{rel}","templated":true}]}}