{"id":136699,"date":"2025-05-18T22:52:35","date_gmt":"2025-05-18T22:52:35","guid":{"rendered":"https:\/\/staging2.stylingagenten.com\/fi\/produkt\/giorgio-beverly-hills-giorgio-red-edt-90ml\/"},"modified":"2026-04-06T21:48:40","modified_gmt":"2026-04-06T21:48:40","slug":"giorgio-beverly-hills-giorgio-red-edt-90ml","status":"publish","type":"product","link":"https:\/\/stylingagenten.com\/fi\/tuote\/giorgio-beverly-hills-giorgio-red-edt-90ml\/","title":{"rendered":"Giorgio Beverly Hills Giorgio Red edt 90ml"},"content":{"rendered":"<p style='margin-top:0cm;margin-right:0cm;margin-bottom:8.0pt;margin-left:0cm;font-size:15px;font-family:\"Calibri\",sans-serif'> Giorgio Red Women on klassinen ja naisellinen tuoksu, joka lanseerattiin vuonna 1989 ja on edelleen tuhansien naisten suosikki, yht\u00e4 ajankohtainen nyt kuin silloin. Se on kausiluonteinen hajuvesi, jossa on intensiivinen tuoksuyhdistelm\u00e4 mehukkaita hedelmi\u00e4, juuri poimittuja kukkia sek\u00e4 puisia ja puisia perustuoksuja.<\/p>\n<p style='margin: 0cm 0cm 8pt'>Alkutuoksu: persikka, bergamotti, mustaherukka, aldehydit, osmanthus, mustaherukka, appelsiinin kukka, ylang ylang, hyasintti.<br \/>Syd\u00e4ntuoksu: Jasmiini, kielo, Iris, ruusu, litsi, gardenia, rosmariini, neilikka, tuberoosi.<br \/>Pohjatuoksu: Patsuli, vanilja, tonkapapu, santelipuu, sammal, meripihka, vetiveriapuu, setripuu, mirha, olibanum.<\/p>\n","protected":false},"excerpt":{"rendered":"<p>Giorgio Red Women on klassinen ja naisellinen tuoksu, joka lanseerattiin vuonna 1989 ja on edelleen tuhansien naisten suosikki, yht\u00e4 ajankohtainen nyt kuin silloin. Se on kausiluonteinen hajuvesi, jossa on intensiivinen tuoksuyhdistelm\u00e4 mehukkaita hedelmi\u00e4, juuri poimittuja kukkia sek\u00e4 puisia ja puisia perustuoksuja. Alkutuoksu: persikka, bergamotti, mustaherukka, aldehydit, osmanthus, mustaherukka, appelsiinin kukka, ylang ylang, hyasintti.Syd\u00e4ntuoksu: Jasmiini, kielo, [&hellip;]<\/p>\n","protected":false},"featured_media":136698,"comment_status":"open","ping_status":"closed","template":"","meta":{"_trash_the_other_posts":false},"product_brand":[],"product_cat":[851,1006,999,707,735],"product_tag":[],"berocket_brand":[1325],"class_list":{"0":"post-136699","1":"product","2":"type-product","3":"status-publish","4":"has-post-thumbnail","6":"product_cat-giorgio-beverly-hills-giorgio","7":"product_cat-kampanjahinta","8":"product_cat-kampanjatarjous-naiselle","9":"product_cat-naisten-eau-de-toilette","10":"product_cat-kampanjamme","11":"pa_brand-giorgio-beverly-hills","12":"berocket_brand-giorgio-beverly-hills","14":"first","15":"instock","16":"sale","17":"taxable","18":"shipping-taxable","19":"purchasable","20":"product-type-simple"},"_links":{"self":[{"href":"https:\/\/stylingagenten.com\/fi\/wp-json\/wp\/v2\/product\/136699","targetHints":{"allow":["GET"]}}],"collection":[{"href":"https:\/\/stylingagenten.com\/fi\/wp-json\/wp\/v2\/product"}],"about":[{"href":"https:\/\/stylingagenten.com\/fi\/wp-json\/wp\/v2\/types\/product"}],"replies":[{"embeddable":true,"href":"https:\/\/stylingagenten.com\/fi\/wp-json\/wp\/v2\/comments?post=136699"}],"version-history":[{"count":0,"href":"https:\/\/stylingagenten.com\/fi\/wp-json\/wp\/v2\/product\/136699\/revisions"}],"wp:featuredmedia":[{"embeddable":true,"href":"https:\/\/stylingagenten.com\/fi\/wp-json\/wp\/v2\/media\/136698"}],"wp:attachment":[{"href":"https:\/\/stylingagenten.com\/fi\/wp-json\/wp\/v2\/media?parent=136699"}],"wp:term":[{"taxonomy":"product_brand","embeddable":true,"href":"https:\/\/stylingagenten.com\/fi\/wp-json\/wp\/v2\/product_brand?post=136699"},{"taxonomy":"product_cat","embeddable":true,"href":"https:\/\/stylingagenten.com\/fi\/wp-json\/wp\/v2\/product_cat?post=136699"},{"taxonomy":"product_tag","embeddable":true,"href":"https:\/\/stylingagenten.com\/fi\/wp-json\/wp\/v2\/product_tag?post=136699"},{"taxonomy":"berocket_brand","embeddable":true,"href":"https:\/\/stylingagenten.com\/fi\/wp-json\/wp\/v2\/berocket_brand?post=136699"}],"curies":[{"name":"wp","href":"https:\/\/api.w.org\/{rel}","templated":true}]}}